{"id":34672,"date":"2025-02-20T23:34:26","date_gmt":"2025-02-20T22:34:26","guid":{"rendered":"http:\/\/olemosaic.com\/producto\/salvamanteles-de-ceramica-mosaico-3\/"},"modified":"2025-07-25T20:01:19","modified_gmt":"2025-07-25T18:01:19","slug":"descanso-de-pratos-em-ceramica-borda-entrancada-mosaico","status":"publish","type":"product","link":"https:\/\/olemosaic.com\/pt-pt\/produto\/descanso-de-pratos-em-ceramica-borda-entrancada-mosaico\/","title":{"rendered":"Descanso de pratos em cer\u00e2mica. Borda entran\u00e7ada. Mosaico."},"content":{"rendered":"<p>Este descanso de pratos em cer\u00e2mica apresenta um belo design de mosaico que presta homenagem \u00e0 rica tradi\u00e7\u00e3o de azulejaria espanhola. Com um di\u00e2metro generoso, a sua superf\u00edcie est\u00e1 adornada com uma vibrante combina\u00e7\u00e3o de cores que inclui azuis intensos, vermelho vibrante e delicados tons de cinzento, criando um efeito visual cativante que enriquecer\u00e1 qualquer mesa. A disposi\u00e7\u00e3o dos padr\u00f5es geom\u00e9tricos inspira-se nos azulejos cl\u00e1ssicos que embelezam in\u00fameros recantos de Espanha, refletindo a diversidade e a criatividade da arte cer\u00e2mica do pa\u00eds.<\/p>\n<p>A borda entran\u00e7ada em vermelho n\u00e3o s\u00f3 confere um toque artesanal e distintivo, como tamb\u00e9m assegura uma prote\u00e7\u00e3o eficaz para as superf\u00edcies, tornando-o um acess\u00f3rio funcional e decorativo. Este descanso de pratos n\u00e3o \u00e9 apenas pr\u00e1tico para a cozinha ou para a mesa de jantar, mas tamb\u00e9m atua como uma recorda\u00e7\u00e3o encantadora da cultura espanhola, ideal para quem procura uma lembran\u00e7a \u00fanica da sua visita.<\/p>\n<p>Na Ol\u00e9 Mosaic, somos especialistas na distribui\u00e7\u00e3o de recorda\u00e7\u00f5es de cer\u00e2mica por grosso, e este descanso de pratos representa uma excelente op\u00e7\u00e3o para lojas de presentes tur\u00edsticos que desejem oferecer produtos aut\u00eanticos e de qualidade. A sua relev\u00e2ncia cultural e o seu apelo visual tornam-no a escolha perfeita para os turistas que desejam levar um peda\u00e7o da ess\u00eancia espanhola para casa.<\/p>\n","protected":false},"excerpt":{"rendered":"<p>Descanso de pratos em cer\u00e2mica com um belo design de mosaico inspirado na tradi\u00e7\u00e3o de azulejaria espanhola. Este artigo de cozinha apresenta uma vibrante combina\u00e7\u00e3o de cores, com azuis, vermelhos e cinzentos, e \u00e9 rematado com uma borda entran\u00e7ada em vermelho que lhe confere um toque artesanal. Perfeito para proteger as suas superf\u00edcies e, ao mesmo tempo, adicionar um elemento decorativo \u00e0 sua mesa, este descanso de pratos \u00e9 uma recorda\u00e7\u00e3o encantadora da cultura espanhola.<\/p>\n","protected":false},"featured_media":7902,"template":"","meta":{"_acf_changed":false},"product_brand":[],"product_cat":[830],"product_tag":[515],"class_list":{"0":"post-34672","1":"product","2":"type-product","3":"status-publish","4":"has-post-thumbnail","6":"product_cat-bases-para-pratos","7":"product_tag-ceramica","8":"pa_motivo-mosaico","10":"first","11":"instock","12":"shipping-taxable","13":"product-type-simple"},"acf":[],"_links":{"self":[{"href":"https:\/\/olemosaic.com\/pt-pt\/wp-json\/wp\/v2\/product\/34672","targetHints":{"allow":["GET"]}}],"collection":[{"href":"https:\/\/olemosaic.com\/pt-pt\/wp-json\/wp\/v2\/product"}],"about":[{"href":"https:\/\/olemosaic.com\/pt-pt\/wp-json\/wp\/v2\/types\/product"}],"wp:featuredmedia":[{"embeddable":true,"href":"https:\/\/olemosaic.com\/pt-pt\/wp-json\/wp\/v2\/media\/7902"}],"wp:attachment":[{"href":"https:\/\/olemosaic.com\/pt-pt\/wp-json\/wp\/v2\/media?parent=34672"}],"wp:term":[{"taxonomy":"product_brand","embeddable":true,"href":"https:\/\/olemosaic.com\/pt-pt\/wp-json\/wp\/v2\/product_brand?post=34672"},{"taxonomy":"product_cat","embeddable":true,"href":"https:\/\/olemosaic.com\/pt-pt\/wp-json\/wp\/v2\/product_cat?post=34672"},{"taxonomy":"product_tag","embeddable":true,"href":"https:\/\/olemosaic.com\/pt-pt\/wp-json\/wp\/v2\/product_tag?post=34672"}],"curies":[{"name":"wp","href":"https:\/\/api.w.org\/{rel}","templated":true}]}}