{"id":34670,"date":"2025-02-20T23:34:25","date_gmt":"2025-02-20T22:34:25","guid":{"rendered":"http:\/\/olemosaic.com\/producto\/salvamanteles-de-ceramica-mosaico-2\/"},"modified":"2025-07-25T18:49:21","modified_gmt":"2025-07-25T16:49:21","slug":"descanso-de-pratos-em-ceramica-mosaico-borda-entrancada","status":"publish","type":"product","link":"https:\/\/olemosaic.com\/pt-pt\/produto\/descanso-de-pratos-em-ceramica-mosaico-borda-entrancada\/","title":{"rendered":"Descanso de pratos em cer\u00e2mica. Mosaico. Borda entran\u00e7ada."},"content":{"rendered":"<p>Este descanso de pratos em cer\u00e2mica encarna a vibrante tradi\u00e7\u00e3o artesanal espanhola, tornando-se um objeto funcional e decorativo para qualquer mesa. O seu design, inspirado nos mosaicos, apresenta uma variada cole\u00e7\u00e3o de padr\u00f5es que brincam com uma gama de tons cativantes, como o vermelho, o azul e o amarelo, todos eles dispostos harmoniosamente para criar um efeito visual impactante. A borda entran\u00e7ada que rodeia o descanso de pratos real\u00e7a ainda mais a pe\u00e7a, conferindo um toque de eleg\u00e2ncia e refor\u00e7ando a sua durabilidade.<\/p>\n<p>Ideal para proteger a superf\u00edcie da mesa enquanto desfruta das suas refei\u00e7\u00f5es, este descanso de pratos n\u00e3o \u00e9 apenas pr\u00e1tico, mas tamb\u00e9m celebra a arte do mosaico, uma t\u00e9cnica profundamente enraizada na cultura espanhola, especialmente em regi\u00f5es como a Andaluzia. A meticulosidade do seu acabamento real\u00e7a o compromisso com o artesanato e a autenticidade, tornando-o uma recorda\u00e7\u00e3o perfeita para qualquer turista que deseje levar consigo um peda\u00e7o de Espanha.<\/p>\n<p>Na Ol\u00e9 Mosaic, especializamo-nos na distribui\u00e7\u00e3o por grosso de recorda\u00e7\u00f5es aut\u00eanticas e de qualidade, como este descanso de pratos em cer\u00e2mica. \u00c9 uma excelente op\u00e7\u00e3o para lojas de presentes tur\u00edsticos que procuram destacar a heran\u00e7a cultural espanhola atrav\u00e9s de produtos \u00fanicos e belamente elaborados. Este descanso de pratos de mosaico apresenta-se como uma aut\u00eantica joia, ideal para quem procura recorda\u00e7\u00f5es que, al\u00e9m de embelezar, contem uma hist\u00f3ria.<\/p>\n","protected":false},"excerpt":{"rendered":"<p>Descanso de pratos em cer\u00e2mica decorado com um atraente design de mosaico, inspirado na rica tradi\u00e7\u00e3o artesanal espanhola. Este elegante descanso de pratos apresenta uma variada cole\u00e7\u00e3o de padr\u00f5es em tons vibrantes como vermelho, azul e amarelo, emoldurados por uma borda entran\u00e7ada que lhe confere um toque distinto. Ideal para proteger a mesa enquanto desfruta de uma refei\u00e7\u00e3o, combina funcionalidade e est\u00e9tica num \u00fanico produto.<\/p>\n","protected":false},"featured_media":7901,"template":"","meta":{"_acf_changed":false},"product_brand":[],"product_cat":[830],"product_tag":[515],"class_list":{"0":"post-34670","1":"product","2":"type-product","3":"status-publish","4":"has-post-thumbnail","6":"product_cat-bases-para-pratos","7":"product_tag-ceramica","8":"pa_motivo-mosaico","10":"first","11":"instock","12":"shipping-taxable","13":"product-type-simple"},"acf":[],"_links":{"self":[{"href":"https:\/\/olemosaic.com\/pt-pt\/wp-json\/wp\/v2\/product\/34670","targetHints":{"allow":["GET"]}}],"collection":[{"href":"https:\/\/olemosaic.com\/pt-pt\/wp-json\/wp\/v2\/product"}],"about":[{"href":"https:\/\/olemosaic.com\/pt-pt\/wp-json\/wp\/v2\/types\/product"}],"wp:featuredmedia":[{"embeddable":true,"href":"https:\/\/olemosaic.com\/pt-pt\/wp-json\/wp\/v2\/media\/7901"}],"wp:attachment":[{"href":"https:\/\/olemosaic.com\/pt-pt\/wp-json\/wp\/v2\/media?parent=34670"}],"wp:term":[{"taxonomy":"product_brand","embeddable":true,"href":"https:\/\/olemosaic.com\/pt-pt\/wp-json\/wp\/v2\/product_brand?post=34670"},{"taxonomy":"product_cat","embeddable":true,"href":"https:\/\/olemosaic.com\/pt-pt\/wp-json\/wp\/v2\/product_cat?post=34670"},{"taxonomy":"product_tag","embeddable":true,"href":"https:\/\/olemosaic.com\/pt-pt\/wp-json\/wp\/v2\/product_tag?post=34670"}],"curies":[{"name":"wp","href":"https:\/\/api.w.org\/{rel}","templated":true}]}}