{"id":34669,"date":"2025-02-20T23:34:25","date_gmt":"2025-02-20T22:34:25","guid":{"rendered":"http:\/\/olemosaic.com\/producto\/salvamanteles-de-ceramica-salamandra-y-flores-lanzarote\/"},"modified":"2025-07-25T19:54:04","modified_gmt":"2025-07-25T17:54:04","slug":"descanso-de-pratos-em-ceramica-salamandra-e-flores-lanzarote","status":"publish","type":"product","link":"https:\/\/olemosaic.com\/pt-pt\/produto\/descanso-de-pratos-em-ceramica-salamandra-e-flores-lanzarote\/","title":{"rendered":"Descanso de pratos em cer\u00e2mica. Salamandra e flores. Lanzarote."},"content":{"rendered":"<p>Este descanso de pratos em cer\u00e2mica, inspirado na vibrante flora e fauna de Lanzarote, \u00e9 uma pe\u00e7a \u00fanica que funde arte e funcionalidade. Com um design impressionante que apresenta salamandras rodeadas por um mosaico de flores em tons de vermelho, amarelo, azul e preto, este artigo n\u00e3o s\u00f3 protege as suas superf\u00edcies, como tamb\u00e9m real\u00e7a a apresenta\u00e7\u00e3o dos seus pratos. Cada figura de salamandra \u00e9 meticulosamente pintada \u00e0 m\u00e3o (efeito), o que garante que cada descanso de pratos seja uma obra de arte exclusiva, reflexo da rica biodiversidade da ilha.<\/p>\n<p>A colorida inscri\u00e7\u00e3o \u201cLanzarote\u201d numa das zonas acrescenta um toque distintivo que real\u00e7a a sua origem. O design, que evoca as paisagens e a cultura can\u00e1ria, converte este descanso de pratos numa recorda\u00e7\u00e3o aut\u00eantica e representativa de Lanzarote, ideal para quem procura levar um peda\u00e7o das Can\u00e1rias para o seu lar.<\/p>\n<p>Na Ol\u00e9 Mosaic, a nossa especialidade s\u00e3o as recorda\u00e7\u00f5es de cer\u00e2mica e artigos t\u00edpicos da cultura espanhola. Este descanso de pratos \u00e9 uma excelente op\u00e7\u00e3o para lojas de presentes tur\u00edsticos que desejem oferecer produtos que n\u00e3o s\u00f3 sejam funcionais, mas que tamb\u00e9m contem uma hist\u00f3ria cultural. Como grossistas de recorda\u00e7\u00f5es, garantimos a qualidade e autenticidade em cada um dos nossos produtos, o que faz deste descanso de pratos uma escolha ideal para qualquer turista.<\/p>\n","protected":false},"excerpt":{"rendered":"<p>Descanso de pratos em cer\u00e2mica inspirado na vibrante flora e fauna de Lanzarote. Este colorido artigo apresenta um design de salamandras sobre um fundo de mosaico com flores em tons de vermelho, amarelo, azul e preto. Cada figura aparenta ser pintada \u00e0 m\u00e3o, o que real\u00e7a a riqueza cultural da ilha. A inscri\u00e7\u00e3o \u00abLanzarote\u00bb acrescenta um toque distintivo. Perfeito para real\u00e7ar a apresenta\u00e7\u00e3o dos seus pratos e levar um pedacinho das Can\u00e1rias para a sua mesa.<\/p>\n","protected":false},"featured_media":5896,"template":"","meta":{"_acf_changed":false},"product_brand":[],"product_cat":[830],"product_tag":[516,515],"class_list":{"0":"post-34669","1":"product","2":"type-product","3":"status-publish","4":"has-post-thumbnail","6":"product_cat-bases-para-pratos","7":"product_tag-animais","8":"product_tag-ceramica","9":"pa_ciudad-lanzarote","10":"pa_motivo-salamandras","11":"pa_pais-espana","13":"first","14":"instock","15":"shipping-taxable","16":"product-type-simple"},"acf":[],"_links":{"self":[{"href":"https:\/\/olemosaic.com\/pt-pt\/wp-json\/wp\/v2\/product\/34669","targetHints":{"allow":["GET"]}}],"collection":[{"href":"https:\/\/olemosaic.com\/pt-pt\/wp-json\/wp\/v2\/product"}],"about":[{"href":"https:\/\/olemosaic.com\/pt-pt\/wp-json\/wp\/v2\/types\/product"}],"wp:featuredmedia":[{"embeddable":true,"href":"https:\/\/olemosaic.com\/pt-pt\/wp-json\/wp\/v2\/media\/5896"}],"wp:attachment":[{"href":"https:\/\/olemosaic.com\/pt-pt\/wp-json\/wp\/v2\/media?parent=34669"}],"wp:term":[{"taxonomy":"product_brand","embeddable":true,"href":"https:\/\/olemosaic.com\/pt-pt\/wp-json\/wp\/v2\/product_brand?post=34669"},{"taxonomy":"product_cat","embeddable":true,"href":"https:\/\/olemosaic.com\/pt-pt\/wp-json\/wp\/v2\/product_cat?post=34669"},{"taxonomy":"product_tag","embeddable":true,"href":"https:\/\/olemosaic.com\/pt-pt\/wp-json\/wp\/v2\/product_tag?post=34669"}],"curies":[{"name":"wp","href":"https:\/\/api.w.org\/{rel}","templated":true}]}}