{"id":34648,"date":"2025-02-20T22:34:24","date_gmt":"2025-02-20T22:34:24","guid":{"rendered":"http:\/\/olemosaic.com\/producto\/salvamanteles-de-ceramica-bailaora\/"},"modified":"2025-07-25T19:22:06","modified_gmt":"2025-07-25T17:22:06","slug":"base-de-ceramica-bailarina-de-flamenco","status":"publish","type":"product","link":"https:\/\/olemosaic.com\/pt-pt\/produto\/base-de-ceramica-bailarina-de-flamenco\/","title":{"rendered":"Base de cer\u00e2mica. Bailarina de flamenco."},"content":{"rendered":"<p>Esta base de cer\u00e2mica ilustrada \u00e9 uma homenagem vibrante \u00e0 rica cultura andaluza, ideal para quem procura um toque aut\u00eantico na sua mesa. A pe\u00e7a apresenta uma imagem central impactante de uma bailarina de flamenco, trajada com um elaborado vestido de mosaicos coloridos que captura a ess\u00eancia da arte flamenca. Rodeada de flores vermelhas, cada detalhe \u00e9 cuidadosamente pintado, refletindo o fervor e a paix\u00e3o desta dan\u00e7a tradicional. O design estilizado, ao estilo trencad\u00eds, com as suas diferentes formas e cores, acrescenta profundidade e dinamismo \u00e0 pe\u00e7a, evocando as ruas vibrantes de Sevilha.<\/p>\n<p>A base \u00e9 emoldurada por um elegante acabamento em corda que n\u00e3o s\u00f3 embeleza a apresenta\u00e7\u00e3o, como tamb\u00e9m proporciona funcionalidade ao proteger a superf\u00edcie da mesa. Este requintado objeto decorativo n\u00e3o \u00e9 apenas um utens\u00edlio pr\u00e1tico, mas tamb\u00e9m uma recorda\u00e7\u00e3o cultural que celebra o patrim\u00f3nio da Andaluzia. Na Ol\u00e9 Mosaic, especializamo-nos na distribui\u00e7\u00e3o de artigos \u00fanicos como esta base, que representa o melhor dos souvenirs da regi\u00e3o. Ideal para lojas de presentes tur\u00edsticos que procuram oferecer produtos aut\u00eanticos e belamente desenhados, esta base de cer\u00e2mica flamenca \u00e9 uma excelente escolha para quem deseja levar um peda\u00e7o de Espanha para casa.<\/p>\n","protected":false},"excerpt":{"rendered":"<p>Base de cer\u00e2mica ilustrada com uma vibrante bailarina de flamenco, que representa a rica cultura andaluza. Este produto apresenta um design colorido no qual a bailarina se destaca com um vestido elaborado \u00e0 base de mosaicos coloridos, rodeada de flores vermelhas e elementos decorativos ao estilo trencad\u00eds. A base de cer\u00e2mica \u00e9 rematada com um acabamento em corda que lhe confere um toque elegante e funcional, ideal para embelezar qualquer mesa.<\/p>\n","protected":false},"featured_media":8655,"template":"","meta":{"_acf_changed":false},"product_brand":[],"product_cat":[830],"product_tag":[515],"class_list":{"0":"post-34648","1":"product","2":"type-product","3":"status-publish","4":"has-post-thumbnail","6":"product_cat-bases-para-pratos","7":"product_tag-ceramica","8":"pa_motivo-dancarinos","10":"first","11":"instock","12":"shipping-taxable","13":"product-type-simple"},"acf":[],"_links":{"self":[{"href":"https:\/\/olemosaic.com\/pt-pt\/wp-json\/wp\/v2\/product\/34648","targetHints":{"allow":["GET"]}}],"collection":[{"href":"https:\/\/olemosaic.com\/pt-pt\/wp-json\/wp\/v2\/product"}],"about":[{"href":"https:\/\/olemosaic.com\/pt-pt\/wp-json\/wp\/v2\/types\/product"}],"wp:featuredmedia":[{"embeddable":true,"href":"https:\/\/olemosaic.com\/pt-pt\/wp-json\/wp\/v2\/media\/8655"}],"wp:attachment":[{"href":"https:\/\/olemosaic.com\/pt-pt\/wp-json\/wp\/v2\/media?parent=34648"}],"wp:term":[{"taxonomy":"product_brand","embeddable":true,"href":"https:\/\/olemosaic.com\/pt-pt\/wp-json\/wp\/v2\/product_brand?post=34648"},{"taxonomy":"product_cat","embeddable":true,"href":"https:\/\/olemosaic.com\/pt-pt\/wp-json\/wp\/v2\/product_cat?post=34648"},{"taxonomy":"product_tag","embeddable":true,"href":"https:\/\/olemosaic.com\/pt-pt\/wp-json\/wp\/v2\/product_tag?post=34648"}],"curies":[{"name":"wp","href":"https:\/\/api.w.org\/{rel}","templated":true}]}}