{"id":34644,"date":"2025-02-20T23:34:23","date_gmt":"2025-02-20T22:34:23","guid":{"rendered":"http:\/\/olemosaic.com\/producto\/salvamanteles-de-ceramica-mariposa-mallorca\/"},"modified":"2025-07-25T18:41:05","modified_gmt":"2025-07-25T16:41:05","slug":"base-de-ceramica-borboleta-maiorca","status":"publish","type":"product","link":"https:\/\/olemosaic.com\/pt-pt\/produto\/base-de-ceramica-borboleta-maiorca\/","title":{"rendered":"Base de cer\u00e2mica. Borboleta. Maiorca."},"content":{"rendered":"<p>Esta base de cer\u00e2mica \u00e9 uma obra de arte funcional que real\u00e7a qualquer mesa com a beleza da natureza de Maiorca. Cada pe\u00e7a \u00e9 finamente decorada com borboletas e flores vibrantes, capturando a ess\u00eancia colorida de Maiorca. O design de mosaico pintado \u00e0 m\u00e3o apresenta borboletas em tons exuberantes de vermelho, azul e amarelo, que se destacam sobre um fundo em tons cinzentos suaves, evocando o calor e a vitalidade do ambiente mediterr\u00e2nico. Os detalhes intrincados do mosaico conferem um ar de sofistica\u00e7\u00e3o e originalidade, tornando esta base uma declara\u00e7\u00e3o de estilo.<\/p>\n<p>A borda entran\u00e7ada em vermelho n\u00e3o s\u00f3 acrescenta um toque artesanal, como tamb\u00e9m proporciona funcionalidade, garantindo a prote\u00e7\u00e3o das superf\u00edcies e, ao mesmo tempo, apresentando um elegante detalhe art\u00edstico. Esta base n\u00e3o \u00e9 apenas um acess\u00f3rio culin\u00e1rio, mas uma recorda\u00e7\u00e3o aut\u00eantica de Maiorca, ideal para quem procura souvenirs que reflitam a rica cultura e o esplendor natural da ilha.<\/p>\n<p>Na Ol\u00e9 Mosaic, especializamo-nos na distribui\u00e7\u00e3o de souvenirs por grosso e esta base de cer\u00e2mica \u00e9 uma escolha excecional para lojas de presentes tur\u00edsticos que desejem oferecer artigos aut\u00eanticos e representativos. Um souvenir perfeito que combina arte, utilidade e o calor da tradi\u00e7\u00e3o de Maiorca.<\/p>\n","protected":false},"excerpt":{"rendered":"<p>Base de cer\u00e2mica decorada com borboletas e flores coloridas, inspirada na natureza vibrante de Maiorca. Este produto apresenta um design de mosaico artesanal, pintado \u00e0 m\u00e3o, com borboletas em tons de vermelho, azul e amarelo que se destacam sobre um fundo de tons cinzentos suaves. A base inclui uma borda entran\u00e7ada em vermelho, o que acrescenta um toque artesanal e pr\u00e1tico, ideal para proteger as superf\u00edcies e conferir um elegante detalhe art\u00edstico \u00e0 mesa.<\/p>\n","protected":false},"featured_media":8970,"template":"","meta":{"_acf_changed":false},"product_brand":[],"product_cat":[830],"product_tag":[516,515],"class_list":{"0":"post-34644","1":"product","2":"type-product","3":"status-publish","4":"has-post-thumbnail","6":"product_cat-bases-para-pratos","7":"product_tag-animais","8":"product_tag-ceramica","9":"pa_ciudad-mallorca","10":"pa_motivo-borboletas","11":"pa_pais-espana","13":"first","14":"instock","15":"shipping-taxable","16":"product-type-simple"},"acf":[],"_links":{"self":[{"href":"https:\/\/olemosaic.com\/pt-pt\/wp-json\/wp\/v2\/product\/34644","targetHints":{"allow":["GET"]}}],"collection":[{"href":"https:\/\/olemosaic.com\/pt-pt\/wp-json\/wp\/v2\/product"}],"about":[{"href":"https:\/\/olemosaic.com\/pt-pt\/wp-json\/wp\/v2\/types\/product"}],"wp:featuredmedia":[{"embeddable":true,"href":"https:\/\/olemosaic.com\/pt-pt\/wp-json\/wp\/v2\/media\/8970"}],"wp:attachment":[{"href":"https:\/\/olemosaic.com\/pt-pt\/wp-json\/wp\/v2\/media?parent=34644"}],"wp:term":[{"taxonomy":"product_brand","embeddable":true,"href":"https:\/\/olemosaic.com\/pt-pt\/wp-json\/wp\/v2\/product_brand?post=34644"},{"taxonomy":"product_cat","embeddable":true,"href":"https:\/\/olemosaic.com\/pt-pt\/wp-json\/wp\/v2\/product_cat?post=34644"},{"taxonomy":"product_tag","embeddable":true,"href":"https:\/\/olemosaic.com\/pt-pt\/wp-json\/wp\/v2\/product_tag?post=34644"}],"curies":[{"name":"wp","href":"https:\/\/api.w.org\/{rel}","templated":true}]}}