{"id":34603,"date":"2025-02-20T23:34:23","date_gmt":"2025-02-20T22:34:23","guid":{"rendered":"http:\/\/olemosaic.com\/producto\/salvamanteles-de-ceramica-madrid\/"},"modified":"2025-07-25T18:49:22","modified_gmt":"2025-07-25T16:49:22","slug":"descanso-de-pratos-em-ceramica-madrid","status":"publish","type":"product","link":"https:\/\/olemosaic.com\/pt-pt\/produto\/descanso-de-pratos-em-ceramica-madrid\/","title":{"rendered":"Descanso de pratos em cer\u00e2mica. Madrid."},"content":{"rendered":"<p>Este descanso de pratos em cer\u00e2mica \u00e9 uma espl\u00eandida representa\u00e7\u00e3o da emblem\u00e1tica Puerta del Sol de Madrid, um local ic\u00f3nico que pulsa no cora\u00e7\u00e3o da cidade. Decorado com uma ilustra\u00e7\u00e3o vibrante que captura a ess\u00eancia deste famoso ponto de encontro, o descanso de pratos apresenta um design caracter\u00edstico que recorda o estilo do mosaico, conseguindo um efeito visual cativante. Entre os seus detalhes distintivos, destacam-se o famoso rel\u00f3gio da porta e diversas personagens tradicionais que d\u00e3o vida \u00e0 cena, refletindo a az\u00e1fama e a cultura madrilena. As cores chamativas e os finos detalhes pintados \u00e0 m\u00e3o conferem um toque de alegria e vitalidade, al\u00e9m de evocarem a riqueza da arte popular espanhola.<\/p>\n<p>Com uma borda de corda que acrescenta um toque r\u00fastico, este descanso de pratos n\u00e3o \u00e9 apenas pr\u00e1tico para proteger superf\u00edcies, mas torna-se uma pe\u00e7a decorativa ideal para qualquer mesa, real\u00e7ando as refei\u00e7\u00f5es familiares ou as reuni\u00f5es com amigos. Na Ol\u00e9 Mosaic especializamo-nos na distribui\u00e7\u00e3o de recorda\u00e7\u00f5es de alta qualidade, e este descanso de pratos de Madrid \u00e9 uma excelente op\u00e7\u00e3o para lojas de presentes tur\u00edsticos que procuram produtos aut\u00eanticos e representativos. \u00c9 uma recorda\u00e7\u00e3o perfeita que combina funcionalidade e est\u00e9tica, ideal para turistas que desejam levar consigo um peda\u00e7o da cultura madrilena.<\/p>\n","protected":false},"excerpt":{"rendered":"<p>Descanso de pratos em cer\u00e2mica decorado com uma ilustra\u00e7\u00e3o vibrante da Puerta del Sol de Madrid. Este colorido descanso de pratos apresenta motivos culturais e elementos distintivos da cidade, como o seu famoso rel\u00f3gio e personagens tradicionais. O design, que recorda o estilo do mosaico, \u00e9 emoldurado por uma borda de corda que lhe confere um toque r\u00fastico. Com cores chamativas e detalhes pintados \u00e0 m\u00e3o, \u00e9 uma pe\u00e7a ideal para adicionar um toque espanhol \u00e0 sua mesa.<\/p>\n","protected":false},"featured_media":9963,"template":"","meta":{"_acf_changed":false},"product_brand":[],"product_cat":[830],"product_tag":[515],"class_list":{"0":"post-34603","1":"product","2":"type-product","3":"status-publish","4":"has-post-thumbnail","6":"product_cat-bases-para-pratos","7":"product_tag-ceramica","8":"pa_ciudad-madrid","9":"pa_pais-espana","11":"first","12":"instock","13":"shipping-taxable","14":"product-type-simple"},"acf":[],"_links":{"self":[{"href":"https:\/\/olemosaic.com\/pt-pt\/wp-json\/wp\/v2\/product\/34603","targetHints":{"allow":["GET"]}}],"collection":[{"href":"https:\/\/olemosaic.com\/pt-pt\/wp-json\/wp\/v2\/product"}],"about":[{"href":"https:\/\/olemosaic.com\/pt-pt\/wp-json\/wp\/v2\/types\/product"}],"wp:featuredmedia":[{"embeddable":true,"href":"https:\/\/olemosaic.com\/pt-pt\/wp-json\/wp\/v2\/media\/9963"}],"wp:attachment":[{"href":"https:\/\/olemosaic.com\/pt-pt\/wp-json\/wp\/v2\/media?parent=34603"}],"wp:term":[{"taxonomy":"product_brand","embeddable":true,"href":"https:\/\/olemosaic.com\/pt-pt\/wp-json\/wp\/v2\/product_brand?post=34603"},{"taxonomy":"product_cat","embeddable":true,"href":"https:\/\/olemosaic.com\/pt-pt\/wp-json\/wp\/v2\/product_cat?post=34603"},{"taxonomy":"product_tag","embeddable":true,"href":"https:\/\/olemosaic.com\/pt-pt\/wp-json\/wp\/v2\/product_tag?post=34603"}],"curies":[{"name":"wp","href":"https:\/\/api.w.org\/{rel}","templated":true}]}}