{"id":34602,"date":"2025-02-20T22:34:23","date_gmt":"2025-02-20T22:34:23","guid":{"rendered":"http:\/\/olemosaic.com\/producto\/salvamanteles-de-ceramica-salamandra-y-flores-barcelona\/"},"modified":"2025-07-25T19:32:05","modified_gmt":"2025-07-25T17:32:05","slug":"descanso-de-pratos-em-ceramica-salamandra-e-flores-barcelona","status":"publish","type":"product","link":"https:\/\/olemosaic.com\/pt-pt\/produto\/descanso-de-pratos-em-ceramica-salamandra-e-flores-barcelona\/","title":{"rendered":"Descanso de pratos em cer\u00e2mica. Salamandra e flores. Barcelona."},"content":{"rendered":"<p>Este descanso de pratos decorativo em cer\u00e2mica \u00e9 uma representa\u00e7\u00e3o vibrante do famoso mosaico de Barcelona, ideal para real\u00e7ar qualquer mesa com um toque cultural encantador. O seu design apresenta salamandras coloridas e flores em tons de vermelho, azul e amarelo, evocando a criatividade e originalidade do estilo art\u00edstico de Antoni Gaud\u00ed, um dos expoentes m\u00e1ximos do modernismo catal\u00e3o. A base de cer\u00e2mica reflete um acabamento brilhante que real\u00e7a a riqueza das cores e das formas, enquanto a borda entran\u00e7ada acrescenta um toque r\u00fastico, fundindo o tradicional com o contempor\u00e2neo. Ao longo do descanso de pratos, a inscri\u00e7\u00e3o &#8220;Barcelona&#8221; liga-se diretamente \u00e0 cidade, tornando este objeto numa recorda\u00e7\u00e3o representativa e num lembrete da maravilha arquitet\u00f3nica e art\u00edstica da regi\u00e3o.<\/p>\n<p>Este descanso de pratos n\u00e3o \u00e9 apenas funcional, mas torna-se uma pe\u00e7a decorativa que celebra a cultura local, o que o torna um excelente presente para turistas que procuram recorda\u00e7\u00f5es aut\u00eanticas e significativas da sua visita a Barcelona. Na Ol\u00e9 Mosaic, somos distribuidores por grosso de recorda\u00e7\u00f5es aut\u00eanticas de cer\u00e2mica, e este produto \u00e9 um convite perfeito para transladar a ess\u00eancia de Barcelona para qualquer lar. Com o seu design atraente e a sua relev\u00e2ncia cultural, este descanso de pratos em cer\u00e2mica \u00e9 uma op\u00e7\u00e3o ideal para lojas de presentes tur\u00edsticos que desejem oferecer produtos de qualidade.<\/p>\n","protected":false},"excerpt":{"rendered":"<p>Descanso de pratos em cer\u00e2mica decorativo, inspirado no vibrante mosaico de Barcelona. Este design original apresenta salamandras coloridas e flores em tons de vermelho, azul e amarelo, destacando o estilo art\u00edstico de Antoni Gaud\u00ed. A base de cer\u00e2mica \u00e9 emoldurada por uma borda entran\u00e7ada que acrescenta um toque r\u00fastico, enquanto a palavra &#8220;Barcelona&#8221; real\u00e7a a sua liga\u00e7\u00e3o com a cidade. Ideal para dar um toque cultural \u00e0 sua mesa.<\/p>\n","protected":false},"featured_media":8126,"template":"","meta":{"_acf_changed":false},"product_brand":[],"product_cat":[830],"product_tag":[516,515],"class_list":{"0":"post-34602","1":"product","2":"type-product","3":"status-publish","4":"has-post-thumbnail","6":"product_cat-bases-para-pratos","7":"product_tag-animais","8":"product_tag-ceramica","9":"pa_ciudad-barcelona","10":"pa_motivo-salamandras","11":"pa_pais-espana","13":"first","14":"instock","15":"shipping-taxable","16":"product-type-simple"},"acf":[],"_links":{"self":[{"href":"https:\/\/olemosaic.com\/pt-pt\/wp-json\/wp\/v2\/product\/34602","targetHints":{"allow":["GET"]}}],"collection":[{"href":"https:\/\/olemosaic.com\/pt-pt\/wp-json\/wp\/v2\/product"}],"about":[{"href":"https:\/\/olemosaic.com\/pt-pt\/wp-json\/wp\/v2\/types\/product"}],"wp:featuredmedia":[{"embeddable":true,"href":"https:\/\/olemosaic.com\/pt-pt\/wp-json\/wp\/v2\/media\/8126"}],"wp:attachment":[{"href":"https:\/\/olemosaic.com\/pt-pt\/wp-json\/wp\/v2\/media?parent=34602"}],"wp:term":[{"taxonomy":"product_brand","embeddable":true,"href":"https:\/\/olemosaic.com\/pt-pt\/wp-json\/wp\/v2\/product_brand?post=34602"},{"taxonomy":"product_cat","embeddable":true,"href":"https:\/\/olemosaic.com\/pt-pt\/wp-json\/wp\/v2\/product_cat?post=34602"},{"taxonomy":"product_tag","embeddable":true,"href":"https:\/\/olemosaic.com\/pt-pt\/wp-json\/wp\/v2\/product_tag?post=34602"}],"curies":[{"name":"wp","href":"https:\/\/api.w.org\/{rel}","templated":true}]}}