{"id":34601,"date":"2025-02-20T23:34:23","date_gmt":"2025-02-20T22:34:23","guid":{"rendered":"http:\/\/olemosaic.com\/producto\/salvamanteles-de-ceramica-patio-madrid\/"},"modified":"2025-07-25T18:57:43","modified_gmt":"2025-07-25T16:57:43","slug":"descanso-de-pratos-em-ceramica-patio-madrid","status":"publish","type":"product","link":"https:\/\/olemosaic.com\/pt-pt\/produto\/descanso-de-pratos-em-ceramica-patio-madrid\/","title":{"rendered":"Descanso de pratos em cer\u00e2mica. P\u00e1tio. Madrid."},"content":{"rendered":"<p>Este descanso de pratos em cer\u00e2mica decorada \u00e9 uma pe\u00e7a encantadora que captura a ess\u00eancia vibrante de um p\u00e1tio madrileno, ideal para conferir um toque aut\u00eantico e espanhol a qualquer mesa. Destaca-se pelo seu design pintado \u00e0 m\u00e3o, onde a cena ganha vida com uma bailarina de flamenco vestida com um deslumbrante traje vermelho que irradia paix\u00e3o, acompanhada por um homem com traje de charro. Ambas as personagens est\u00e3o rodeadas de flores e elementos t\u00edpicos que evocam o ambiente festivo das ruas de Madrid. O fundo apresenta um mosaico cl\u00e1ssico que real\u00e7a as cores vivas e alegres da imagem, criando um contraste encantador.<\/p>\n<p>Com uma delicada borda em corda, este descanso de pratos torna-se um artigo tanto pr\u00e1tico como decorativo, ideal para proteger as superf\u00edcies e, ao mesmo tempo, alegrar a vista. Esta recorda\u00e7\u00e3o representa n\u00e3o s\u00f3 um acesso \u00e0 cultura madrilena, mas tamb\u00e9m uma excelente op\u00e7\u00e3o para quem procura uma recorda\u00e7\u00e3o aut\u00eantica da sua visita \u00e0 bela capital espanhola. Na Ol\u00e9 Mosaic, orgulhamo-nos de oferecer recorda\u00e7\u00f5es de qualidade que celebram a riqueza do folclore espanhol. Este descanso de pratos \u00e9 uma excelente proposta para lojas de presentes tur\u00edsticos, sendo um objeto muito apreciado pela sua funcionalidade e pela sua liga\u00e7\u00e3o cultural com Madrid.<\/p>\n","protected":false},"excerpt":{"rendered":"<p>Descanso de pratos em cer\u00e2mica decorado com uma cena vibrante de um p\u00e1tio madrileno. Este produto, ideal para adicionar um toque espanhol \u00e0 sua mesa, apresenta um design artesanal, pintado \u00e0 m\u00e3o, que inclui uma bailarina de flamenco com vestido vermelho e um homem vestido de charro, rodeados de flores e elementos t\u00edpicos. O fundo com mosaico cl\u00e1ssico real\u00e7a as cores vivas e a ess\u00eancia festiva de Madrid. Com uma delicada borda de corda, \u00e9 simultaneamente pr\u00e1tico e decorativo.<\/p>\n","protected":false},"featured_media":7984,"template":"","meta":{"_acf_changed":false},"product_brand":[],"product_cat":[830],"product_tag":[515],"class_list":{"0":"post-34601","1":"product","2":"type-product","3":"status-publish","4":"has-post-thumbnail","6":"product_cat-bases-para-pratos","7":"product_tag-ceramica","8":"pa_ciudad-madrid","9":"pa_motivo-patios","10":"pa_pais-espana","12":"first","13":"instock","14":"shipping-taxable","15":"product-type-simple"},"acf":[],"_links":{"self":[{"href":"https:\/\/olemosaic.com\/pt-pt\/wp-json\/wp\/v2\/product\/34601","targetHints":{"allow":["GET"]}}],"collection":[{"href":"https:\/\/olemosaic.com\/pt-pt\/wp-json\/wp\/v2\/product"}],"about":[{"href":"https:\/\/olemosaic.com\/pt-pt\/wp-json\/wp\/v2\/types\/product"}],"wp:featuredmedia":[{"embeddable":true,"href":"https:\/\/olemosaic.com\/pt-pt\/wp-json\/wp\/v2\/media\/7984"}],"wp:attachment":[{"href":"https:\/\/olemosaic.com\/pt-pt\/wp-json\/wp\/v2\/media?parent=34601"}],"wp:term":[{"taxonomy":"product_brand","embeddable":true,"href":"https:\/\/olemosaic.com\/pt-pt\/wp-json\/wp\/v2\/product_brand?post=34601"},{"taxonomy":"product_cat","embeddable":true,"href":"https:\/\/olemosaic.com\/pt-pt\/wp-json\/wp\/v2\/product_cat?post=34601"},{"taxonomy":"product_tag","embeddable":true,"href":"https:\/\/olemosaic.com\/pt-pt\/wp-json\/wp\/v2\/product_tag?post=34601"}],"curies":[{"name":"wp","href":"https:\/\/api.w.org\/{rel}","templated":true}]}}