{"id":34600,"date":"2025-02-20T23:34:23","date_gmt":"2025-02-20T22:34:23","guid":{"rendered":"http:\/\/olemosaic.com\/producto\/salvamanteles-de-ceramica-mosaico\/"},"modified":"2025-07-25T18:46:11","modified_gmt":"2025-07-25T16:46:11","slug":"descanso-de-pratos-em-ceramica-mosaico","status":"publish","type":"product","link":"https:\/\/olemosaic.com\/pt-pt\/produto\/descanso-de-pratos-em-ceramica-mosaico\/","title":{"rendered":"Descanso de pratos em cer\u00e2mica. Mosaico."},"content":{"rendered":"<p>Este descanso de pratos em cer\u00e2mica decorada \u00e9 uma joia da arte tradicional portuguesa, perfeito para quem procura uma recorda\u00e7\u00e3o elegante e funcional. Com um design vibrante de mosaico que combina azuis, vermelhos e amarelos numa s\u00e9rie de padr\u00f5es geom\u00e9tricos e florais, este produto \u00e9 um aut\u00eantico reflexo da rica heran\u00e7a cultural portuguesa. Cada pe\u00e7a aparenta ser pintada \u00e0 m\u00e3o, o que real\u00e7a a destreza artesanal dos ceramistas locais e garante que cada descanso de pratos seja \u00fanico.<\/p>\n<p>A borda entran\u00e7ada em cor vermelha n\u00e3o s\u00f3 lhe confere um toque sofisticado, como tamb\u00e9m acrescenta um elemento pr\u00e1tico, assegurando que a sua mesa esteja protegida com estilo. Este descanso de pratos n\u00e3o \u00e9 apenas funcional, mas tamb\u00e9m serve como um atraente complemento decorativo que pode embelezar qualquer ambiente, convidando a conversas sobre a sua origem e design.<\/p>\n<p>Uma recorda\u00e7\u00e3o ideal para turistas que desejem levar para casa um peda\u00e7o da tradi\u00e7\u00e3o portuguesa. Na Ol\u00e9 Mosaic, especializamo-nos na distribui\u00e7\u00e3o de recorda\u00e7\u00f5es de cer\u00e2mica por grosso, oferecendo op\u00e7\u00f5es aut\u00eanticas e de qualidade para lojas de presentes tur\u00edsticos. Este descanso de pratos \u00e9, sem d\u00favida, uma excelente op\u00e7\u00e3o para quem procura produtos que representem o requinte da arte de Portugal e a autenticidade das suas tradi\u00e7\u00f5es.<\/p>\n","protected":false},"excerpt":{"rendered":"<p>Descanso de pratos em cer\u00e2mica decorado com vibrantes motivos de mosaico, evocativo da arte tradicional portuguesa. Este design colorido combina azuis, vermelhos e amarelos numa s\u00e9rie de padr\u00f5es geom\u00e9tricos e florais, pintados \u00e0 m\u00e3o para real\u00e7ar a destreza artesanal. Com uma borda entran\u00e7ada em cor vermelha, n\u00e3o s\u00f3 \u00e9 funcional, como tamb\u00e9m acrescenta um toque de cor e eleg\u00e2ncia \u00e0 sua mesa, tornando-o num excelente presente ou num complemento decorativo.<\/p>\n","protected":false},"featured_media":8772,"template":"","meta":{"_acf_changed":false},"product_brand":[],"product_cat":[830],"product_tag":[515],"class_list":{"0":"post-34600","1":"product","2":"type-product","3":"status-publish","4":"has-post-thumbnail","6":"product_cat-bases-para-pratos","7":"product_tag-ceramica","8":"pa_motivo-mosaico","10":"first","11":"instock","12":"shipping-taxable","13":"product-type-simple"},"acf":[],"_links":{"self":[{"href":"https:\/\/olemosaic.com\/pt-pt\/wp-json\/wp\/v2\/product\/34600","targetHints":{"allow":["GET"]}}],"collection":[{"href":"https:\/\/olemosaic.com\/pt-pt\/wp-json\/wp\/v2\/product"}],"about":[{"href":"https:\/\/olemosaic.com\/pt-pt\/wp-json\/wp\/v2\/types\/product"}],"wp:featuredmedia":[{"embeddable":true,"href":"https:\/\/olemosaic.com\/pt-pt\/wp-json\/wp\/v2\/media\/8772"}],"wp:attachment":[{"href":"https:\/\/olemosaic.com\/pt-pt\/wp-json\/wp\/v2\/media?parent=34600"}],"wp:term":[{"taxonomy":"product_brand","embeddable":true,"href":"https:\/\/olemosaic.com\/pt-pt\/wp-json\/wp\/v2\/product_brand?post=34600"},{"taxonomy":"product_cat","embeddable":true,"href":"https:\/\/olemosaic.com\/pt-pt\/wp-json\/wp\/v2\/product_cat?post=34600"},{"taxonomy":"product_tag","embeddable":true,"href":"https:\/\/olemosaic.com\/pt-pt\/wp-json\/wp\/v2\/product_tag?post=34600"}],"curies":[{"name":"wp","href":"https:\/\/api.w.org\/{rel}","templated":true}]}}