{"id":34599,"date":"2025-02-20T23:34:23","date_gmt":"2025-02-20T22:34:23","guid":{"rendered":"http:\/\/olemosaic.com\/producto\/salvamanteles-de-ceramica-flamencos-azul\/"},"modified":"2025-07-25T18:46:49","modified_gmt":"2025-07-25T16:46:49","slug":"descanso-de-pratos-em-ceramica-flamingos-azul","status":"publish","type":"product","link":"https:\/\/olemosaic.com\/pt-pt\/produto\/descanso-de-pratos-em-ceramica-flamingos-azul\/","title":{"rendered":"Descanso de pratos em cer\u00e2mica. Flamingos. Azul."},"content":{"rendered":"<p>Este descanso de pratos em cer\u00e2mica, decorado com flamingos vibrantes, \u00e9 uma pe\u00e7a \u00fanica que evoca a ess\u00eancia das paisagens mediterr\u00e2nicas. Com um design que se destaca pelo seu mosaico em tons azuis, representando as \u00e1guas cristalinas do mar, o descanso de pratos apresenta flamingos cor-de-rosa, que simbolizam a beleza e a fauna t\u00edpica da costa espanhola. Os detalhes em vermelho que rodeiam os flamingos acrescentam um toque art\u00edstico e distintivo, tornando esta pe\u00e7a num verdadeiro objeto de admira\u00e7\u00e3o. Cada descanso de pratos \u00e9 pintado \u00e0 m\u00e3o, o que garante a singularidade e a qualidade de cada unidade, destacando a dedica\u00e7\u00e3o dos artes\u00e3os na sua elabora\u00e7\u00e3o.<\/p>\n<p>Este descanso de pratos n\u00e3o \u00e9 apenas funcional, concebido para proteger superf\u00edcies enquanto adiciona um toque decorativo, mas \u00e9 tamb\u00e9m uma pe\u00e7a de destaque para real\u00e7ar mesas em qualquer ocasi\u00e3o, sendo ideal tanto para o uso di\u00e1rio como para eventos especiais. A sua liga\u00e7\u00e3o cultural reside na representa\u00e7\u00e3o dos flamingos, um s\u00edmbolo caracter\u00edstico de muitas regi\u00f5es costeiras de Espanha, evocando a alegria e a luz do ver\u00e3o.<\/p>\n<p>Na Ol\u00e9 Mosaic orgulhamo-nos de oferecer recorda\u00e7\u00f5es aut\u00eanticas e representativas, e este descanso de pratos em cer\u00e2mica \u00e9 uma excelente op\u00e7\u00e3o para lojas de presentes tur\u00edsticos que procuram produtos distintivos e de qualidade. Como distribuidores de recorda\u00e7\u00f5es, garantimos que cada artigo reflita a riqueza cultural e a arte de Espanha, fazendo deste descanso de pratos uma recorda\u00e7\u00e3o perfeita para os turistas que desejam levar consigo um peda\u00e7o da beleza mediterr\u00e2nica.<\/p>\n","protected":false},"excerpt":{"rendered":"<p>Descanso de pratos em cer\u00e2mica decorado com flamingos vibrantes, evocando a ess\u00eancia das paisagens mediterr\u00e2nicas. O seu design apresenta um mosaico em tons azuis, complementado com flamingos cor-de-rosa e detalhes em vermelho que lhe conferem um toque art\u00edstico e distintivo. Cada pe\u00e7a aparenta ser pintada \u00e0 m\u00e3o, garantindo singularidade e qualidade. Este artigo, al\u00e9m de ser funcional, \u00e9 uma pe\u00e7a decorativa de destaque, ideal para real\u00e7ar mesas em qualquer ocasi\u00e3o e recordar a beleza da costa espanhola.<\/p>\n","protected":false},"featured_media":8658,"template":"","meta":{"_acf_changed":false},"product_brand":[],"product_cat":[830],"product_tag":[516,515],"class_list":{"0":"post-34599","1":"product","2":"type-product","3":"status-publish","4":"has-post-thumbnail","6":"product_cat-bases-para-pratos","7":"product_tag-animais","8":"product_tag-ceramica","9":"pa_motivo-flamingos","11":"first","12":"instock","13":"shipping-taxable","14":"product-type-simple"},"acf":[],"_links":{"self":[{"href":"https:\/\/olemosaic.com\/pt-pt\/wp-json\/wp\/v2\/product\/34599","targetHints":{"allow":["GET"]}}],"collection":[{"href":"https:\/\/olemosaic.com\/pt-pt\/wp-json\/wp\/v2\/product"}],"about":[{"href":"https:\/\/olemosaic.com\/pt-pt\/wp-json\/wp\/v2\/types\/product"}],"wp:featuredmedia":[{"embeddable":true,"href":"https:\/\/olemosaic.com\/pt-pt\/wp-json\/wp\/v2\/media\/8658"}],"wp:attachment":[{"href":"https:\/\/olemosaic.com\/pt-pt\/wp-json\/wp\/v2\/media?parent=34599"}],"wp:term":[{"taxonomy":"product_brand","embeddable":true,"href":"https:\/\/olemosaic.com\/pt-pt\/wp-json\/wp\/v2\/product_brand?post=34599"},{"taxonomy":"product_cat","embeddable":true,"href":"https:\/\/olemosaic.com\/pt-pt\/wp-json\/wp\/v2\/product_cat?post=34599"},{"taxonomy":"product_tag","embeddable":true,"href":"https:\/\/olemosaic.com\/pt-pt\/wp-json\/wp\/v2\/product_tag?post=34599"}],"curies":[{"name":"wp","href":"https:\/\/api.w.org\/{rel}","templated":true}]}}