{"id":34596,"date":"2025-02-20T23:34:22","date_gmt":"2025-02-20T22:34:22","guid":{"rendered":"http:\/\/olemosaic.com\/producto\/salvamanteles-de-ceramica-gato-mallorca\/"},"modified":"2025-07-25T19:58:10","modified_gmt":"2025-07-25T17:58:10","slug":"descanso-de-pratos-em-ceramica-gato-maiorca","status":"publish","type":"product","link":"https:\/\/olemosaic.com\/pt-pt\/produto\/descanso-de-pratos-em-ceramica-gato-maiorca\/","title":{"rendered":"Descanso de pratos em cer\u00e2mica. Gato. Maiorca."},"content":{"rendered":"<p>Este descanso de pratos em cer\u00e2mica, decorado com gatos encantadores, \u00e9 uma pe\u00e7a art\u00edstica que captura a colorida cultura de Maiorca. O seu vibrante design em mosaico apresenta ador\u00e1veis gatos numa diversidade de tonalidades, como vermelhos, azuis, verdes e amarelos, entrela\u00e7ados com borboletas requintadamente ilustradas, criando um efeito visual cativante que embeleza qualquer mesa. O acabamento cer\u00e2mico do descanso de pratos n\u00e3o s\u00f3 confere um toque decorativo e alegre, como tamb\u00e9m o torna funcional, protegendo as superf\u00edcies do calor enquanto serve como um atraente ponto focal na decora\u00e7\u00e3o da casa.<\/p>\n<p>A liga\u00e7\u00e3o cultural deste produto reside na tradi\u00e7\u00e3o maiorquina de elaborar cer\u00e2micas com efeito pintado \u00e0 m\u00e3o, destacando a riqueza da arte popular da regi\u00e3o. Os gatos, s\u00edmbolos de companhia em muitas culturas, acrescentam um elemento l\u00fadico que ressoa na vida quotidiana dos habitantes da ilha. Este descanso de pratos n\u00e3o \u00e9 apenas um acess\u00f3rio pr\u00e1tico, mas tamb\u00e9m atua como uma recorda\u00e7\u00e3o representativa da diversidade art\u00edstica e do calor de Maiorca.<\/p>\n<p>Na Ol\u00e9 Mosaic, dedicamo-nos \u00e0 distribui\u00e7\u00e3o de souvenirs por grosso, oferecendo este descanso de pratos como uma op\u00e7\u00e3o ideal para lojas de presentes tur\u00edsticos que procuram produtos aut\u00eanticos e funcionais. Este produto torna-se um souvenir perfeito de Maiorca, proporcionando tanto est\u00e9tica como utilidade, e atraindo aqueles que procuram levar um peda\u00e7o da cultura espanhola para as suas casas.<\/p>\n","protected":false},"excerpt":{"rendered":"<p>Descanso de pratos em cer\u00e2mica decorado com simp\u00e1ticos gatos, inspirado na colorida cultura de Maiorca. Este artigo apresenta um design vibrante em mosaico, com gatos em tons vermelhos, azuis, verdes e amarelos, acompanhados de borboletas requintadamente ilustradas. O descanso de pratos \u00e9 ideal para proteger superf\u00edcies do calor, e o seu resistente acabamento cer\u00e2mico torna-o funcional e decorativo, sendo uma op\u00e7\u00e3o perfeita para adicionar um toque art\u00edstico a qualquer mesa.<\/p>\n","protected":false},"featured_media":8971,"template":"","meta":{"_acf_changed":false},"product_brand":[],"product_cat":[830],"product_tag":[516,515],"class_list":{"0":"post-34596","1":"product","2":"type-product","3":"status-publish","4":"has-post-thumbnail","6":"product_cat-bases-para-pratos","7":"product_tag-animais","8":"product_tag-ceramica","9":"pa_ciudad-mallorca","10":"pa_motivo-gatos","11":"pa_pais-espana","13":"first","14":"instock","15":"shipping-taxable","16":"product-type-simple"},"acf":[],"_links":{"self":[{"href":"https:\/\/olemosaic.com\/pt-pt\/wp-json\/wp\/v2\/product\/34596","targetHints":{"allow":["GET"]}}],"collection":[{"href":"https:\/\/olemosaic.com\/pt-pt\/wp-json\/wp\/v2\/product"}],"about":[{"href":"https:\/\/olemosaic.com\/pt-pt\/wp-json\/wp\/v2\/types\/product"}],"wp:featuredmedia":[{"embeddable":true,"href":"https:\/\/olemosaic.com\/pt-pt\/wp-json\/wp\/v2\/media\/8971"}],"wp:attachment":[{"href":"https:\/\/olemosaic.com\/pt-pt\/wp-json\/wp\/v2\/media?parent=34596"}],"wp:term":[{"taxonomy":"product_brand","embeddable":true,"href":"https:\/\/olemosaic.com\/pt-pt\/wp-json\/wp\/v2\/product_brand?post=34596"},{"taxonomy":"product_cat","embeddable":true,"href":"https:\/\/olemosaic.com\/pt-pt\/wp-json\/wp\/v2\/product_cat?post=34596"},{"taxonomy":"product_tag","embeddable":true,"href":"https:\/\/olemosaic.com\/pt-pt\/wp-json\/wp\/v2\/product_tag?post=34596"}],"curies":[{"name":"wp","href":"https:\/\/api.w.org\/{rel}","templated":true}]}}