{"id":34595,"date":"2025-02-20T23:34:22","date_gmt":"2025-02-20T22:34:22","guid":{"rendered":"http:\/\/olemosaic.com\/producto\/salvamanteles-de-ceramica-buhos-mallorca\/"},"modified":"2025-07-25T18:54:49","modified_gmt":"2025-07-25T16:54:49","slug":"descanso-de-pratos-em-ceramica-corujas-maiorca","status":"publish","type":"product","link":"https:\/\/olemosaic.com\/pt-pt\/produto\/descanso-de-pratos-em-ceramica-corujas-maiorca\/","title":{"rendered":"Descanso de pratos em cer\u00e2mica. Corujas. Maiorca."},"content":{"rendered":"<p>Este descanso de pratos em cer\u00e2mica decorado com corujas \u00e9 uma pe\u00e7a \u00fanica que celebra a rica biodiversidade de Maiorca. Com um fundo azul vibrante que evoca as \u00e1guas cristalinas da ilha, o descanso de pratos apresenta um belo design em mosaico, onde as corujas se destacam em tons amarelos, verdes e laranjas, rodeadas de delicadas folhas e flores. Cada detalhe \u00e9 pintado \u00e0 m\u00e3o, o que sublinha a mestria e a autenticidade deste produto, que serve tanto como descanso de pratos funcional como pe\u00e7a decorativa para embelezar qualquer mesa. A representa\u00e7\u00e3o das corujas, simb\u00f3licas de sabedoria e vigil\u00e2ncia, acrescenta um toque de folclore maiorquino que ressoar\u00e1 em quem aprecia a cultura local. \u00c9 uma excelente op\u00e7\u00e3o de recorda\u00e7\u00e3o para turistas que procuram objetos aut\u00eanticos que capturem a ess\u00eancia da natureza de Maiorca. Na Ol\u00e9 Mosaic, dedicamo-nos \u00e0 distribui\u00e7\u00e3o de cer\u00e2mica artesanal de alta qualidade para lojas de presentes tur\u00edsticos, oferecendo produtos que se destacam pelo seu design e significado cultural. Este descanso de pratos n\u00e3o \u00e9 apenas um artigo pr\u00e1tico, mas tamb\u00e9m uma janela para a beleza e a tradi\u00e7\u00e3o de Maiorca, perfeito para qualquer amante da cer\u00e2mica e da arte local.<\/p>\n","protected":false},"excerpt":{"rendered":"<p>Descanso de pratos em cer\u00e2mica decorado com corujas coloridas, inspirado na biodiversidade de Maiorca. Esta pe\u00e7a, de design artesanal e pintada \u00e0 m\u00e3o, apresenta um vibrante fundo azul que real\u00e7a os detalhes das corujas em tons amarelos, verdes e laranjas, rodeadas de folhas e flores. Com um design em mosaico, este descanso de pratos n\u00e3o s\u00f3 \u00e9 funcional, como tamb\u00e9m uma atraente pe\u00e7a decorativa que acrescenta um toque de cor e autenticidade a qualquer mesa. Ideal para os amantes da cer\u00e2mica artesanal e do folclore maiorquino.<\/p>\n","protected":false},"featured_media":8974,"template":"","meta":{"_acf_changed":false},"product_brand":[],"product_cat":[830],"product_tag":[516,515],"class_list":{"0":"post-34595","1":"product","2":"type-product","3":"status-publish","4":"has-post-thumbnail","6":"product_cat-bases-para-pratos","7":"product_tag-animais","8":"product_tag-ceramica","9":"pa_ciudad-mallorca","10":"pa_motivo-corujas","11":"pa_pais-espana","13":"first","14":"instock","15":"shipping-taxable","16":"product-type-simple"},"acf":[],"_links":{"self":[{"href":"https:\/\/olemosaic.com\/pt-pt\/wp-json\/wp\/v2\/product\/34595","targetHints":{"allow":["GET"]}}],"collection":[{"href":"https:\/\/olemosaic.com\/pt-pt\/wp-json\/wp\/v2\/product"}],"about":[{"href":"https:\/\/olemosaic.com\/pt-pt\/wp-json\/wp\/v2\/types\/product"}],"wp:featuredmedia":[{"embeddable":true,"href":"https:\/\/olemosaic.com\/pt-pt\/wp-json\/wp\/v2\/media\/8974"}],"wp:attachment":[{"href":"https:\/\/olemosaic.com\/pt-pt\/wp-json\/wp\/v2\/media?parent=34595"}],"wp:term":[{"taxonomy":"product_brand","embeddable":true,"href":"https:\/\/olemosaic.com\/pt-pt\/wp-json\/wp\/v2\/product_brand?post=34595"},{"taxonomy":"product_cat","embeddable":true,"href":"https:\/\/olemosaic.com\/pt-pt\/wp-json\/wp\/v2\/product_cat?post=34595"},{"taxonomy":"product_tag","embeddable":true,"href":"https:\/\/olemosaic.com\/pt-pt\/wp-json\/wp\/v2\/product_tag?post=34595"}],"curies":[{"name":"wp","href":"https:\/\/api.w.org\/{rel}","templated":true}]}}