{"id":34540,"date":"2025-02-20T22:34:21","date_gmt":"2025-02-20T22:34:21","guid":{"rendered":"http:\/\/olemosaic.com\/producto\/libreta-de-80-hojas-salamandra-gran-canaria-2\/"},"modified":"2025-07-25T19:45:37","modified_gmt":"2025-07-25T17:45:37","slug":"caderno-de-80-folhas-salamandra-gran-canaria-2","status":"publish","type":"product","link":"https:\/\/olemosaic.com\/pt-pt\/produto\/caderno-de-80-folhas-salamandra-gran-canaria-2\/","title":{"rendered":"Caderno de 80 folhas. Salamandra. Gran Canaria."},"content":{"rendered":"<p>Este caderno de 80 folhas est\u00e1 decorado com uma vibrante ilustra\u00e7\u00e3o de uma salamandra, um animal representativo da fauna de Gran Canaria. A capa apresenta um design cativante onde a salamandra, pintada com cores brilhantes e formas geom\u00e9tricas que evocam a arte local, se destaca sobre um fundo preto. Motivos florais em tons vivos contrastam de forma atraente, inundando o caderno de energia e dinamismo.<\/p>\n<p>O design n\u00e3o s\u00f3 embeleza o artigo, como tamb\u00e9m o torna uma recorda\u00e7\u00e3o aut\u00eantica que reflete a rica biodiversidade da ilha. Para maior comodidade, o caderno inclui uma banda el\u00e1stica vermelha que assegura o seu fecho, tornando-o um companheiro ideal para anotar experi\u00eancias, pensamentos e momentos especiais da sua visita. Esta lembran\u00e7a \u00e9 perfeita para os turistas que procuram uma forma original de levar um peda\u00e7o da cultura can\u00e1ria.<\/p>\n<p>Na Ol\u00e9 Mosaic especializamo-nos na distribui\u00e7\u00e3o de lembran\u00e7as por grosso, oferecendo produtos \u00fanicos e aut\u00eanticos que capturam a ess\u00eancia de cada regi\u00e3o. Este caderno de Gran Canaria \u00e9 uma excelente op\u00e7\u00e3o para lojas de presentes tur\u00edsticos, pois garante qualidade e relev\u00e2ncia cultural em cada artigo. \u00c9 uma lembran\u00e7a vers\u00e1til e pr\u00e1tica que encantar\u00e1 quem desejar recordar a sua viagem por esta bela ilha.<\/p>\n","protected":false},"excerpt":{"rendered":"<p>Caderno de 80 folhas decorado com uma colorida ilustra\u00e7\u00e3o de uma salamandra, representativa da fauna de Gran Canaria. A capa est\u00e1 adornada com motivos florais em tons vibrantes sobre um fundo preto, criando um contraste atraente. O caderno inclui uma banda el\u00e1stica vermelha que assegura o seu fecho, tornando este artigo uma lembran\u00e7a pr\u00e1tica e original, ideal para anotar recorda\u00e7\u00f5es da sua visita \u00e0 ilha.<\/p>\n","protected":false},"featured_media":12016,"template":"","meta":{"_acf_changed":false},"product_brand":[],"product_cat":[808],"product_tag":[516],"class_list":{"0":"post-34540","1":"product","2":"type-product","3":"status-publish","4":"has-post-thumbnail","6":"product_cat-cadernos","7":"product_tag-animais","8":"pa_ciudad-gran-canaria","9":"pa_motivo-salamandras","10":"pa_pais-espana","12":"first","13":"instock","14":"shipping-taxable","15":"product-type-simple"},"acf":[],"_links":{"self":[{"href":"https:\/\/olemosaic.com\/pt-pt\/wp-json\/wp\/v2\/product\/34540","targetHints":{"allow":["GET"]}}],"collection":[{"href":"https:\/\/olemosaic.com\/pt-pt\/wp-json\/wp\/v2\/product"}],"about":[{"href":"https:\/\/olemosaic.com\/pt-pt\/wp-json\/wp\/v2\/types\/product"}],"wp:featuredmedia":[{"embeddable":true,"href":"https:\/\/olemosaic.com\/pt-pt\/wp-json\/wp\/v2\/media\/12016"}],"wp:attachment":[{"href":"https:\/\/olemosaic.com\/pt-pt\/wp-json\/wp\/v2\/media?parent=34540"}],"wp:term":[{"taxonomy":"product_brand","embeddable":true,"href":"https:\/\/olemosaic.com\/pt-pt\/wp-json\/wp\/v2\/product_brand?post=34540"},{"taxonomy":"product_cat","embeddable":true,"href":"https:\/\/olemosaic.com\/pt-pt\/wp-json\/wp\/v2\/product_cat?post=34540"},{"taxonomy":"product_tag","embeddable":true,"href":"https:\/\/olemosaic.com\/pt-pt\/wp-json\/wp\/v2\/product_tag?post=34540"}],"curies":[{"name":"wp","href":"https:\/\/api.w.org\/{rel}","templated":true}]}}