{"id":34538,"date":"2025-02-20T23:34:20","date_gmt":"2025-02-20T22:34:20","guid":{"rendered":"http:\/\/olemosaic.com\/producto\/libreta-de-80-hojas-salamandra-barcelona-2\/"},"modified":"2025-07-25T19:39:29","modified_gmt":"2025-07-25T17:39:29","slug":"caderno-de-80-folhas-salamandra-barcelona-2","status":"publish","type":"product","link":"https:\/\/olemosaic.com\/pt-pt\/produto\/caderno-de-80-folhas-salamandra-barcelona-2\/","title":{"rendered":"Caderno de 80 folhas. Salamandra. Barcelona. Fundo bege."},"content":{"rendered":"<p>Este caderno de 80 folhas apresenta um design vibrante de salamandras que evoca a ess\u00eancia art\u00edstica de Barcelona. A capa, com um fundo em tons de bege e um acabamento em mosaico, ilustra de forma colorida uma salamandra rodeada de flores em diversas matizes. Esta representa\u00e7\u00e3o gr\u00e1fica destaca-se pelo seu apelo visual e presta homenagem \u00e0 simbologia da salamandra na cultura espanhola, bem como \u00e0 obra de Antoni Gaud\u00ed, que se inspira na natureza e na arte do mosaico.<\/p>\n<p>O detalhe da banda el\u00e1stica vermelha soma-se \u00e0 funcionalidade do produto, assegurando a prote\u00e7\u00e3o das suas notas. O seu tamanho compacto torna-o um complemento ideal para levar para qualquer lugar, seja numa mochila, numa mala ou simplesmente sobre a secret\u00e1ria. \u00c9 perfeito para quem deseja capturar os seus pensamentos ou experi\u00eancias enquanto explora a rica cultura de Barcelona.<\/p>\n<p>Este souvenir \u00e9 uma excelente op\u00e7\u00e3o para turistas que procuram uma recorda\u00e7\u00e3o aut\u00eantica que represente a arquitetura e a arte ic\u00f3nica da cidade. Na Ol\u00e9 Mosaic, orgulhamo-nos de ser distribuidores de souvenirs por grosso, e este produto encapsula a autenticidade e a relev\u00e2ncia cultural que os viajantes desejam levar para casa. Ideal para lojas de presentes tur\u00edsticos, este caderno de salamandra torna-se um detalhe memor\u00e1vel que une a arte de Barcelona \u00e0 criatividade de cada utilizador.<\/p>\n","protected":false},"excerpt":{"rendered":"<p>Caderno de 80 folhas com um design colorido de salamandras, inspirado na arte barcelonesa. A capa, com um fundo em tons de bege, apresenta um vibrante mosaico que ilustra uma salamandra rodeada de flores de diversas cores. A banda el\u00e1stica vermelha assegura as suas notas e, pelo seu tamanho pr\u00e1tico, \u00e9 perfeita para levar para qualquer parte. Ideal para os amantes da cidade e da sua cultura.<\/p>\n","protected":false},"featured_media":11647,"template":"","meta":{"_acf_changed":false},"product_brand":[],"product_cat":[808],"product_tag":[516],"class_list":{"0":"post-34538","1":"product","2":"type-product","3":"status-publish","4":"has-post-thumbnail","6":"product_cat-cadernos","7":"product_tag-animais","8":"pa_ciudad-barcelona","9":"pa_motivo-salamandras","10":"pa_pais-espana","12":"first","13":"instock","14":"shipping-taxable","15":"product-type-simple"},"acf":[],"_links":{"self":[{"href":"https:\/\/olemosaic.com\/pt-pt\/wp-json\/wp\/v2\/product\/34538","targetHints":{"allow":["GET"]}}],"collection":[{"href":"https:\/\/olemosaic.com\/pt-pt\/wp-json\/wp\/v2\/product"}],"about":[{"href":"https:\/\/olemosaic.com\/pt-pt\/wp-json\/wp\/v2\/types\/product"}],"wp:featuredmedia":[{"embeddable":true,"href":"https:\/\/olemosaic.com\/pt-pt\/wp-json\/wp\/v2\/media\/11647"}],"wp:attachment":[{"href":"https:\/\/olemosaic.com\/pt-pt\/wp-json\/wp\/v2\/media?parent=34538"}],"wp:term":[{"taxonomy":"product_brand","embeddable":true,"href":"https:\/\/olemosaic.com\/pt-pt\/wp-json\/wp\/v2\/product_brand?post=34538"},{"taxonomy":"product_cat","embeddable":true,"href":"https:\/\/olemosaic.com\/pt-pt\/wp-json\/wp\/v2\/product_cat?post=34538"},{"taxonomy":"product_tag","embeddable":true,"href":"https:\/\/olemosaic.com\/pt-pt\/wp-json\/wp\/v2\/product_tag?post=34538"}],"curies":[{"name":"wp","href":"https:\/\/api.w.org\/{rel}","templated":true}]}}