{"id":34537,"date":"2025-02-20T22:34:20","date_gmt":"2025-02-20T22:34:20","guid":{"rendered":"http:\/\/olemosaic.com\/producto\/huevera-de-ceramica-salamandra-y-flores-barcelona-blanco\/"},"modified":"2025-07-25T18:47:17","modified_gmt":"2025-07-25T16:47:17","slug":"suporte-para-ovos-em-ceramica-salamandra-e-flores-barcelona-branco","status":"publish","type":"product","link":"https:\/\/olemosaic.com\/pt-pt\/produto\/suporte-para-ovos-em-ceramica-salamandra-e-flores-barcelona-branco\/","title":{"rendered":"Suporte para ovos em cer\u00e2mica. Salamandra e flores. Barcelona. Branco"},"content":{"rendered":"<p>Este produto \u00e9 um suporte para ovos em cer\u00e2mica decorado que captura a ess\u00eancia vibrante de Barcelona gra\u00e7as ao seu magn\u00edfico design de salamandra e flores. Realizado em cer\u00e2mica de alta qualidade, destaca-se pelo seu fundo branco que real\u00e7a os coloridos mosaicos em tons de vermelho, amarelo e verde, evocando a famosa est\u00e9tica do arquiteto Antoni Gaud\u00ed, emblem\u00e1tico da cidade. A imagem de uma salamandra, s\u00edmbolo de boa sorte e riqueza, entrela\u00e7a-se com um design floral alegre que adiciona um toque art\u00edstico e \u00fanico a este souvenir.<\/p>\n<p>A palavra &#8220;Barcelona&#8221; est\u00e1 elegantemente impressa na lateral, tornando este suporte para ovos uma recorda\u00e7\u00e3o perfeita da Cidade Condal. A sua forma estilizada e os detalhes cuidadosamente elaborados demonstram a aten\u00e7\u00e3o ao design, fazendo desta pe\u00e7a um complemento funcional. Al\u00e9m de servir para colocar ovos, funciona como um elemento decorativo que alegrar\u00e1 qualquer mesa.<\/p>\n<p>Como aut\u00eantico souvenir de Barcelona, este suporte para ovos \u00e9 ideal para aqueles turistas que procuram levar um peda\u00e7o da cultura catal\u00e3. Na Ol\u00e9 Mosaic, especializamo-nos na distribui\u00e7\u00e3o de souvenirs por grosso, e este suporte para ovos em cer\u00e2mica representa a rica heran\u00e7a cultural de Barcelona, sendo uma excelente op\u00e7\u00e3o para lojas de presentes tur\u00edsticos que procuram produtos aut\u00eanticos e recorda\u00e7\u00f5es memor\u00e1veis que perdurem no tempo.<\/p>\n","protected":false},"excerpt":{"rendered":"<p>Suporte para ovos em cer\u00e2mica decorado com um design vibrante de salamandra e flores, que representa a ess\u00eancia de Barcelona. Este produto, elaborado em cer\u00e2mica de alta qualidade, apresenta um fundo branco adornado com coloridos mosaicos em tons de vermelho, amarelo e verde, que evocam a famosa est\u00e9tica de Gaud\u00ed. A palavra &#8220;Barcelona&#8221; est\u00e1 elegantemente impressa, tornando este suporte para ovos num souvenir perfeito que combina arte e funcionalidade.<\/p>\n","protected":false},"featured_media":8088,"template":"","meta":{"_acf_changed":false},"product_brand":[],"product_cat":[666],"product_tag":[516,515],"class_list":{"0":"post-34537","1":"product","2":"type-product","3":"status-publish","4":"has-post-thumbnail","6":"product_cat-copos-para-ovos","7":"product_tag-animais","8":"product_tag-ceramica","9":"pa_ciudad-barcelona","10":"pa_motivo-salamandras","11":"pa_pais-espana","13":"first","14":"instock","15":"shipping-taxable","16":"product-type-simple"},"acf":[],"_links":{"self":[{"href":"https:\/\/olemosaic.com\/pt-pt\/wp-json\/wp\/v2\/product\/34537","targetHints":{"allow":["GET"]}}],"collection":[{"href":"https:\/\/olemosaic.com\/pt-pt\/wp-json\/wp\/v2\/product"}],"about":[{"href":"https:\/\/olemosaic.com\/pt-pt\/wp-json\/wp\/v2\/types\/product"}],"wp:featuredmedia":[{"embeddable":true,"href":"https:\/\/olemosaic.com\/pt-pt\/wp-json\/wp\/v2\/media\/8088"}],"wp:attachment":[{"href":"https:\/\/olemosaic.com\/pt-pt\/wp-json\/wp\/v2\/media?parent=34537"}],"wp:term":[{"taxonomy":"product_brand","embeddable":true,"href":"https:\/\/olemosaic.com\/pt-pt\/wp-json\/wp\/v2\/product_brand?post=34537"},{"taxonomy":"product_cat","embeddable":true,"href":"https:\/\/olemosaic.com\/pt-pt\/wp-json\/wp\/v2\/product_cat?post=34537"},{"taxonomy":"product_tag","embeddable":true,"href":"https:\/\/olemosaic.com\/pt-pt\/wp-json\/wp\/v2\/product_tag?post=34537"}],"curies":[{"name":"wp","href":"https:\/\/api.w.org\/{rel}","templated":true}]}}