{"id":34536,"date":"2025-02-20T22:34:20","date_gmt":"2025-02-20T22:34:20","guid":{"rendered":"http:\/\/olemosaic.com\/producto\/funda-de-telefono-para-iphone-15-promax-tpu-punt-de-trobada-barcelona-blanco\/"},"modified":"2025-07-25T19:02:59","modified_gmt":"2025-07-25T17:02:59","slug":"capa-de-telemovel-para-iphone-15-promax-tpu-punt-de-trobada-barcelona-branco","status":"publish","type":"product","link":"https:\/\/olemosaic.com\/pt-pt\/produto\/capa-de-telemovel-para-iphone-15-promax-tpu-punt-de-trobada-barcelona-branco\/","title":{"rendered":"Capa de telem\u00f3vel para iPhone 15 Pro Max (TPU). Punt de trobada. Barcelona. Branco"},"content":{"rendered":"<p>Esta capa para iPhone 15 Pro Max, fabricada em TPU, combina funcionalidade e est\u00e9tica. Com um design vibrante que presta homenagem ao emblem\u00e1tico \u201cPunt de Trobada\u201d de Barcelona, apresenta um fundo branco animado que real\u00e7a coloridos mosaicos em vermelho, amarelo, verde, azul e preto. Estes elementos ic\u00f3nicos n\u00e3o s\u00f3 adornam a capa, como tamb\u00e9m evocam a rica cultura e a arte da capital catal\u00e3. A ilustra\u00e7\u00e3o inclui formas abstratas que complementam a composi\u00e7\u00e3o geral, juntamente com a palavra \u201cBarcelona\u201d, que reafirma a liga\u00e7\u00e3o com a cidade.<\/p>\n<p>O n\u00edvel de detalhe de cada mosaico simboliza a criatividade e o legado art\u00edstico de Barcelona, onde o Modernismo e os mosaicos de Gaud\u00ed s\u00e3o parte integrante da paisagem urbana. Este artigo n\u00e3o s\u00f3 protege o dispositivo, como tamb\u00e9m funciona como uma requintada recorda\u00e7\u00e3o que captura a ess\u00eancia de Barcelona, tornando-se um souvenir significativo para quem a visita.<\/p>\n<p>Na Ol\u00e9 Mosaic, especializamo-nos na distribui\u00e7\u00e3o de souvenirs por grosso, e esta capa de telem\u00f3vel \u00e9 uma excelente op\u00e7\u00e3o para lojas de presentes tur\u00edsticos que procuram produtos de qualidade e representa\u00e7\u00e3o cultural. Ideal para turistas, esta capa reflete a autenticidade e o estilo de vida de Barcelona, tornando-a uma op\u00e7\u00e3o atrativa e pr\u00e1tica.<\/p>\n","protected":false},"excerpt":{"rendered":"<p>Capa para iPhone 15 Pro Max fabricada em TPU, adornada com um design vibrante que evoca o famoso &#8220;Punt de Trobada&#8221; de Barcelona. Este artigo apresenta um fundo branco salpicado de mosaicos coloridos em tons de vermelho, amarelo, verde, azul e preto, que representam elementos ic\u00f3nicos da cidade. A ilustra\u00e7\u00e3o, com as suas formas abstratas e a inscri\u00e7\u00e3o &#8220;Barcelona&#8221;, captura a ess\u00eancia art\u00edstica e cultural da capital catal\u00e3. Perfeita para proteger o seu dispositivo com estilo.<\/p>\n","protected":false},"featured_media":12466,"template":"","meta":{"_acf_changed":false},"product_brand":[],"product_cat":[685],"product_tag":[],"class_list":{"0":"post-34536","1":"product","2":"type-product","3":"status-publish","4":"has-post-thumbnail","6":"product_cat-capas-para-telemoveis","7":"pa_ciudad-barcelona","8":"pa_motivo-punt-de-trobada","9":"pa_pais-espana","11":"first","12":"instock","13":"shipping-taxable","14":"product-type-simple"},"acf":[],"_links":{"self":[{"href":"https:\/\/olemosaic.com\/pt-pt\/wp-json\/wp\/v2\/product\/34536","targetHints":{"allow":["GET"]}}],"collection":[{"href":"https:\/\/olemosaic.com\/pt-pt\/wp-json\/wp\/v2\/product"}],"about":[{"href":"https:\/\/olemosaic.com\/pt-pt\/wp-json\/wp\/v2\/types\/product"}],"wp:featuredmedia":[{"embeddable":true,"href":"https:\/\/olemosaic.com\/pt-pt\/wp-json\/wp\/v2\/media\/12466"}],"wp:attachment":[{"href":"https:\/\/olemosaic.com\/pt-pt\/wp-json\/wp\/v2\/media?parent=34536"}],"wp:term":[{"taxonomy":"product_brand","embeddable":true,"href":"https:\/\/olemosaic.com\/pt-pt\/wp-json\/wp\/v2\/product_brand?post=34536"},{"taxonomy":"product_cat","embeddable":true,"href":"https:\/\/olemosaic.com\/pt-pt\/wp-json\/wp\/v2\/product_cat?post=34536"},{"taxonomy":"product_tag","embeddable":true,"href":"https:\/\/olemosaic.com\/pt-pt\/wp-json\/wp\/v2\/product_tag?post=34536"}],"curies":[{"name":"wp","href":"https:\/\/api.w.org\/{rel}","templated":true}]}}