{"id":34535,"date":"2025-02-20T22:34:20","date_gmt":"2025-02-20T22:34:20","guid":{"rendered":"http:\/\/olemosaic.com\/producto\/funda-de-telefono-para-iphone-14-pro-tpu-punt-de-trobada-barcelona-blanco\/"},"modified":"2025-07-25T19:36:12","modified_gmt":"2025-07-25T17:36:12","slug":"capa-de-telemovel-para-iphone-14-pro-tpu-punt-de-trobada-barcelona-branco","status":"publish","type":"product","link":"https:\/\/olemosaic.com\/pt-pt\/produto\/capa-de-telemovel-para-iphone-14-pro-tpu-punt-de-trobada-barcelona-branco\/","title":{"rendered":"Capa de telem\u00f3vel para iPhone 14 Pro (TPU). Punt de trobada. Barcelona. Branco"},"content":{"rendered":"<p>Esta capa para iPhone 14 Pro, inspirada na vibrante Barcelona, funde estilo e funcionalidade. Fabricada em TPU, oferece uma prote\u00e7\u00e3o eficaz sem comprometer o design. O seu fundo branco destaca um espetacular mosaico que evoca a ic\u00f3nica obra de Antoni Gaud\u00ed, famoso pelo seu uso da cor e das formas geom\u00e9tricas. Este design criativo, batizado como &#8220;Punt de trobada&#8221;, apresenta uma explos\u00e3o de cores (vermelho, amarelo, verde, azul e preto) que se entrela\u00e7am em padr\u00f5es din\u00e2micos, capturando a ess\u00eancia do modernismo catal\u00e3o.<\/p>\n<p>Na parte inferior da capa, a palavra &#8220;Barcelona&#8221; embeleza o design e estabelece uma liga\u00e7\u00e3o emocional com a cidade. Mais do que um simples acess\u00f3rio, esta capa \u00e9 uma aut\u00eantica recorda\u00e7\u00e3o da cultura catal\u00e3, perfeita para quem deseja levar um peda\u00e7o de Barcelona consigo. Ideal para turistas que procuram souvenirs \u00fanicos e representativos, esta capa \u00e9 uma excelente op\u00e7\u00e3o para lojas de presentes tur\u00edsticos. Na Ol\u00e9 Mosaic, como grossistas de acess\u00f3rios, oferecemos produtos que celebram a rica heran\u00e7a cultural de Espanha, fazendo desta capa um complemento imprescind\u00edvel em qualquer cole\u00e7\u00e3o de souvenirs de Barcelona.<\/p>\n","protected":false},"excerpt":{"rendered":"<p>Capa para iPhone 14 Pro fabricada em TPU, decorada com o design &#8220;Punt de trobada&#8221; inspirado em Barcelona. A capa apresenta um fundo branco sobre o qual se destaca um vibrante mosaico com formas geom\u00e9tricas em vermelho, amarelo, verde, azul e preto, evocando o estilo do famoso arquiteto Antoni Gaud\u00ed. Na parte inferior, a inscri\u00e7\u00e3o &#8220;Barcelona&#8221; adiciona um toque de identidade a este elegante acess\u00f3rio que combina prote\u00e7\u00e3o e arte.<\/p>\n","protected":false},"featured_media":12373,"template":"","meta":{"_acf_changed":false},"product_brand":[],"product_cat":[685],"product_tag":[],"class_list":{"0":"post-34535","1":"product","2":"type-product","3":"status-publish","4":"has-post-thumbnail","6":"product_cat-capas-para-telemoveis","7":"pa_ciudad-barcelona","8":"pa_motivo-punt-de-trobada","9":"pa_pais-espana","11":"first","12":"instock","13":"shipping-taxable","14":"product-type-simple"},"acf":[],"_links":{"self":[{"href":"https:\/\/olemosaic.com\/pt-pt\/wp-json\/wp\/v2\/product\/34535","targetHints":{"allow":["GET"]}}],"collection":[{"href":"https:\/\/olemosaic.com\/pt-pt\/wp-json\/wp\/v2\/product"}],"about":[{"href":"https:\/\/olemosaic.com\/pt-pt\/wp-json\/wp\/v2\/types\/product"}],"wp:featuredmedia":[{"embeddable":true,"href":"https:\/\/olemosaic.com\/pt-pt\/wp-json\/wp\/v2\/media\/12373"}],"wp:attachment":[{"href":"https:\/\/olemosaic.com\/pt-pt\/wp-json\/wp\/v2\/media?parent=34535"}],"wp:term":[{"taxonomy":"product_brand","embeddable":true,"href":"https:\/\/olemosaic.com\/pt-pt\/wp-json\/wp\/v2\/product_brand?post=34535"},{"taxonomy":"product_cat","embeddable":true,"href":"https:\/\/olemosaic.com\/pt-pt\/wp-json\/wp\/v2\/product_cat?post=34535"},{"taxonomy":"product_tag","embeddable":true,"href":"https:\/\/olemosaic.com\/pt-pt\/wp-json\/wp\/v2\/product_tag?post=34535"}],"curies":[{"name":"wp","href":"https:\/\/api.w.org\/{rel}","templated":true}]}}