{"id":34534,"date":"2025-02-20T23:34:19","date_gmt":"2025-02-20T22:34:19","guid":{"rendered":"http:\/\/olemosaic.com\/producto\/libreta-de-80-hojas-panoramica-valencia-2\/"},"modified":"2025-07-25T18:52:05","modified_gmt":"2025-07-25T16:52:05","slug":"caderno-de-80-folhas-panoramica-valencia-2","status":"publish","type":"product","link":"https:\/\/olemosaic.com\/pt-pt\/produto\/caderno-de-80-folhas-panoramica-valencia-2\/","title":{"rendered":"Caderno de 80 folhas. Panor\u00e2mica. Cidade das Artes. Val\u00eancia."},"content":{"rendered":"<p>Este produto \u00e9 um requintado caderno de 80 folhas que apresenta uma impactante panor\u00e2mica de Val\u00eancia, capturando a ess\u00eancia vibrante desta emblem\u00e1tica cidade. A sua capa, adornada com um design art\u00edstico que combina elementos ic\u00f3nicos, como a futurista Cidade das Artes e das Ci\u00eancias e a hist\u00f3rica arquitetura do centro antigo, desdobra-se num mosaico de cores brilhantes que atrai o olhar de qualquer turista. O caderno completa-se com uma pr\u00e1tica banda el\u00e1stica vermelha que assegura o seu conte\u00fado, tornando-o o companheiro perfeito para anotar ideias, reflex\u00f5es ou recorda\u00e7\u00f5es da sua visita. Este engenhoso souvenir n\u00e3o \u00e9 apenas funcional, mas tamb\u00e9m uma recorda\u00e7\u00e3o art\u00edstica da diversidade cultural de Val\u00eancia, conhecida pela sua mistura de modernidade e tradi\u00e7\u00e3o. Como representa\u00e7\u00e3o da rica heran\u00e7a arquitet\u00f3nica e art\u00edstica da cidade, este caderno \u00e9 um presente ideal para quem procura uma recorda\u00e7\u00e3o aut\u00eantica e significativa de Val\u00eancia. Na Ol\u00e9 Mosaic, dedicamo-nos \u00e0 distribui\u00e7\u00e3o de souvenirs por grosso, garantindo que produtos \u00fanicos como o nosso caderno com design valenciano sejam acess\u00edveis a todas as lojas de presentes tur\u00edsticos.<\/p>\n","protected":false},"excerpt":{"rendered":"<p>Caderno de 80 folhas com uma impactante panor\u00e2mica de Val\u00eancia, decorado com um design vibrante que captura a ess\u00eancia da cidade. O acabamento apresenta elementos ic\u00f3nicos, como a Cidade das Artes e das Ci\u00eancias, juntamente com a arquitetura hist\u00f3rica do centro antigo, tudo num belo mosaico de cores brilhantes. Com a sua banda el\u00e1stica vermelha, este caderno \u00e9 ideal para anotar ideias e recorda\u00e7\u00f5es, fundindo funcionalidade e arte.<\/p>\n","protected":false},"featured_media":11641,"template":"","meta":{"_acf_changed":false},"product_brand":[],"product_cat":[808],"product_tag":[],"class_list":{"0":"post-34534","1":"product","2":"type-product","3":"status-publish","4":"has-post-thumbnail","6":"product_cat-cadernos","7":"pa_ciudad-valencia","8":"pa_motivo-panoramas","9":"pa_pais-espana","11":"first","12":"instock","13":"shipping-taxable","14":"product-type-simple"},"acf":[],"_links":{"self":[{"href":"https:\/\/olemosaic.com\/pt-pt\/wp-json\/wp\/v2\/product\/34534","targetHints":{"allow":["GET"]}}],"collection":[{"href":"https:\/\/olemosaic.com\/pt-pt\/wp-json\/wp\/v2\/product"}],"about":[{"href":"https:\/\/olemosaic.com\/pt-pt\/wp-json\/wp\/v2\/types\/product"}],"wp:featuredmedia":[{"embeddable":true,"href":"https:\/\/olemosaic.com\/pt-pt\/wp-json\/wp\/v2\/media\/11641"}],"wp:attachment":[{"href":"https:\/\/olemosaic.com\/pt-pt\/wp-json\/wp\/v2\/media?parent=34534"}],"wp:term":[{"taxonomy":"product_brand","embeddable":true,"href":"https:\/\/olemosaic.com\/pt-pt\/wp-json\/wp\/v2\/product_brand?post=34534"},{"taxonomy":"product_cat","embeddable":true,"href":"https:\/\/olemosaic.com\/pt-pt\/wp-json\/wp\/v2\/product_cat?post=34534"},{"taxonomy":"product_tag","embeddable":true,"href":"https:\/\/olemosaic.com\/pt-pt\/wp-json\/wp\/v2\/product_tag?post=34534"}],"curies":[{"name":"wp","href":"https:\/\/api.w.org\/{rel}","templated":true}]}}