{"id":34493,"date":"2025-02-20T22:34:19","date_gmt":"2025-02-20T22:34:19","guid":{"rendered":"http:\/\/olemosaic.com\/producto\/funda-de-telefono-para-iphone-14-promax-tpu-motivos-marinos-azul\/"},"modified":"2025-07-25T18:45:14","modified_gmt":"2025-07-25T16:45:14","slug":"capa-para-telemovel-iphone-14-pro-max-tpu-motivos-marinhos-azul","status":"publish","type":"product","link":"https:\/\/olemosaic.com\/pt-pt\/produto\/capa-para-telemovel-iphone-14-pro-max-tpu-motivos-marinhos-azul\/","title":{"rendered":"Capa para telem\u00f3vel iPhone 14 Pro Max (TPU). Motivos marinhos. Azul"},"content":{"rendered":"<p>Esta capa para iPhone 14 Pro Max \u00e9 uma aut\u00eantica joia que capta a ess\u00eancia do mar Mediterr\u00e2neo, perfeita para quem deseja levar um peda\u00e7o de Maiorca consigo. Fabricada em TPU de alta qualidade, n\u00e3o s\u00f3 protege o seu dispositivo com robustez, como tamb\u00e9m apresenta vibrantes motivos marinhos que evocam a beleza das \u00e1guas de Maiorca. Um fundo azul profundo alberga um colorido ecossistema submarino, com peixes, tartarugas e cavalos-marinhos a nadar em harmonia, retratados com um estilo moderno e fresco que real\u00e7a a vitalidade da vida marinha.<\/p>\n<p>Na parte inferior, um elegante mosaico em tons quentes destaca o nome &#8220;Mallorca&#8221;, um detalhe que confere um toque visual atraente e refor\u00e7a a liga\u00e7\u00e3o cultural com a ilha. Este design \u00e9 uma homenagem \u00e0 biodiversidade do Mediterr\u00e2neo e, ao mesmo tempo, uma recorda\u00e7\u00e3o perfeita para os turistas que procuram recorda\u00e7\u00f5es aut\u00eanticas da sua visita a Maiorca. Na Ol\u00e9 Mosaic, como grossistas de produtos de presentes tur\u00edsticos, oferecemos esta capa como uma excelente op\u00e7\u00e3o para as lojas que procuram destacar-se no mercado com produtos de qualidade e relev\u00e2ncia cultural. Levar esta capa \u00e9 levar consigo uma recorda\u00e7\u00e3o \u00fanica que celebra a magia de Maiorca.<\/p>\n","protected":false},"excerpt":{"rendered":"<p>Capa para iPhone 14 Pro Max fabricada em TPU, decorada com motivos marinhos vibrantes inspirados nas \u00e1guas de Maiorca. Sobre um fundo azul profundo nadam peixes, tartarugas e cavalos-marinhos coloridos, desenhados com um estilo moderno e fresco. Na parte inferior, um mosaico de tonalidades quentes real\u00e7a o nome &#8220;Mallorca&#8221;, criando um apelo visual que evoca a beleza natural da ilha. Ideal para quem deseja levar um peda\u00e7o do mar no seu dia a dia.<\/p>\n","protected":false},"featured_media":12970,"template":"","meta":{"_acf_changed":false},"product_brand":[],"product_cat":[685],"product_tag":[516],"class_list":{"0":"post-34493","1":"product","2":"type-product","3":"status-publish","4":"has-post-thumbnail","6":"product_cat-capas-para-telemoveis","7":"product_tag-animais","8":"pa_ciudad-mallorca","9":"pa_motivo-animais-marinhos","10":"pa_pais-espana","12":"first","13":"instock","14":"shipping-taxable","15":"product-type-simple"},"acf":[],"_links":{"self":[{"href":"https:\/\/olemosaic.com\/pt-pt\/wp-json\/wp\/v2\/product\/34493","targetHints":{"allow":["GET"]}}],"collection":[{"href":"https:\/\/olemosaic.com\/pt-pt\/wp-json\/wp\/v2\/product"}],"about":[{"href":"https:\/\/olemosaic.com\/pt-pt\/wp-json\/wp\/v2\/types\/product"}],"wp:featuredmedia":[{"embeddable":true,"href":"https:\/\/olemosaic.com\/pt-pt\/wp-json\/wp\/v2\/media\/12970"}],"wp:attachment":[{"href":"https:\/\/olemosaic.com\/pt-pt\/wp-json\/wp\/v2\/media?parent=34493"}],"wp:term":[{"taxonomy":"product_brand","embeddable":true,"href":"https:\/\/olemosaic.com\/pt-pt\/wp-json\/wp\/v2\/product_brand?post=34493"},{"taxonomy":"product_cat","embeddable":true,"href":"https:\/\/olemosaic.com\/pt-pt\/wp-json\/wp\/v2\/product_cat?post=34493"},{"taxonomy":"product_tag","embeddable":true,"href":"https:\/\/olemosaic.com\/pt-pt\/wp-json\/wp\/v2\/product_tag?post=34493"}],"curies":[{"name":"wp","href":"https:\/\/api.w.org\/{rel}","templated":true}]}}