{"id":34491,"date":"2025-02-20T22:34:18","date_gmt":"2025-02-20T22:34:18","guid":{"rendered":"http:\/\/olemosaic.com\/producto\/posavasos-de-ceramica-santiago\/"},"modified":"2025-07-25T19:47:57","modified_gmt":"2025-07-25T17:47:57","slug":"base-para-copos-de-ceramica-santiago","status":"publish","type":"product","link":"https:\/\/olemosaic.com\/pt-pt\/produto\/base-para-copos-de-ceramica-santiago\/","title":{"rendered":"Base para copos de cer\u00e2mica. Santiago."},"content":{"rendered":"<p>Esta base para copos de cer\u00e2mica, inspirada no emblem\u00e1tico Caminho de Santiago, \u00e9 um aut\u00eantico tributo \u00e0 cultura galega. O seu design vibrante capta a majestade da Catedral de Santiago de Compostela, com as suas espl\u00eandidas torres em cores quentes que evocam a riqueza arquitet\u00f3nica deste importante monumento. Adornada com detalhes em mosaico e a ic\u00f3nica concha do peregrino, cada elemento narra a hist\u00f3ria dos milhares de viajantes que percorreram este hist\u00f3rico caminho. Um guia com cajado completa a ilustra\u00e7\u00e3o, simbolizando a perseveran\u00e7a e o esp\u00edrito de descoberta que caracteriza quem empreende a rota jacobeia.<\/p>\n<p>A textura brilhante e os acabamentos de alta qualidade desta base para copos n\u00e3o s\u00f3 asseguram a sua funcionalidade, como tamb\u00e9m a tornam uma requintada recorda\u00e7\u00e3o da cultura galega. Perfeita para quem procura recorda\u00e7\u00f5es de viagem \u00fanicas, esta base para copos \u00e9 uma forma acess\u00edvel e atraente de levar um peda\u00e7o da ess\u00eancia de Santiago. Na Ol\u00e9 Mosaic, orgulhamo-nos de ser distribuidores de recorda\u00e7\u00f5es aut\u00eanticas por grosso, e este artigo representa o nosso compromisso de oferecer produtos que refletem o patrim\u00f3nio cultural de Espanha. Uma op\u00e7\u00e3o ideal para lojas de presentes tur\u00edsticos que desejem oferecer aos seus clientes recorda\u00e7\u00f5es significativas e de qualidade.<\/p>\n","protected":false},"excerpt":{"rendered":"<p>Base para copos de cer\u00e2mica inspirada no famoso Caminho de Santiago. Este design vibrante apresenta a majestade da catedral de Santiago de Compostela, adornada com cores quentes e detalhes de mosaico. Inclui a emblem\u00e1tica concha do peregrino e um caminhante com cajado, mostrando elementos caracter\u00edsticos do trajeto. Com a sua textura brilhante e acabamentos de qualidade, esta base para copos n\u00e3o \u00e9 apenas funcional, mas tamb\u00e9m uma excelente recorda\u00e7\u00e3o da rica cultura galega.<\/p>\n","protected":false},"featured_media":9933,"template":"","meta":{"_acf_changed":false},"product_brand":[],"product_cat":[818],"product_tag":[515],"class_list":{"0":"post-34491","1":"product","2":"type-product","3":"status-publish","4":"has-post-thumbnail","6":"product_cat-bases-de-copos","7":"product_tag-ceramica","8":"pa_ciudad-santiago","9":"pa_pais-espana","11":"first","12":"instock","13":"shipping-taxable","14":"product-type-simple"},"acf":[],"_links":{"self":[{"href":"https:\/\/olemosaic.com\/pt-pt\/wp-json\/wp\/v2\/product\/34491","targetHints":{"allow":["GET"]}}],"collection":[{"href":"https:\/\/olemosaic.com\/pt-pt\/wp-json\/wp\/v2\/product"}],"about":[{"href":"https:\/\/olemosaic.com\/pt-pt\/wp-json\/wp\/v2\/types\/product"}],"wp:featuredmedia":[{"embeddable":true,"href":"https:\/\/olemosaic.com\/pt-pt\/wp-json\/wp\/v2\/media\/9933"}],"wp:attachment":[{"href":"https:\/\/olemosaic.com\/pt-pt\/wp-json\/wp\/v2\/media?parent=34491"}],"wp:term":[{"taxonomy":"product_brand","embeddable":true,"href":"https:\/\/olemosaic.com\/pt-pt\/wp-json\/wp\/v2\/product_brand?post=34491"},{"taxonomy":"product_cat","embeddable":true,"href":"https:\/\/olemosaic.com\/pt-pt\/wp-json\/wp\/v2\/product_cat?post=34491"},{"taxonomy":"product_tag","embeddable":true,"href":"https:\/\/olemosaic.com\/pt-pt\/wp-json\/wp\/v2\/product_tag?post=34491"}],"curies":[{"name":"wp","href":"https:\/\/api.w.org\/{rel}","templated":true}]}}