{"id":34478,"date":"2025-02-20T22:34:18","date_gmt":"2025-02-20T22:34:18","guid":{"rendered":"http:\/\/olemosaic.com\/producto\/posavasos-de-ceramica-salamandra-y-flores\/"},"modified":"2025-07-25T18:48:35","modified_gmt":"2025-07-25T16:48:35","slug":"base-para-copos-de-ceramica-salamandra-e-flores","status":"publish","type":"product","link":"https:\/\/olemosaic.com\/pt-pt\/produto\/base-para-copos-de-ceramica-salamandra-e-flores\/","title":{"rendered":"Base para copos de cer\u00e2mica. Salamandra e flores."},"content":{"rendered":"<p>Esta base para copos de cer\u00e2mica, decorada com uma salamandra vibrante e flores ao estilo mosaico, \u00e9 um reflexo perfeito da rica tradi\u00e7\u00e3o mediterr\u00e2nica. O seu design colorido apresenta uma magn\u00edfica salamandra em tons de verde, vermelho e azul, rodeada de flores amarelas e azuis chamativas que conferem um toque de frescura e alegria. A base branca da pe\u00e7a, juntamente com um acabamento brilhante, intensifica a vivacidade das cores, tornando-a um aut\u00eantico espet\u00e1culo visual que embeleza qualquer mesa e espa\u00e7o.<\/p>\n<p>Esta base para copos elegante e funcional \u00e9 ideal para os amantes da cer\u00e2mica artesanal e dos detalhes decorativos, representando uma recorda\u00e7\u00e3o aut\u00eantica que evoca o folclore das regi\u00f5es costeiras. A salamandra, s\u00edmbolo da adapta\u00e7\u00e3o e da renova\u00e7\u00e3o, liga-se \u00e0 biodiversidade e \u00e0 cultura mediterr\u00e2nica, fazendo deste artigo um belo souvenir para quem procura levar um peda\u00e7o da heran\u00e7a cultural de Espanha ou Portugal. Na Ol\u00e9 Mosaic, oferecemos esta base para copos de cer\u00e2mica como parte da nossa cole\u00e7\u00e3o exclusiva de souvenirs, garantindo autenticidade e qualidade. \u00c9 o presente perfeito para turistas que procuram um produto representativo e funcional, pelo que esta base \u00e9 uma excelente op\u00e7\u00e3o para lojas de presentes tur\u00edsticos que desejem proporcionar aos seus clientes um toque art\u00edstico e significativo.<\/p>\n","protected":false},"excerpt":{"rendered":"<p>Base para copos de cer\u00e2mica decorada com uma salamandra colorida e flores, ao estilo de um mosaico inspirado na tradi\u00e7\u00e3o mediterr\u00e2nica. Esta elegante base apresenta um acabamento brilhante e detalhes vibrantes em tons de verde, vermelho, amarelo e azul, que capturam a ess\u00eancia da natureza. Perfeita para adicionar um toque art\u00edstico e funcional a qualquer mesa, reflete o folclore da regi\u00e3o e \u00e9 ideal para os amantes da cer\u00e2mica artesanal.<\/p>\n","protected":false},"featured_media":8139,"template":"","meta":{"_acf_changed":false},"product_brand":[],"product_cat":[818],"product_tag":[516,515],"class_list":{"0":"post-34478","1":"product","2":"type-product","3":"status-publish","4":"has-post-thumbnail","6":"product_cat-bases-de-copos","7":"product_tag-animais","8":"product_tag-ceramica","9":"pa_motivo-salamandras","11":"first","12":"instock","13":"shipping-taxable","14":"product-type-simple"},"acf":[],"_links":{"self":[{"href":"https:\/\/olemosaic.com\/pt-pt\/wp-json\/wp\/v2\/product\/34478","targetHints":{"allow":["GET"]}}],"collection":[{"href":"https:\/\/olemosaic.com\/pt-pt\/wp-json\/wp\/v2\/product"}],"about":[{"href":"https:\/\/olemosaic.com\/pt-pt\/wp-json\/wp\/v2\/types\/product"}],"wp:featuredmedia":[{"embeddable":true,"href":"https:\/\/olemosaic.com\/pt-pt\/wp-json\/wp\/v2\/media\/8139"}],"wp:attachment":[{"href":"https:\/\/olemosaic.com\/pt-pt\/wp-json\/wp\/v2\/media?parent=34478"}],"wp:term":[{"taxonomy":"product_brand","embeddable":true,"href":"https:\/\/olemosaic.com\/pt-pt\/wp-json\/wp\/v2\/product_brand?post=34478"},{"taxonomy":"product_cat","embeddable":true,"href":"https:\/\/olemosaic.com\/pt-pt\/wp-json\/wp\/v2\/product_cat?post=34478"},{"taxonomy":"product_tag","embeddable":true,"href":"https:\/\/olemosaic.com\/pt-pt\/wp-json\/wp\/v2\/product_tag?post=34478"}],"curies":[{"name":"wp","href":"https:\/\/api.w.org\/{rel}","templated":true}]}}