{"id":34477,"date":"2025-02-20T22:34:18","date_gmt":"2025-02-20T22:34:18","guid":{"rendered":"http:\/\/olemosaic.com\/producto\/posavasos-de-ceramica-salamandra-y-flores-barcelona\/"},"modified":"2025-07-25T18:54:56","modified_gmt":"2025-07-25T16:54:56","slug":"base-para-copos-de-ceramica-salamandra-e-flores-barcelona","status":"publish","type":"product","link":"https:\/\/olemosaic.com\/pt-pt\/produto\/base-para-copos-de-ceramica-salamandra-e-flores-barcelona\/","title":{"rendered":"Base para copos de cer\u00e2mica. Salamandra e flores. Barcelona."},"content":{"rendered":"<p>Esta base para copos de cer\u00e2mica, decorada com uma salamandra e flores coloridas, \u00e9 uma magn\u00edfica representa\u00e7\u00e3o da vibrante est\u00e9tica barcelonesa. Com um design inspirado no famoso mosaico de Antoni Gaud\u00ed, este elegante acess\u00f3rio destaca-se pela sua ilustra\u00e7\u00e3o em tons de vermelho, azul e verde que contrastam de forma requintada sobre um fundo branco. De forma circular, a base apresenta uma salamandra de estilo mosaico, que captura a energia e o dinamismo da cidade condal, rodeada de flores coloridas que conferem um ar fresco e alegre.<\/p>\n<p>A palavra &#8220;Barcelona&#8221;, elegantemente destacada, adiciona um toque local e personalizado, tornando esta base para copos n\u00e3o apenas um objeto funcional, mas tamb\u00e9m uma recorda\u00e7\u00e3o encantadora que evoca a magia da cidade. \u00c9 ideal para proteger superf\u00edcies, e o seu design pitoresco torna-se um elemento decorativo atraente em qualquer casa. Perfeito para turistas que procuram souvenirs de Barcelona, a sua autenticidade e liga\u00e7\u00e3o cultural tornam-no uma excelente op\u00e7\u00e3o para quem deseja levar consigo um peda\u00e7o da rica heran\u00e7a art\u00edstica da cidade.<\/p>\n<p>Na Ol\u00e9 Mosaic, especializamo-nos na distribui\u00e7\u00e3o por grosso de souvenirs como esta base para copos de cer\u00e2mica, assegurando que os nossos clientes encontram sempre produtos de qualidade e relev\u00e2ncia cultural que encantam os seus compradores. Esta pe\u00e7a \u00e9 o complemento ideal para lojas de presentes tur\u00edsticos que procuram destacar-se com artigos aut\u00eanticos e significativos.<\/p>\n","protected":false},"excerpt":{"rendered":"<p>Base para copos de cer\u00e2mica decorada com uma salamandra colorida e flores, inspirada na vibrante est\u00e9tica de Barcelona. Este elegante acess\u00f3rio apresenta uma ilustra\u00e7\u00e3o em mosaico, com tonalidades vermelhas, azuis e verdes que contrastam sobre um fundo branco. A palavra &#8220;Barcelona&#8221; destaca-se, adicionando um toque local. Ideal para proteger superf\u00edcies, o seu design pitoresco tamb\u00e9m atua como um elemento decorativo atraente em qualquer casa.<\/p>\n","protected":false},"featured_media":8136,"template":"","meta":{"_acf_changed":false},"product_brand":[],"product_cat":[818],"product_tag":[516,515],"class_list":{"0":"post-34477","1":"product","2":"type-product","3":"status-publish","4":"has-post-thumbnail","6":"product_cat-bases-de-copos","7":"product_tag-animais","8":"product_tag-ceramica","9":"pa_ciudad-barcelona","10":"pa_motivo-salamandras","11":"pa_pais-espana","13":"first","14":"instock","15":"shipping-taxable","16":"product-type-simple"},"acf":[],"_links":{"self":[{"href":"https:\/\/olemosaic.com\/pt-pt\/wp-json\/wp\/v2\/product\/34477","targetHints":{"allow":["GET"]}}],"collection":[{"href":"https:\/\/olemosaic.com\/pt-pt\/wp-json\/wp\/v2\/product"}],"about":[{"href":"https:\/\/olemosaic.com\/pt-pt\/wp-json\/wp\/v2\/types\/product"}],"wp:featuredmedia":[{"embeddable":true,"href":"https:\/\/olemosaic.com\/pt-pt\/wp-json\/wp\/v2\/media\/8136"}],"wp:attachment":[{"href":"https:\/\/olemosaic.com\/pt-pt\/wp-json\/wp\/v2\/media?parent=34477"}],"wp:term":[{"taxonomy":"product_brand","embeddable":true,"href":"https:\/\/olemosaic.com\/pt-pt\/wp-json\/wp\/v2\/product_brand?post=34477"},{"taxonomy":"product_cat","embeddable":true,"href":"https:\/\/olemosaic.com\/pt-pt\/wp-json\/wp\/v2\/product_cat?post=34477"},{"taxonomy":"product_tag","embeddable":true,"href":"https:\/\/olemosaic.com\/pt-pt\/wp-json\/wp\/v2\/product_tag?post=34477"}],"curies":[{"name":"wp","href":"https:\/\/api.w.org\/{rel}","templated":true}]}}