{"id":34476,"date":"2025-02-20T22:34:18","date_gmt":"2025-02-20T22:34:18","guid":{"rendered":"http:\/\/olemosaic.com\/producto\/posavasos-de-ceramica-mosaico-barcelona\/"},"modified":"2025-07-25T19:48:37","modified_gmt":"2025-07-25T17:48:37","slug":"base-para-copos-de-ceramica-mosaico-barcelona","status":"publish","type":"product","link":"https:\/\/olemosaic.com\/pt-pt\/produto\/base-para-copos-de-ceramica-mosaico-barcelona\/","title":{"rendered":"Base para copos de cer\u00e2mica. Mosaico. Barcelona."},"content":{"rendered":"<p>Esta base para copos de cer\u00e2mica, decorada com um mosaico vibrante, presta homenagem \u00e0 rica heran\u00e7a de Barcelona, capturando a ess\u00eancia da arte modernista da cidade. Com um design circular, apresenta uma combina\u00e7\u00e3o intrigante de motivos geom\u00e9tricos, como formas florais, estrelas e padr\u00f5es entrela\u00e7ados, numa paleta de cores intensas que abrange tons de azul, vermelho e amarelo. Cada sec\u00e7\u00e3o do mosaico mostra uma aten\u00e7\u00e3o cuidada ao detalhe, criando uma pe\u00e7a visualmente atraente, funcional e decorativa, perfeita para adicionar um toque cultural a qualquer mesa. Na parte inferior, a palavra &#8220;Barcelona&#8221; est\u00e1 elegantemente impressa, tornando esta base para copos um aut\u00eantico souvenir que celebra a identidade da cidade. \u00c9 ideal tanto para turistas que procuram recorda\u00e7\u00f5es representativas como para lojas de presentes que desejem oferecer produtos aut\u00eanticos e de qualidade. Na Ol\u00e9 Mosaic, orgulhamo-nos de ser distribuidores de souvenirs que real\u00e7am a cultura local, e esta base para copos de cer\u00e2mica \u00e9 um exemplo perfeito de como levar um peda\u00e7o de Barcelona para casa.<\/p>\n","protected":false},"excerpt":{"rendered":"<p>Base para copos de cer\u00e2mica decorada com um mosaico vibrante que presta homenagem \u00e0 rica heran\u00e7a de Barcelona. Esta base apresenta m\u00faltiplos motivos geom\u00e9tricos em tons de azul, vermelho e amarelo, capturando a ess\u00eancia da arte modernista da cidade. Com a palavra &#8220;Barcelona&#8221; impressa na parte inferior, \u00e9 um objeto funcional que tamb\u00e9m serve como pe\u00e7a decorativa, ideal para conferir um toque cultural a qualquer mesa.<\/p>\n","protected":false},"featured_media":9111,"template":"","meta":{"_acf_changed":false},"product_brand":[],"product_cat":[818],"product_tag":[515],"class_list":{"0":"post-34476","1":"product","2":"type-product","3":"status-publish","4":"has-post-thumbnail","6":"product_cat-bases-de-copos","7":"product_tag-ceramica","8":"pa_ciudad-barcelona","9":"pa_motivo-mosaico","10":"pa_pais-espana","12":"first","13":"instock","14":"shipping-taxable","15":"product-type-simple"},"acf":[],"_links":{"self":[{"href":"https:\/\/olemosaic.com\/pt-pt\/wp-json\/wp\/v2\/product\/34476","targetHints":{"allow":["GET"]}}],"collection":[{"href":"https:\/\/olemosaic.com\/pt-pt\/wp-json\/wp\/v2\/product"}],"about":[{"href":"https:\/\/olemosaic.com\/pt-pt\/wp-json\/wp\/v2\/types\/product"}],"wp:featuredmedia":[{"embeddable":true,"href":"https:\/\/olemosaic.com\/pt-pt\/wp-json\/wp\/v2\/media\/9111"}],"wp:attachment":[{"href":"https:\/\/olemosaic.com\/pt-pt\/wp-json\/wp\/v2\/media?parent=34476"}],"wp:term":[{"taxonomy":"product_brand","embeddable":true,"href":"https:\/\/olemosaic.com\/pt-pt\/wp-json\/wp\/v2\/product_brand?post=34476"},{"taxonomy":"product_cat","embeddable":true,"href":"https:\/\/olemosaic.com\/pt-pt\/wp-json\/wp\/v2\/product_cat?post=34476"},{"taxonomy":"product_tag","embeddable":true,"href":"https:\/\/olemosaic.com\/pt-pt\/wp-json\/wp\/v2\/product_tag?post=34476"}],"curies":[{"name":"wp","href":"https:\/\/api.w.org\/{rel}","templated":true}]}}