{"id":34475,"date":"2025-02-20T23:34:17","date_gmt":"2025-02-20T22:34:17","guid":{"rendered":"http:\/\/olemosaic.com\/producto\/posavasos-de-ceramica-gato-mallorca-2\/"},"modified":"2025-07-25T20:06:17","modified_gmt":"2025-07-25T18:06:17","slug":"base-para-copos-de-ceramica-gato-maiorca-2","status":"publish","type":"product","link":"https:\/\/olemosaic.com\/pt-pt\/produto\/base-para-copos-de-ceramica-gato-maiorca-2\/","title":{"rendered":"Base para copos de cer\u00e2mica. Gato. Borboletas. Maiorca."},"content":{"rendered":"<p>Esta base para copos de cer\u00e2mica, decorada com gatos alegres, \u00e9 uma magn\u00edfica representa\u00e7\u00e3o do ambiente vibrante de Maiorca. Concebida com a t\u00e9cnica do mosaico, este objeto n\u00e3o \u00e9 apenas funcional, mas tamb\u00e9m uma pe\u00e7a art\u00edstica que real\u00e7a qualquer espa\u00e7o. O seu design pintado \u00e0 m\u00e3o mostra tr\u00eas gatos ador\u00e1veis em diferentes posturas, cada um com cores chamativas que capturam a ess\u00eancia alegre e descontra\u00edda da vida nesta bela ilha. Rodeados de borboletas que conferem dinamismo, o fundo multicolorido complementa na perfei\u00e7\u00e3o a figura dos gatos, criando um apelo visual \u00fanico que atrair\u00e1 quem procura souvenirs genu\u00ednos e representativos.<\/p>\n<p>A palavra &#8220;MALLORCA&#8221; na parte superior da base destaca a liga\u00e7\u00e3o cultural do produto, tornando este acess\u00f3rio uma recorda\u00e7\u00e3o perfeita para os turistas que desejam levar consigo um peda\u00e7o desta ilha encantadora. Esta base para copos n\u00e3o s\u00f3 encarna a rica heran\u00e7a art\u00edstica de Maiorca, como tamb\u00e9m \u00e9 um excelente presente para quem valoriza souvenirs com significado. Na Ol\u00e9 Mosaic, como distribuidores de souvenirs por grosso, oferecemos produtos que celebram a cultura local, e esta base para copos de cer\u00e2mica \u00e9 uma op\u00e7\u00e3o ideal para lojas de presentes tur\u00edsticos que procuram artigos aut\u00eanticos e atraentes.<\/p>\n","protected":false},"excerpt":{"rendered":"<p>Base para copos de cer\u00e2mica decorada com gatos coloridos, inspirada no ambiente vibrante de Maiorca. Esta atraente base conta com um design artesanal, pintado \u00e0 m\u00e3o, que representa tr\u00eas gatos em diferentes posturas, rodeados de borboletas e sobre um fundo de cores brilhantes. A t\u00e9cnica do mosaico utilizada confere uma textura interessante e um ar art\u00edstico, enquanto a palavra &#8220;MALLORCA&#8221; se destaca na parte superior, tornando-a um souvenir ideal e funcional.<\/p>\n","protected":false},"featured_media":8963,"template":"","meta":{"_acf_changed":false},"product_brand":[],"product_cat":[818],"product_tag":[516,515],"class_list":{"0":"post-34475","1":"product","2":"type-product","3":"status-publish","4":"has-post-thumbnail","6":"product_cat-bases-de-copos","7":"product_tag-animais","8":"product_tag-ceramica","9":"pa_ciudad-mallorca","10":"pa_motivo-gatos","11":"pa_pais-espana","13":"first","14":"instock","15":"shipping-taxable","16":"product-type-simple"},"acf":[],"_links":{"self":[{"href":"https:\/\/olemosaic.com\/pt-pt\/wp-json\/wp\/v2\/product\/34475","targetHints":{"allow":["GET"]}}],"collection":[{"href":"https:\/\/olemosaic.com\/pt-pt\/wp-json\/wp\/v2\/product"}],"about":[{"href":"https:\/\/olemosaic.com\/pt-pt\/wp-json\/wp\/v2\/types\/product"}],"wp:featuredmedia":[{"embeddable":true,"href":"https:\/\/olemosaic.com\/pt-pt\/wp-json\/wp\/v2\/media\/8963"}],"wp:attachment":[{"href":"https:\/\/olemosaic.com\/pt-pt\/wp-json\/wp\/v2\/media?parent=34475"}],"wp:term":[{"taxonomy":"product_brand","embeddable":true,"href":"https:\/\/olemosaic.com\/pt-pt\/wp-json\/wp\/v2\/product_brand?post=34475"},{"taxonomy":"product_cat","embeddable":true,"href":"https:\/\/olemosaic.com\/pt-pt\/wp-json\/wp\/v2\/product_cat?post=34475"},{"taxonomy":"product_tag","embeddable":true,"href":"https:\/\/olemosaic.com\/pt-pt\/wp-json\/wp\/v2\/product_tag?post=34475"}],"curies":[{"name":"wp","href":"https:\/\/api.w.org\/{rel}","templated":true}]}}