{"id":34473,"date":"2025-02-20T22:34:17","date_gmt":"2025-02-20T22:34:17","guid":{"rendered":"http:\/\/olemosaic.com\/producto\/posavasos-de-ceramica-bailaora-tenerife\/"},"modified":"2025-07-25T18:58:08","modified_gmt":"2025-07-25T16:58:08","slug":"base-de-copos-de-ceramica-bailarina-tenerife","status":"publish","type":"product","link":"https:\/\/olemosaic.com\/pt-pt\/produto\/base-de-copos-de-ceramica-bailarina-tenerife\/","title":{"rendered":"Base de copos de cer\u00e2mica. Bailarina. Tenerife."},"content":{"rendered":"<p>Esta base de copos de cer\u00e2mica, adornada com uma vibrante ilustra\u00e7\u00e3o de uma bailarina, evoca o rico folclore de Tenerife, tornando-se uma recorda\u00e7\u00e3o perfeita das tradi\u00e7\u00f5es can\u00e1rias. O design mostra uma bailarina trajada com um vestido cheio de detalhes multicoloridos, cujos tons vivos evocam a alegria e o esp\u00edrito das festas t\u00edpicas da ilha. Rodeada de exuberantes flores vermelhas, a figura central da bailarina destaca-se num contexto festivo e vibrante, com uma borda vermelha decorativa que emoldura o design e lhe confere um toque de eleg\u00e2ncia.<\/p>\n<p>Esta base de copos n\u00e3o s\u00f3 \u00e9 um acess\u00f3rio pr\u00e1tico para proteger as superf\u00edcies da sua casa, como tamb\u00e9m adiciona um elemento art\u00edstico e cultural a qualquer mesa. Feita de cer\u00e2mica de alta qualidade, a sua durabilidade torna-a uma recorda\u00e7\u00e3o ideal para turistas e amantes da arte folcl\u00f3rica. A liga\u00e7\u00e3o cultural desta pe\u00e7a com Tenerife reside na sua representa\u00e7\u00e3o do flamenco, uma arte muito presente nas festividades locais, que simboliza a identidade e a paix\u00e3o das Ilhas Can\u00e1rias.<\/p>\n<p>Na Ol\u00e9 Mosaic, dedicamo-nos a oferecer souvenirs aut\u00eanticos que capturam a ess\u00eancia do patrim\u00f3nio cultural espanhol, e esta base de copos de bailarina \u00e9 uma op\u00e7\u00e3o excecional para lojas de presentes tur\u00edsticos que procuram produtos distintivos. \u00c9 uma excelente forma de levar um peda\u00e7o da cultura can\u00e1ria, ideal para quem procura recorda\u00e7\u00f5es aut\u00eanticas e coloridas de Tenerife.<\/p>\n","protected":false},"excerpt":{"rendered":"<p>Base de copos de cer\u00e2mica com uma vibrante ilustra\u00e7\u00e3o de uma bailarina, evocando o folclore de Tenerife. O design apresenta a bailarina com um vestido cheio de detalhes multicoloridos, rodeada de flores vermelhas, tudo emoldurado por uma borda decorativa vermelha. Este artigo funde elementos t\u00edpicos da cultura can\u00e1ria, tornando-se um souvenir ideal que adiciona um toque art\u00edstico e cultural a qualquer mesa.<\/p>\n","protected":false},"featured_media":13817,"template":"","meta":{"_acf_changed":false},"product_brand":[],"product_cat":[818],"product_tag":[515],"class_list":{"0":"post-34473","1":"product","2":"type-product","3":"status-publish","4":"has-post-thumbnail","6":"product_cat-bases-de-copos","7":"product_tag-ceramica","8":"pa_ciudad-tenerife","9":"pa_motivo-dancarinos","10":"pa_pais-espana","12":"first","13":"instock","14":"shipping-taxable","15":"product-type-simple"},"acf":[],"_links":{"self":[{"href":"https:\/\/olemosaic.com\/pt-pt\/wp-json\/wp\/v2\/product\/34473","targetHints":{"allow":["GET"]}}],"collection":[{"href":"https:\/\/olemosaic.com\/pt-pt\/wp-json\/wp\/v2\/product"}],"about":[{"href":"https:\/\/olemosaic.com\/pt-pt\/wp-json\/wp\/v2\/types\/product"}],"wp:featuredmedia":[{"embeddable":true,"href":"https:\/\/olemosaic.com\/pt-pt\/wp-json\/wp\/v2\/media\/13817"}],"wp:attachment":[{"href":"https:\/\/olemosaic.com\/pt-pt\/wp-json\/wp\/v2\/media?parent=34473"}],"wp:term":[{"taxonomy":"product_brand","embeddable":true,"href":"https:\/\/olemosaic.com\/pt-pt\/wp-json\/wp\/v2\/product_brand?post=34473"},{"taxonomy":"product_cat","embeddable":true,"href":"https:\/\/olemosaic.com\/pt-pt\/wp-json\/wp\/v2\/product_cat?post=34473"},{"taxonomy":"product_tag","embeddable":true,"href":"https:\/\/olemosaic.com\/pt-pt\/wp-json\/wp\/v2\/product_tag?post=34473"}],"curies":[{"name":"wp","href":"https:\/\/api.w.org\/{rel}","templated":true}]}}