{"id":34472,"date":"2025-02-20T23:34:17","date_gmt":"2025-02-20T22:34:17","guid":{"rendered":"http:\/\/olemosaic.com\/producto\/posavasos-de-ceramica-salamandra-mallorca-3\/"},"modified":"2025-07-25T20:34:42","modified_gmt":"2025-07-25T18:34:42","slug":"base-de-copos-de-ceramica-salamandra-maiorca-3","status":"publish","type":"product","link":"https:\/\/olemosaic.com\/pt-pt\/produto\/base-de-copos-de-ceramica-salamandra-maiorca-3\/","title":{"rendered":"Base de copos de cer\u00e2mica. Salamandra. Ilha. Maiorca."},"content":{"rendered":"<p>Esta base de copos de cer\u00e2mica arredondada \u00e9 uma aut\u00eantica representa\u00e7\u00e3o da vibrante fauna de Maiorca. Decorada com um design cativante de salamandras, este artigo artesanal destaca-se pelo seu esquema de cores alegre e vivo. As salamandras, em tons de vermelho, verde e azul, espalham-se com gra\u00e7a sobre um fundo de azulejos claros, criando um contraste visual encantador que atrair\u00e1 todos os olhares. Rodeada de delicadas flores multicoloridas que evocam a rica biodiversidade das Ilhas Baleares, esta base de copos n\u00e3o s\u00f3 \u00e9 funcional, como tamb\u00e9m serve como um elegante elemento decorativo para qualquer mesa.<\/p>\n<p>A inscri\u00e7\u00e3o &#8220;MALLORCA&#8221; adiciona um toque distintivo, destacando a sua liga\u00e7\u00e3o cultural com a ilha e a sua autenticidade como souvenir. Esta base de copos n\u00e3o s\u00f3 recordar\u00e1 aos turistas a sua visita a esta regi\u00e3o paradis\u00edaca, como tamb\u00e9m \u00e9 um excelente presente para aqueles que procuram levar um peda\u00e7o da beleza mediterr\u00e2nica para casa. Na Ol\u00e9 Mosaic, especializamo-nos na distribui\u00e7\u00e3o de souvenirs por grosso, e esta base de copos de cer\u00e2mica \u00e9 uma op\u00e7\u00e3o ideal para lojas de presentes tur\u00edsticos que desejem oferecer produtos \u00fanicos que capturem a ess\u00eancia de Maiorca. Com o seu design apelativo e a sua relev\u00e2ncia cultural, \u00e9 um souvenir irresist\u00edvel para qualquer viajante.<\/p>\n","protected":false},"excerpt":{"rendered":"<p>Base de copos de cer\u00e2mica redonda, decorada com um vibrante design de salamandras que evocam a rica fauna de Maiorca. Este artigo artesanal apresenta um esquema de cores alegre, com salamandras em tons de vermelho, verde e azul, rodeadas de flores multicoloridas sobre um fundo de azulejos claros. A inscri\u00e7\u00e3o &#8220;MALLORCA&#8221; adiciona um toque distintivo, tornando esta base de copos uma recorda\u00e7\u00e3o perfeita do encanto balear. Ideal para dar um toque colorido a qualquer mesa.<\/p>\n","protected":false},"featured_media":8964,"template":"","meta":{"_acf_changed":false},"product_brand":[],"product_cat":[818],"product_tag":[516,515],"class_list":{"0":"post-34472","1":"product","2":"type-product","3":"status-publish","4":"has-post-thumbnail","6":"product_cat-bases-de-copos","7":"product_tag-animais","8":"product_tag-ceramica","9":"pa_ciudad-mallorca","10":"pa_motivo-salamandras","11":"pa_pais-espana","13":"first","14":"instock","15":"shipping-taxable","16":"product-type-simple"},"acf":[],"_links":{"self":[{"href":"https:\/\/olemosaic.com\/pt-pt\/wp-json\/wp\/v2\/product\/34472","targetHints":{"allow":["GET"]}}],"collection":[{"href":"https:\/\/olemosaic.com\/pt-pt\/wp-json\/wp\/v2\/product"}],"about":[{"href":"https:\/\/olemosaic.com\/pt-pt\/wp-json\/wp\/v2\/types\/product"}],"wp:featuredmedia":[{"embeddable":true,"href":"https:\/\/olemosaic.com\/pt-pt\/wp-json\/wp\/v2\/media\/8964"}],"wp:attachment":[{"href":"https:\/\/olemosaic.com\/pt-pt\/wp-json\/wp\/v2\/media?parent=34472"}],"wp:term":[{"taxonomy":"product_brand","embeddable":true,"href":"https:\/\/olemosaic.com\/pt-pt\/wp-json\/wp\/v2\/product_brand?post=34472"},{"taxonomy":"product_cat","embeddable":true,"href":"https:\/\/olemosaic.com\/pt-pt\/wp-json\/wp\/v2\/product_cat?post=34472"},{"taxonomy":"product_tag","embeddable":true,"href":"https:\/\/olemosaic.com\/pt-pt\/wp-json\/wp\/v2\/product_tag?post=34472"}],"curies":[{"name":"wp","href":"https:\/\/api.w.org\/{rel}","templated":true}]}}