{"id":34446,"date":"2025-02-20T22:34:16","date_gmt":"2025-02-20T22:34:16","guid":{"rendered":"http:\/\/olemosaic.com\/producto\/posavasos-de-ceramica-gato-mallorca\/"},"modified":"2025-07-25T19:22:25","modified_gmt":"2025-07-25T17:22:25","slug":"base-copos-ceramica-gato-maiorca","status":"publish","type":"product","link":"https:\/\/olemosaic.com\/pt-pt\/produto\/base-copos-ceramica-gato-maiorca\/","title":{"rendered":"Base para copos de cer\u00e2mica. Gato. Maiorca."},"content":{"rendered":"<p>Esta base para copos de cer\u00e2mica \u00e9 uma representa\u00e7\u00e3o ensolarada do esp\u00edrito de Maiorca, que evoca a alegria e a beleza da ilha. Com um gato colorido como protagonista, este artigo destaca-se pelo seu design vibrante e art\u00edstico, inspirado na vida quotidiana da regi\u00e3o. O gato, com o seu pelo de mosaico em tons de azul, verde e laranja, assenta sobre um fundo de mosaico que recorda as ruas e pra\u00e7as cheias de vida de Maiorca. Ao redor deste encantador felino, pequenas borboletas vermelhas e azuis acrescentam um toque de dinamismo, criando uma atmosfera de frescura e vitalidade.<\/p>\n<p>O nome &#8220;MALLORCA&#8221; est\u00e1 elegantemente impresso na parte inferior, conferindo um toque distintivo a esta recorda\u00e7\u00e3o. Com o seu acabamento brilhante, a base para copos n\u00e3o s\u00f3 \u00e9 funcional, como tamb\u00e9m serve como pe\u00e7a decorativa que adiciona uma nuance art\u00edstica a qualquer mesa. \u00c9 o souvenir ideal para quem deseja levar um peda\u00e7o da cultura maiorquina para casa, celebrando n\u00e3o s\u00f3 a sua beleza, mas tamb\u00e9m a sua liga\u00e7\u00e3o com a vida insular.<\/p>\n<p>Na Ol\u00e9 Mosaic, somos especialistas na distribui\u00e7\u00e3o de souvenirs por grosso, e esta base para copos de cer\u00e2mica \u00e9 uma representa\u00e7\u00e3o perfeita da arte e da tradi\u00e7\u00e3o de Maiorca. Ideal para lojas de presentes tur\u00edsticos, este artigo captura a ess\u00eancia da ilha, oferecendo aos visitantes uma recorda\u00e7\u00e3o aut\u00eantica e representativa que os far\u00e1 recordar sempre a sua experi\u00eancia neste para\u00edso mediterr\u00e2nico. Como grossistas de souvenirs, garantimos qualidade e autenticidade em cada produto que oferecemos.<\/p>\n","protected":false},"excerpt":{"rendered":"<p>Base para copos de cer\u00e2mica com um design vibrante de um gato inspirado na vida em Maiorca. Este atraente artigo apresenta um fundo de mosaico de cores brilhantes e borboletas, com o nome &#8220;MALLORCA&#8221; impresso na parte inferior. Com um acabamento brilhante e uma t\u00e9cnica de pintura que real\u00e7a os tons vivos, esta base para copos \u00e9 uma recorda\u00e7\u00e3o perfeita que adiciona um toque art\u00edstico e alegre a qualquer mesa.<\/p>\n","protected":false},"featured_media":8959,"template":"","meta":{"_acf_changed":false},"product_brand":[],"product_cat":[818],"product_tag":[516,515],"class_list":{"0":"post-34446","1":"product","2":"type-product","3":"status-publish","4":"has-post-thumbnail","6":"product_cat-bases-de-copos","7":"product_tag-animais","8":"product_tag-ceramica","9":"pa_ciudad-mallorca","10":"pa_motivo-gatos","11":"pa_pais-espana","13":"first","14":"instock","15":"shipping-taxable","16":"product-type-simple"},"acf":[],"_links":{"self":[{"href":"https:\/\/olemosaic.com\/pt-pt\/wp-json\/wp\/v2\/product\/34446","targetHints":{"allow":["GET"]}}],"collection":[{"href":"https:\/\/olemosaic.com\/pt-pt\/wp-json\/wp\/v2\/product"}],"about":[{"href":"https:\/\/olemosaic.com\/pt-pt\/wp-json\/wp\/v2\/types\/product"}],"wp:featuredmedia":[{"embeddable":true,"href":"https:\/\/olemosaic.com\/pt-pt\/wp-json\/wp\/v2\/media\/8959"}],"wp:attachment":[{"href":"https:\/\/olemosaic.com\/pt-pt\/wp-json\/wp\/v2\/media?parent=34446"}],"wp:term":[{"taxonomy":"product_brand","embeddable":true,"href":"https:\/\/olemosaic.com\/pt-pt\/wp-json\/wp\/v2\/product_brand?post=34446"},{"taxonomy":"product_cat","embeddable":true,"href":"https:\/\/olemosaic.com\/pt-pt\/wp-json\/wp\/v2\/product_cat?post=34446"},{"taxonomy":"product_tag","embeddable":true,"href":"https:\/\/olemosaic.com\/pt-pt\/wp-json\/wp\/v2\/product_tag?post=34446"}],"curies":[{"name":"wp","href":"https:\/\/api.w.org\/{rel}","templated":true}]}}