{"id":34445,"date":"2025-02-20T23:34:16","date_gmt":"2025-02-20T22:34:16","guid":{"rendered":"http:\/\/olemosaic.com\/producto\/posavasos-de-ceramica-mosaico-3\/"},"modified":"2025-07-25T19:27:28","modified_gmt":"2025-07-25T17:27:28","slug":"base-copos-ceramica-mosaico-3","status":"publish","type":"product","link":"https:\/\/olemosaic.com\/pt-pt\/produto\/base-copos-ceramica-mosaico-3\/","title":{"rendered":"Base para copos de cer\u00e2mica. Mosaico. Espanha."},"content":{"rendered":"<p>Esta base para copos de cer\u00e2mica \u00e9 uma magn\u00edfica representa\u00e7\u00e3o da rica tradi\u00e7\u00e3o do design de azulejos em Espanha, concebida para evocar o colorido e a eleg\u00e2ncia da cultura espanhola. Decorada com um vibrante mosaico, apresenta uma fascinante variedade de padr\u00f5es geom\u00e9tricos em tons de azul, cinzento e atraentes toques de vermelho e amarelo, criando uma composi\u00e7\u00e3o visualmente cativante. Cada detalhe foi cuidadosamente elaborado, refletindo a excecional mestria que caracteriza as recorda\u00e7\u00f5es de cer\u00e2mica da regi\u00e3o. A cer\u00e2mica de alta qualidade n\u00e3o s\u00f3 garante a sua durabilidade, como o seu acabamento liso e resistente ao calor torna-a um complemento pr\u00e1tico para qualquer mesa, protegendo as superf\u00edcies das altas temperaturas e da humidade.<\/p>\n<p>Esta base para copos \u00e9 mais do que um simples objeto decorativo; \u00e9 uma recorda\u00e7\u00e3o cultural aut\u00eantica que encarna a beleza do patrim\u00f3nio espanhol. O seu design evoca os tradicionais azulejos que adornam numerosos edif\u00edcios hist\u00f3ricos em cidades como Sevilha e Granada, ligando os turistas \u00e0 hist\u00f3ria e \u00e0 tradi\u00e7\u00e3o local. Na Ol\u00e9 Mosaic especializamo-nos na distribui\u00e7\u00e3o de recorda\u00e7\u00f5es por grosso, oferecendo pe\u00e7as que celebram a ess\u00eancia de Espanha. Esta elegante op\u00e7\u00e3o \u00e9 ideal para lojas de presentes tur\u00edsticos que procuram artigos aut\u00eanticos e culturalmente significativos. Com esta base para copos de cer\u00e2mica, os visitantes podem levar para casa um peda\u00e7o de Espanha, adicionando um toque cultural e colorido ao seu lar.<\/p>\n","protected":false},"excerpt":{"rendered":"<p>Base para copos de cer\u00e2mica decorada com um vibrante mosaico que evoca a rica tradi\u00e7\u00e3o do design de azulejos em Espanha. Esta elegante base apresenta uma variedade de padr\u00f5es geom\u00e9tricos em tons de azul e cinzento, com toques de vermelho e amarelo, criando uma composi\u00e7\u00e3o visualmente atraente. A cer\u00e2mica de alta qualidade garante durabilidade, enquanto o seu acabamento liso e resistente ao calor a torna um complemento ideal para qualquer mesa. Perfeita para adicionar um toque cultural ao seu lar.<\/p>\n","protected":false},"featured_media":7904,"template":"","meta":{"_acf_changed":false},"product_brand":[],"product_cat":[818],"product_tag":[515],"class_list":{"0":"post-34445","1":"product","2":"type-product","3":"status-publish","4":"has-post-thumbnail","6":"product_cat-bases-de-copos","7":"product_tag-ceramica","8":"pa_motivo-mosaico","10":"first","11":"instock","12":"shipping-taxable","13":"product-type-simple"},"acf":[],"_links":{"self":[{"href":"https:\/\/olemosaic.com\/pt-pt\/wp-json\/wp\/v2\/product\/34445","targetHints":{"allow":["GET"]}}],"collection":[{"href":"https:\/\/olemosaic.com\/pt-pt\/wp-json\/wp\/v2\/product"}],"about":[{"href":"https:\/\/olemosaic.com\/pt-pt\/wp-json\/wp\/v2\/types\/product"}],"wp:featuredmedia":[{"embeddable":true,"href":"https:\/\/olemosaic.com\/pt-pt\/wp-json\/wp\/v2\/media\/7904"}],"wp:attachment":[{"href":"https:\/\/olemosaic.com\/pt-pt\/wp-json\/wp\/v2\/media?parent=34445"}],"wp:term":[{"taxonomy":"product_brand","embeddable":true,"href":"https:\/\/olemosaic.com\/pt-pt\/wp-json\/wp\/v2\/product_brand?post=34445"},{"taxonomy":"product_cat","embeddable":true,"href":"https:\/\/olemosaic.com\/pt-pt\/wp-json\/wp\/v2\/product_cat?post=34445"},{"taxonomy":"product_tag","embeddable":true,"href":"https:\/\/olemosaic.com\/pt-pt\/wp-json\/wp\/v2\/product_tag?post=34445"}],"curies":[{"name":"wp","href":"https:\/\/api.w.org\/{rel}","templated":true}]}}