{"id":34444,"date":"2025-02-20T23:34:15","date_gmt":"2025-02-20T22:34:15","guid":{"rendered":"http:\/\/olemosaic.com\/producto\/posavasos-de-ceramica-patio\/"},"modified":"2025-07-25T18:49:52","modified_gmt":"2025-07-25T16:49:52","slug":"base-copos-ceramica-patio","status":"publish","type":"product","link":"https:\/\/olemosaic.com\/pt-pt\/produto\/base-copos-ceramica-patio\/","title":{"rendered":"Base para copos de cer\u00e2mica. P\u00e1tio."},"content":{"rendered":"<p>Esta base para copos de cer\u00e2mica \u00e9 uma evocativa pe\u00e7a de arte que captura a ess\u00eancia vibrante de um p\u00e1tio andaluz. Com um design pintado \u00e0 m\u00e3o, a base ilustra um casal de bailarinos em pleno baile flamenco. A mulher, vestida com um tradicional vestido vermelho com folhos e segurando um leque, irradia paix\u00e3o e eleg\u00e2ncia. Ao seu lado, o homem, com o seu traje cl\u00e1ssico, acompanha a dan\u00e7a com movimentos fluidos, criando uma imagem que celebra a cultura espanhola. O fundo do design est\u00e1 adornado com vasos coloridos cheios de flores, que acrescentam um toque de frescura e alegria, enquanto uma guitarra e uma cadeira de madeira complementam a cena, evocando a autenticidade do folclore espanhol.<\/p>\n<p>Esta base para copos n\u00e3o s\u00f3 \u00e9 um elemento pr\u00e1tico para proteger as mesas, como tamb\u00e9m atua como uma encantadora recorda\u00e7\u00e3o da rica heran\u00e7a cultural de Espanha, ideal para quem procura um souvenir representativo da sua viagem. Na Ol\u00e9 Mosaic, especializamo-nos na distribui\u00e7\u00e3o de souvenirs por grosso, oferecendo produtos \u00fanicos que refletem a diversidade cultural deste belo pa\u00eds. Esta base para copos de cer\u00e2mica \u00e9 uma excelente op\u00e7\u00e3o para lojas de presentes tur\u00edsticos que desejem oferecer artigos com um significado profundo e uma liga\u00e7\u00e3o cultural aut\u00eantica.<\/p>\n","protected":false},"excerpt":{"rendered":"<p>Bases para copos de cer\u00e2mica inspiradas num vibrante p\u00e1tio andaluz, adornadas com vasos coloridos e flores. Este atraente design artesanal, pintado \u00e0 m\u00e3o, mostra um casal de bailarinos em plena dan\u00e7a flamenca, com a mulher vestida com um tradicional vestido vermelho com folhos e um leque. Completam a cena uma guitarra e uma cadeira de madeira, evocando a ess\u00eancia cultural de Espanha. Ideal para adicionar um toque art\u00edstico a qualquer mesa.<\/p>\n","protected":false},"featured_media":8515,"template":"","meta":{"_acf_changed":false},"product_brand":[],"product_cat":[818],"product_tag":[515],"class_list":{"0":"post-34444","1":"product","2":"type-product","3":"status-publish","4":"has-post-thumbnail","6":"product_cat-bases-de-copos","7":"product_tag-ceramica","8":"pa_motivo-patios","10":"first","11":"instock","12":"shipping-taxable","13":"product-type-simple"},"acf":[],"_links":{"self":[{"href":"https:\/\/olemosaic.com\/pt-pt\/wp-json\/wp\/v2\/product\/34444","targetHints":{"allow":["GET"]}}],"collection":[{"href":"https:\/\/olemosaic.com\/pt-pt\/wp-json\/wp\/v2\/product"}],"about":[{"href":"https:\/\/olemosaic.com\/pt-pt\/wp-json\/wp\/v2\/types\/product"}],"wp:featuredmedia":[{"embeddable":true,"href":"https:\/\/olemosaic.com\/pt-pt\/wp-json\/wp\/v2\/media\/8515"}],"wp:attachment":[{"href":"https:\/\/olemosaic.com\/pt-pt\/wp-json\/wp\/v2\/media?parent=34444"}],"wp:term":[{"taxonomy":"product_brand","embeddable":true,"href":"https:\/\/olemosaic.com\/pt-pt\/wp-json\/wp\/v2\/product_brand?post=34444"},{"taxonomy":"product_cat","embeddable":true,"href":"https:\/\/olemosaic.com\/pt-pt\/wp-json\/wp\/v2\/product_cat?post=34444"},{"taxonomy":"product_tag","embeddable":true,"href":"https:\/\/olemosaic.com\/pt-pt\/wp-json\/wp\/v2\/product_tag?post=34444"}],"curies":[{"name":"wp","href":"https:\/\/api.w.org\/{rel}","templated":true}]}}