{"id":34437,"date":"2025-02-20T23:34:15","date_gmt":"2025-02-20T22:34:15","guid":{"rendered":"http:\/\/olemosaic.com\/producto\/posavasos-de-ceramica-mosaico-2\/"},"modified":"2025-07-25T18:48:45","modified_gmt":"2025-07-25T16:48:45","slug":"base-para-copos-de-ceramica-mosaico-portugal","status":"publish","type":"product","link":"https:\/\/olemosaic.com\/pt-pt\/produto\/base-para-copos-de-ceramica-mosaico-portugal\/","title":{"rendered":"Base para copos de cer\u00e2mica. Mosaico. Portugal."},"content":{"rendered":"<p>Esta base para copos de cer\u00e2mica \u00e9 uma aut\u00eantica joia, inspirada nos coloridos mosaicos tradicionais de Portugal. Com um design circular, cada pe\u00e7a apresenta um padr\u00e3o vibrante que combina formas geom\u00e9tricas e florais, com uma paleta de cores que inclui vermelhos, azuis, amarelos e cinzentos. Estas tonalidades n\u00e3o s\u00f3 tornam a base para copos visualmente atraente, como tamb\u00e9m evocam a rica heran\u00e7a cultural das azulejarias portuguesas, conhecidas em todo o mundo pela sua beleza e simbolismo.<\/p>\n<p>Pintada \u00e0 m\u00e3o, cada base para copos \u00e9 \u00fanica, o que garante a sua autenticidade e a torna numa excelente recorda\u00e7\u00e3o para quem deseja levar consigo um peda\u00e7o da tradi\u00e7\u00e3o ib\u00e9rica. Este artigo n\u00e3o s\u00f3 cumpre a fun\u00e7\u00e3o de proteger as superf\u00edcies, como tamb\u00e9m adiciona um toque decorativo e art\u00edstico a qualquer ambiente, sendo ideal para a casa, caf\u00e9s ou restaurantes.<\/p>\n<p>Na Ol\u00e9 Mosaic, especializamo-nos na distribui\u00e7\u00e3o de recorda\u00e7\u00f5es por grosso, e estas bases para copos de cer\u00e2mica s\u00e3o uma op\u00e7\u00e3o perfeita para lojas de presentes tur\u00edsticos que procuram oferecer produtos culturais e de qualidade. Com o seu encanto visual e o toque de folclore portugu\u00eas, esta recorda\u00e7\u00e3o destaca-se como um item essencial para colecionadores e amantes do artesanato ib\u00e9rico.<\/p>\n","protected":false},"excerpt":{"rendered":"<p>Base para copos de cer\u00e2mica de design atraente, inspirada nos coloridos mosaicos tradicionais de Portugal. Cada base para copos apresenta um padr\u00e3o vibrante que combina formas geom\u00e9tricas e florais, com uma paleta de cores que inclui vermelho, azul, amarelo e cinzento. Esta pe\u00e7a, al\u00e9m de proteger as superf\u00edcies, adiciona um toque decorativo a qualquer ambiente, evocando a rica heran\u00e7a cultural gra\u00e7as ao seu design artesanal, pintado \u00e0 m\u00e3o. Ideal para colecionadores e amantes do folclore ib\u00e9rico.<\/p>\n","protected":false},"featured_media":7903,"template":"","meta":{"_acf_changed":false},"product_brand":[],"product_cat":[818],"product_tag":[515],"class_list":{"0":"post-34437","1":"product","2":"type-product","3":"status-publish","4":"has-post-thumbnail","6":"product_cat-bases-de-copos","7":"product_tag-ceramica","8":"pa_motivo-mosaico","10":"first","11":"instock","12":"shipping-taxable","13":"product-type-simple"},"acf":[],"_links":{"self":[{"href":"https:\/\/olemosaic.com\/pt-pt\/wp-json\/wp\/v2\/product\/34437","targetHints":{"allow":["GET"]}}],"collection":[{"href":"https:\/\/olemosaic.com\/pt-pt\/wp-json\/wp\/v2\/product"}],"about":[{"href":"https:\/\/olemosaic.com\/pt-pt\/wp-json\/wp\/v2\/types\/product"}],"wp:featuredmedia":[{"embeddable":true,"href":"https:\/\/olemosaic.com\/pt-pt\/wp-json\/wp\/v2\/media\/7903"}],"wp:attachment":[{"href":"https:\/\/olemosaic.com\/pt-pt\/wp-json\/wp\/v2\/media?parent=34437"}],"wp:term":[{"taxonomy":"product_brand","embeddable":true,"href":"https:\/\/olemosaic.com\/pt-pt\/wp-json\/wp\/v2\/product_brand?post=34437"},{"taxonomy":"product_cat","embeddable":true,"href":"https:\/\/olemosaic.com\/pt-pt\/wp-json\/wp\/v2\/product_cat?post=34437"},{"taxonomy":"product_tag","embeddable":true,"href":"https:\/\/olemosaic.com\/pt-pt\/wp-json\/wp\/v2\/product_tag?post=34437"}],"curies":[{"name":"wp","href":"https:\/\/api.w.org\/{rel}","templated":true}]}}