{"id":34435,"date":"2025-02-20T22:34:15","date_gmt":"2025-02-20T22:34:15","guid":{"rendered":"http:\/\/olemosaic.com\/producto\/posavasos-de-ceramica-punt-de-trobada-barcelona\/"},"modified":"2025-07-25T19:29:05","modified_gmt":"2025-07-25T17:29:05","slug":"base-para-copos-de-ceramica-ponto-de-encontro-barcelona","status":"publish","type":"product","link":"https:\/\/olemosaic.com\/pt-pt\/produto\/base-para-copos-de-ceramica-ponto-de-encontro-barcelona\/","title":{"rendered":"Base para copos de cer\u00e2mica. Ponto de encontro. Barcelona."},"content":{"rendered":"<p>Esta base para copos de cer\u00e2mica \u00e9 uma recorda\u00e7\u00e3o vibrante e art\u00edstica de Barcelona, inspirada no famoso estilo do artista Joan Mir\u00f3. Com um design abstrato que joga com tons intensos de vermelho, amarelo e azul sobre um fundo branco, esta base para copos n\u00e3o \u00e9 apenas funcional, mas tamb\u00e9m atua como uma aut\u00eantica pe\u00e7a decorativa. A sua ilustra\u00e7\u00e3o captura a ess\u00eancia criativa e o car\u00e1ter bo\u00e9mio da cidade, evocando os coloridos mosaicos que adornam os parques e as ruas de Barcelona.<\/p>\n<p>A base para copos apresenta um mosaico detalhado com um estilo que recorda as obras de Mir\u00f3, onde a espontaneidade do tra\u00e7o e as cores vibrantes se fundem para contar uma hist\u00f3ria de arte e cultura. As formas org\u00e2nicas e os padr\u00f5es geom\u00e9tricos entrela\u00e7am-se, enquanto o nome &#8220;Barcelona&#8221; surge na parte superior, lembrando aos turistas a liga\u00e7\u00e3o especial entre a cidade e o seu legado art\u00edstico.<\/p>\n<p>Como um aut\u00eantico souvenir de cer\u00e2mica, esta base para copos \u00e9 ideal para aqueles que procuram um peda\u00e7o de Barcelona que reflita a sua rica tradi\u00e7\u00e3o cultural e o seu esp\u00edrito inovador. Na Ol\u00e9 Mosaic, somos grossistas de souvenirs de cer\u00e2mica que garantimos qualidade e autenticidade, oferecendo produtos que celebram a criatividade e a diversidade cultural. Esta base para copos \u00e9 uma excelente adi\u00e7\u00e3o para lojas de presentes tur\u00edsticos que desejem oferecer recorda\u00e7\u00f5es \u00fanicas e representativas.<\/p>\n","protected":false},"excerpt":{"rendered":"<p>Base para copos de cer\u00e2mica decorada com um mosaico colorido inspirado no famoso artista Joan Mir\u00f3 e no esp\u00edrito de Barcelona. Apresenta um design abstrato que combina tons vibrantes de vermelho, amarelo e azul sobre um fundo branco com detalhes pretos, evocando a criatividade e o car\u00e1ter art\u00edstico da cidade. Esta base para copos \u00e9 uma pe\u00e7a funcional e decorativa, perfeita para adicionar um toque de arte a qualquer mesa.<\/p>\n","protected":false},"featured_media":9135,"template":"","meta":{"_acf_changed":false},"product_brand":[],"product_cat":[818],"product_tag":[515],"class_list":{"0":"post-34435","1":"product","2":"type-product","3":"status-publish","4":"has-post-thumbnail","6":"product_cat-bases-de-copos","7":"product_tag-ceramica","8":"pa_ciudad-barcelona","9":"pa_motivo-punt-de-trobada","10":"pa_pais-espana","12":"first","13":"instock","14":"shipping-taxable","15":"product-type-simple"},"acf":[],"_links":{"self":[{"href":"https:\/\/olemosaic.com\/pt-pt\/wp-json\/wp\/v2\/product\/34435","targetHints":{"allow":["GET"]}}],"collection":[{"href":"https:\/\/olemosaic.com\/pt-pt\/wp-json\/wp\/v2\/product"}],"about":[{"href":"https:\/\/olemosaic.com\/pt-pt\/wp-json\/wp\/v2\/types\/product"}],"wp:featuredmedia":[{"embeddable":true,"href":"https:\/\/olemosaic.com\/pt-pt\/wp-json\/wp\/v2\/media\/9135"}],"wp:attachment":[{"href":"https:\/\/olemosaic.com\/pt-pt\/wp-json\/wp\/v2\/media?parent=34435"}],"wp:term":[{"taxonomy":"product_brand","embeddable":true,"href":"https:\/\/olemosaic.com\/pt-pt\/wp-json\/wp\/v2\/product_brand?post=34435"},{"taxonomy":"product_cat","embeddable":true,"href":"https:\/\/olemosaic.com\/pt-pt\/wp-json\/wp\/v2\/product_cat?post=34435"},{"taxonomy":"product_tag","embeddable":true,"href":"https:\/\/olemosaic.com\/pt-pt\/wp-json\/wp\/v2\/product_tag?post=34435"}],"curies":[{"name":"wp","href":"https:\/\/api.w.org\/{rel}","templated":true}]}}