{"id":34411,"date":"2025-02-20T23:34:14","date_gmt":"2025-02-20T22:34:14","guid":{"rendered":"http:\/\/olemosaic.com\/producto\/posavasos-de-ceramica-bailaora-mallorca-2\/"},"modified":"2025-07-25T19:02:06","modified_gmt":"2025-07-25T17:02:06","slug":"base-de-copos-de-ceramica-bailarina-maiorca-2","status":"publish","type":"product","link":"https:\/\/olemosaic.com\/pt-pt\/produto\/base-de-copos-de-ceramica-bailarina-maiorca-2\/","title":{"rendered":"Base de copos de cer\u00e2mica. Bailarina. Ilha. Maiorca."},"content":{"rendered":"<p>Esta base de copos de cer\u00e2mica decorativa \u00e9 uma celebra\u00e7\u00e3o vibrante do folclore maiorquino, perfeita para adicionar um toque de tradi\u00e7\u00e3o espanhola a qualquer mesa. O design apresenta uma cativante bailarina de flamenco, vestida com um traje colorido que se destaca pela sua variedade de tons azuis, vermelhos e amarelos, capturando a ess\u00eancia da dan\u00e7a e a sua liga\u00e7\u00e3o com a cultura espanhola. Rodeada de flores vermelhas que contrastam engenhosamente com o fundo branco, esta pe\u00e7a n\u00e3o \u00e9 apenas visualmente atraente, mas tamb\u00e9m evoca a rica heran\u00e7a art\u00edstica das Ilhas Baleares.<\/p>\n<p>A borda da base de copos est\u00e1 adornada com motivos vermelhos que lembram os elementos decorativos t\u00edpicos da regi\u00e3o, o que enfatiza a sua autenticidade como recorda\u00e7\u00e3o de Maiorca. Feita \u00e0 m\u00e3o com esmero, cada base de copos \u00e9 uma obra de arte em si mesma, e a sua funcionalidade n\u00e3o lhe retira beleza: \u00e9 perfeita para proteger as superf\u00edcies ao mesmo tempo que adiciona um toque art\u00edstico ao seu lar.<\/p>\n<p>Na Ol\u00e9 Mosaic dedicamo-nos a oferecer recorda\u00e7\u00f5es de qualidade por grosso, e esta base de copos de cer\u00e2mica destaca-se como uma op\u00e7\u00e3o ideal para lojas de presentes tur\u00edsticos que procuram produtos aut\u00eanticos e representativos da cultura local. Ao escolher esta base de copos, os turistas podem levar para casa um fragmento da m\u00e1gica Maiorca, tornando-a numa recorda\u00e7\u00e3o maravilhosa que guardar\u00e3o para sempre.<\/p>\n","protected":false},"excerpt":{"rendered":"<p>Base de copos de cer\u00e2mica decorativa, inspirada no folclore maiorquino. Este vibrante design apresenta uma bailarina de flamenco, vestida com um traje colorido repleto de detalhes em tons azuis, vermelhos e amarelos. Rodeada de flores vermelhas sobre um fundo branco, a pe\u00e7a incorpora uma borda vermelha com motivos que evocam a cultura balear. Ideal para adicionar um toque de tradi\u00e7\u00e3o espanhola a qualquer mesa, combinando arte e funcionalidade.<\/p>\n","protected":false},"featured_media":13816,"template":"","meta":{"_acf_changed":false},"product_brand":[],"product_cat":[818],"product_tag":[515],"class_list":{"0":"post-34411","1":"product","2":"type-product","3":"status-publish","4":"has-post-thumbnail","6":"product_cat-bases-de-copos","7":"product_tag-ceramica","8":"pa_ciudad-mallorca","9":"pa_motivo-dancarinos","10":"pa_pais-espana","12":"first","13":"instock","14":"shipping-taxable","15":"product-type-simple"},"acf":[],"_links":{"self":[{"href":"https:\/\/olemosaic.com\/pt-pt\/wp-json\/wp\/v2\/product\/34411","targetHints":{"allow":["GET"]}}],"collection":[{"href":"https:\/\/olemosaic.com\/pt-pt\/wp-json\/wp\/v2\/product"}],"about":[{"href":"https:\/\/olemosaic.com\/pt-pt\/wp-json\/wp\/v2\/types\/product"}],"wp:featuredmedia":[{"embeddable":true,"href":"https:\/\/olemosaic.com\/pt-pt\/wp-json\/wp\/v2\/media\/13816"}],"wp:attachment":[{"href":"https:\/\/olemosaic.com\/pt-pt\/wp-json\/wp\/v2\/media?parent=34411"}],"wp:term":[{"taxonomy":"product_brand","embeddable":true,"href":"https:\/\/olemosaic.com\/pt-pt\/wp-json\/wp\/v2\/product_brand?post=34411"},{"taxonomy":"product_cat","embeddable":true,"href":"https:\/\/olemosaic.com\/pt-pt\/wp-json\/wp\/v2\/product_cat?post=34411"},{"taxonomy":"product_tag","embeddable":true,"href":"https:\/\/olemosaic.com\/pt-pt\/wp-json\/wp\/v2\/product_tag?post=34411"}],"curies":[{"name":"wp","href":"https:\/\/api.w.org\/{rel}","templated":true}]}}