{"id":34410,"date":"2025-02-20T22:34:14","date_gmt":"2025-02-20T22:34:14","guid":{"rendered":"http:\/\/olemosaic.com\/producto\/posavasos-de-ceramica-flores-mallorca\/"},"modified":"2025-07-25T18:48:40","modified_gmt":"2025-07-25T16:48:40","slug":"base-de-copos-de-ceramica-flores-maiorca","status":"publish","type":"product","link":"https:\/\/olemosaic.com\/pt-pt\/produto\/base-de-copos-de-ceramica-flores-maiorca\/","title":{"rendered":"Base de copos de cer\u00e2mica. Flores. Maiorca."},"content":{"rendered":"<p>Esta base de copos decorativa de cer\u00e2mica \u00e9 uma joia inspirada na beleza natural de Maiorca, ideal para quem procura uma recorda\u00e7\u00e3o \u00fanica das Ilhas Baleares. Apresenta um design vibrante de mosaico que combina cativantes tonalidades de vermelho, amarelo, azul e preto, evocando a ess\u00eancia do folclore maiorquino. Os motivos florais s\u00e3o meticulosamente elaborados, real\u00e7ando o seu acabamento brilhante e a detalhada t\u00e9cnica de pintura que caracteriza este produto. Isto torna-a n\u00e3o apenas um acess\u00f3rio funcional, mas tamb\u00e9m uma pe\u00e7a art\u00edstica que alegra qualquer mesa.<\/p>\n<p>A cer\u00e2mica castanha de alta qualidade que comp\u00f5e esta base de copos assegura a sua durabilidade, enquanto o seu design colorido acrescenta um toque de alegria e sofistica\u00e7\u00e3o a qualquer ambiente. Este souvenir \u00e9 perfeito para quem deseja personalizar a sua casa, mas tamb\u00e9m \u00e9 um excelente presente para amigos e familiares, oferecendo um peda\u00e7o da cultura maiorquina em cada utiliza\u00e7\u00e3o. Na Ol\u00e9 Mosaic, somos distribuidores de souvenirs por grosso, e esta base de copos cer\u00e2mica \u00e9 uma escolha excelente para lojas de presentes tur\u00edsticos que procuram autenticidade e beleza nos seus produtos. Com esta base de copos de flores de Maiorca, os seus clientes poder\u00e3o levar uma recorda\u00e7\u00e3o indel\u00e9vel da sua visita \u00e0s Ilhas Baleares.<\/p>\n","protected":false},"excerpt":{"rendered":"<p>Base de copos de cer\u00e2mica com um design vibrante inspirado nas flores de Maiorca. Esta base de copos apresenta um mosaico colorido que combina tons vermelhos, amarelos, azuis e pretos, evocando a ess\u00eancia do folclore balear. Decorada com motivos florais, destaca-se pelo seu acabamento brilhante e pela sua t\u00e9cnica de pintura detalhada, oferecendo uma pe\u00e7a funcional e art\u00edstica. Ideal para personalizar a sua mesa e levar um peda\u00e7o de Maiorca para casa.<\/p>\n","protected":false},"featured_media":9087,"template":"","meta":{"_acf_changed":false},"product_brand":[],"product_cat":[818],"product_tag":[515],"class_list":{"0":"post-34410","1":"product","2":"type-product","3":"status-publish","4":"has-post-thumbnail","6":"product_cat-bases-de-copos","7":"product_tag-ceramica","8":"pa_ciudad-mallorca","9":"pa_motivo-flores","10":"pa_pais-espana","12":"first","13":"instock","14":"shipping-taxable","15":"product-type-simple"},"acf":[],"_links":{"self":[{"href":"https:\/\/olemosaic.com\/pt-pt\/wp-json\/wp\/v2\/product\/34410","targetHints":{"allow":["GET"]}}],"collection":[{"href":"https:\/\/olemosaic.com\/pt-pt\/wp-json\/wp\/v2\/product"}],"about":[{"href":"https:\/\/olemosaic.com\/pt-pt\/wp-json\/wp\/v2\/types\/product"}],"wp:featuredmedia":[{"embeddable":true,"href":"https:\/\/olemosaic.com\/pt-pt\/wp-json\/wp\/v2\/media\/9087"}],"wp:attachment":[{"href":"https:\/\/olemosaic.com\/pt-pt\/wp-json\/wp\/v2\/media?parent=34410"}],"wp:term":[{"taxonomy":"product_brand","embeddable":true,"href":"https:\/\/olemosaic.com\/pt-pt\/wp-json\/wp\/v2\/product_brand?post=34410"},{"taxonomy":"product_cat","embeddable":true,"href":"https:\/\/olemosaic.com\/pt-pt\/wp-json\/wp\/v2\/product_cat?post=34410"},{"taxonomy":"product_tag","embeddable":true,"href":"https:\/\/olemosaic.com\/pt-pt\/wp-json\/wp\/v2\/product_tag?post=34410"}],"curies":[{"name":"wp","href":"https:\/\/api.w.org\/{rel}","templated":true}]}}