{"id":34408,"date":"2025-02-20T23:34:14","date_gmt":"2025-02-20T22:34:14","guid":{"rendered":"http:\/\/olemosaic.com\/producto\/posavasos-de-ceramica-madrid\/"},"modified":"2025-07-25T19:06:50","modified_gmt":"2025-07-25T17:06:50","slug":"base-para-copos-de-ceramica-madrid","status":"publish","type":"product","link":"https:\/\/olemosaic.com\/pt-pt\/produto\/base-para-copos-de-ceramica-madrid\/","title":{"rendered":"Base para copos de cer\u00e2mica. Madrid."},"content":{"rendered":"<p>Esta base para copos de cer\u00e2mica decorada \u00e9 uma representa\u00e7\u00e3o vibrante de Madrid, que captura a ess\u00eancia e o dinamismo da emblem\u00e1tica Puerta del Sol. O seu design surpreendente combina um mosaico colorido que reflete tanto figuras ic\u00f3nicas da cidade como cenas quotidianas da vida madrilena. Na parte superior da base, o texto \u00abMADRID\u00bb apresenta-se em tons chamativos, atraindo imediatamente a aten\u00e7\u00e3o e acrescentando um toque de alegria ao produto.<\/p>\n<p>Cada pe\u00e7a \u00e9 elaborada atrav\u00e9s de uma cuidada t\u00e9cnica de pintura \u00e0 m\u00e3o, o que real\u00e7a a riqueza dos detalhes art\u00edsticos e a singularidade de cada base. As cores vivas e as figuras expressivas estabelecem uma liga\u00e7\u00e3o visual direta com o car\u00e1ter din\u00e2mico da capital espanhola. Este objeto funcional torna-se uma magn\u00edfica declara\u00e7\u00e3o decorativa, ideal para quem deseja levar um peda\u00e7o de Madrid para o seu lar.<\/p>\n<p>Como recorda\u00e7\u00e3o representativa, esta base para copos n\u00e3o serve apenas para proteger as superf\u00edcies das mesas, mas tamb\u00e9m evoca mem\u00f3rias inesquec\u00edveis de uma das cidades mais emblem\u00e1ticas da Europa. Na Ol\u00e9 Mosaic, como grossistas de souvenirs, oferecemos produtos que encarnam a autenticidade cultural, perfeitos para lojas que procuram artigos \u00fanicos e relevantes. Esta base para copos de cer\u00e2mica de Madrid \u00e9, sem d\u00favida, uma excelente op\u00e7\u00e3o para turistas que procuram uma recorda\u00e7\u00e3o significativa da sua visita.<\/p>\n","protected":false},"excerpt":{"rendered":"<p>Base para copos de cer\u00e2mica decorada com uma ilustra\u00e7\u00e3o vibrante de Madrid, que captura a ess\u00eancia da Puerta del Sol. Este design colorido apresenta um mosaico que funde figuras ic\u00f3nicas e cenas da vida madrilena, juntamente com o texto &#8220;MADRID&#8221; em tons chamativos. A t\u00e9cnica de design artesanal, pintado \u00e0 m\u00e3o, real\u00e7a os ricos detalhes, enquanto as cores vivas conferem um toque art\u00edstico a qualquer mesa. Expressa o car\u00e1ter \u00fanico da capital espanhola num objeto funcional e decorativo.<\/p>\n","protected":false},"featured_media":9964,"template":"","meta":{"_acf_changed":false},"product_brand":[],"product_cat":[818],"product_tag":[515],"class_list":{"0":"post-34408","1":"product","2":"type-product","3":"status-publish","4":"has-post-thumbnail","6":"product_cat-bases-de-copos","7":"product_tag-ceramica","8":"pa_ciudad-madrid","9":"pa_pais-espana","11":"first","12":"instock","13":"shipping-taxable","14":"product-type-simple"},"acf":[],"_links":{"self":[{"href":"https:\/\/olemosaic.com\/pt-pt\/wp-json\/wp\/v2\/product\/34408","targetHints":{"allow":["GET"]}}],"collection":[{"href":"https:\/\/olemosaic.com\/pt-pt\/wp-json\/wp\/v2\/product"}],"about":[{"href":"https:\/\/olemosaic.com\/pt-pt\/wp-json\/wp\/v2\/types\/product"}],"wp:featuredmedia":[{"embeddable":true,"href":"https:\/\/olemosaic.com\/pt-pt\/wp-json\/wp\/v2\/media\/9964"}],"wp:attachment":[{"href":"https:\/\/olemosaic.com\/pt-pt\/wp-json\/wp\/v2\/media?parent=34408"}],"wp:term":[{"taxonomy":"product_brand","embeddable":true,"href":"https:\/\/olemosaic.com\/pt-pt\/wp-json\/wp\/v2\/product_brand?post=34408"},{"taxonomy":"product_cat","embeddable":true,"href":"https:\/\/olemosaic.com\/pt-pt\/wp-json\/wp\/v2\/product_cat?post=34408"},{"taxonomy":"product_tag","embeddable":true,"href":"https:\/\/olemosaic.com\/pt-pt\/wp-json\/wp\/v2\/product_tag?post=34408"}],"curies":[{"name":"wp","href":"https:\/\/api.w.org\/{rel}","templated":true}]}}