{"id":34407,"date":"2025-02-20T22:34:13","date_gmt":"2025-02-20T22:34:13","guid":{"rendered":"http:\/\/olemosaic.com\/producto\/posavasos-de-ceramica-flores\/"},"modified":"2025-07-25T18:48:40","modified_gmt":"2025-07-25T16:48:40","slug":"base-para-copos-de-ceramica-flores","status":"publish","type":"product","link":"https:\/\/olemosaic.com\/pt-pt\/produto\/base-para-copos-de-ceramica-flores\/","title":{"rendered":"Base para copos de cer\u00e2mica. Flores."},"content":{"rendered":"<p>Esta base para copos de cer\u00e2mica decorada \u00e9 uma homenagem vibrante \u00e0 rica tradi\u00e7\u00e3o art\u00edstica do sul de Espanha. Com um design colorido que exibe uma espl\u00eandida variedade de flores em tons de vermelho, amarelo, azul e preto, este artigo n\u00e3o \u00e9 apenas funcional, mas tamb\u00e9m atua como um elemento decorativo encantador que alegrar\u00e1 qualquer mesa. A t\u00e9cnica artesanal utilizada na sua elabora\u00e7\u00e3o garante um acabamento de alta qualidade, real\u00e7ando a singularidade e o detalhe de cada motivo floral. As formas arredondadas da base, juntamente com as cores intensas que brilham em conjunto, evocam os mosaicos t\u00edpicos da regi\u00e3o andaluza, levando um peda\u00e7o da vibrante cultura espanhola para a sua casa.<\/p>\n<p>Esta base para copos n\u00e3o \u00e9 apenas ideal para proteger as superf\u00edcies da sua casa, mas tamb\u00e9m serve como uma recorda\u00e7\u00e3o excecional da tradi\u00e7\u00e3o artesanal que caracteriza o sul de Espanha. Ao escolher este produto, opta por um souvenir que encapsula a ess\u00eancia da arte local e que encantar\u00e1 os turistas que procuram presentes aut\u00eanticos. Na Ol\u00e9 Mosaic, orgulhamo-nos de ser distribuidores de souvenirs que celebram a cultura espanhola, oferecendo artigos de cer\u00e2mica como este, perfeitos para lojas de presentes tur\u00edsticos que desejam oferecer qualidade e autenticidade aos seus clientes. Com esta base para copos de cer\u00e2mica, leva uma pe\u00e7a do patrim\u00f3nio andaluz, ideal para quem procura souvenirs que contam uma hist\u00f3ria.<\/p>\n","protected":false},"excerpt":{"rendered":"<p>Base para copos de cer\u00e2mica decorada com um design floral vibrante. Esta colorida base apresenta motivos de mosaico em vermelho, amarelo, azul e preto, evocando a arte e a cultura do sul de Espanha. A sua elabora\u00e7\u00e3o artesanal assegura um acabamento de qualidade, enquanto as suas formas arredondadas e o uso de cores intensas acrescentam um toque alegre a qualquer mesa. Ideal para proteger as superf\u00edcies e como recorda\u00e7\u00e3o da rica tradi\u00e7\u00e3o art\u00edstica andaluza.<\/p>\n","protected":false},"featured_media":8930,"template":"","meta":{"_acf_changed":false},"product_brand":[],"product_cat":[818],"product_tag":[515],"class_list":{"0":"post-34407","1":"product","2":"type-product","3":"status-publish","4":"has-post-thumbnail","6":"product_cat-bases-de-copos","7":"product_tag-ceramica","8":"pa_motivo-flores","10":"first","11":"instock","12":"shipping-taxable","13":"product-type-simple"},"acf":[],"_links":{"self":[{"href":"https:\/\/olemosaic.com\/pt-pt\/wp-json\/wp\/v2\/product\/34407","targetHints":{"allow":["GET"]}}],"collection":[{"href":"https:\/\/olemosaic.com\/pt-pt\/wp-json\/wp\/v2\/product"}],"about":[{"href":"https:\/\/olemosaic.com\/pt-pt\/wp-json\/wp\/v2\/types\/product"}],"wp:featuredmedia":[{"embeddable":true,"href":"https:\/\/olemosaic.com\/pt-pt\/wp-json\/wp\/v2\/media\/8930"}],"wp:attachment":[{"href":"https:\/\/olemosaic.com\/pt-pt\/wp-json\/wp\/v2\/media?parent=34407"}],"wp:term":[{"taxonomy":"product_brand","embeddable":true,"href":"https:\/\/olemosaic.com\/pt-pt\/wp-json\/wp\/v2\/product_brand?post=34407"},{"taxonomy":"product_cat","embeddable":true,"href":"https:\/\/olemosaic.com\/pt-pt\/wp-json\/wp\/v2\/product_cat?post=34407"},{"taxonomy":"product_tag","embeddable":true,"href":"https:\/\/olemosaic.com\/pt-pt\/wp-json\/wp\/v2\/product_tag?post=34407"}],"curies":[{"name":"wp","href":"https:\/\/api.w.org\/{rel}","templated":true}]}}