{"id":34406,"date":"2025-02-20T23:34:13","date_gmt":"2025-02-20T22:34:13","guid":{"rendered":"http:\/\/olemosaic.com\/producto\/posavasos-de-ceramica-mijas\/"},"modified":"2025-07-25T19:40:38","modified_gmt":"2025-07-25T17:40:38","slug":"base-para-copos-de-ceramica-mijas","status":"publish","type":"product","link":"https:\/\/olemosaic.com\/pt-pt\/produto\/base-para-copos-de-ceramica-mijas\/","title":{"rendered":"Base para copos de cer\u00e2mica. Mijas."},"content":{"rendered":"<p>Esta base para copos de cer\u00e2mica decorada \u00e9 uma recorda\u00e7\u00e3o encantadora de Mijas, uma pitoresca aldeia andaluza famosa pelas suas casas caiadas e vistas espetaculares. A pe\u00e7a, elaborada com efeito pintado \u00e0 m\u00e3o, apresenta uma representa\u00e7\u00e3o vibrante da emblem\u00e1tica Pra\u00e7a de Touros, rodeada por palmeiras que acrescentam um toque tropical ao design. As cores alegres e quentes real\u00e7am os detalhes arquitet\u00f3nicos que caracterizam este recanto da costa de M\u00e1laga, capturando a ess\u00eancia do local e evocando a sua atmosfera acolhedora.<\/p>\n<p>O estilo art\u00edstico reflete o mosaico andaluz tradicional, com padr\u00f5es que prestam homenagem \u00e0 rica cultura e patrim\u00f3nio da regi\u00e3o. Esta base para copos n\u00e3o \u00e9 apenas funcional, mas tamb\u00e9m atua como um elemento decorativo atraente que revitaliza qualquer espa\u00e7o. Destaca a autenticidade dos souvenirs de Mijas, sendo uma op\u00e7\u00e3o ideal para quem procura levar um fragmento da vibrante vida andaluza para casa.<\/p>\n<p>Na Ol\u00e9 Mosaic, somos distribuidores de souvenirs de cer\u00e2mica por grosso e oferecemos esta base para copos como uma excelente escolha para lojas de presentes tur\u00edsticos que valorizam a qualidade, o artesanato e a liga\u00e7\u00e3o cultural. Com este artigo, os turistas poder\u00e3o desfrutar de uma recorda\u00e7\u00e3o representativa e \u00fanica que perdurar\u00e1 no tempo.<\/p>\n","protected":false},"excerpt":{"rendered":"<p>Base para copos de cer\u00e2mica decorada com uma representa\u00e7\u00e3o vibrante de Mijas, que evoca a ess\u00eancia desta encantadora aldeia andaluza. O design inclui a famosa Pra\u00e7a de Touros e detalhes quentes de casas brancas com palmeiras, tudo com design artesanal, pintado \u00e0 m\u00e3o, com cores alegres e chamativas. Com um estilo que recorda o caracter\u00edstico mosaico andaluz, esta base para copos \u00e9 uma recorda\u00e7\u00e3o perfeita para os amantes da cultura espanhola.<\/p>\n","protected":false},"featured_media":10029,"template":"","meta":{"_acf_changed":false},"product_brand":[],"product_cat":[818],"product_tag":[516,515],"class_list":{"0":"post-34406","1":"product","2":"type-product","3":"status-publish","4":"has-post-thumbnail","6":"product_cat-bases-de-copos","7":"product_tag-animais","8":"product_tag-ceramica","9":"pa_ciudad-mijas","10":"pa_pais-espana","12":"first","13":"instock","14":"shipping-taxable","15":"product-type-simple"},"acf":[],"_links":{"self":[{"href":"https:\/\/olemosaic.com\/pt-pt\/wp-json\/wp\/v2\/product\/34406","targetHints":{"allow":["GET"]}}],"collection":[{"href":"https:\/\/olemosaic.com\/pt-pt\/wp-json\/wp\/v2\/product"}],"about":[{"href":"https:\/\/olemosaic.com\/pt-pt\/wp-json\/wp\/v2\/types\/product"}],"wp:featuredmedia":[{"embeddable":true,"href":"https:\/\/olemosaic.com\/pt-pt\/wp-json\/wp\/v2\/media\/10029"}],"wp:attachment":[{"href":"https:\/\/olemosaic.com\/pt-pt\/wp-json\/wp\/v2\/media?parent=34406"}],"wp:term":[{"taxonomy":"product_brand","embeddable":true,"href":"https:\/\/olemosaic.com\/pt-pt\/wp-json\/wp\/v2\/product_brand?post=34406"},{"taxonomy":"product_cat","embeddable":true,"href":"https:\/\/olemosaic.com\/pt-pt\/wp-json\/wp\/v2\/product_cat?post=34406"},{"taxonomy":"product_tag","embeddable":true,"href":"https:\/\/olemosaic.com\/pt-pt\/wp-json\/wp\/v2\/product_tag?post=34406"}],"curies":[{"name":"wp","href":"https:\/\/api.w.org\/{rel}","templated":true}]}}