{"id":34377,"date":"2025-02-20T23:34:13","date_gmt":"2025-02-20T22:34:13","guid":{"rendered":"http:\/\/olemosaic.com\/producto\/posavasos-de-ceramica-bilbao\/"},"modified":"2025-07-25T18:33:49","modified_gmt":"2025-07-25T16:33:49","slug":"base-de-copos-de-ceramica-bilbau","status":"publish","type":"product","link":"https:\/\/olemosaic.com\/pt-pt\/produto\/base-de-copos-de-ceramica-bilbau\/","title":{"rendered":"Base de copos de cer\u00e2mica. Bilbau."},"content":{"rendered":"<p>Esta base de copos de cer\u00e2mica, decorada com uma ilustra\u00e7\u00e3o vibrante de Bilbau, \u00e9 uma recorda\u00e7\u00e3o aut\u00eantica da cultura basca. O design apresenta um mosaico colorido que capta a ess\u00eancia da cidade, destacando o emblem\u00e1tico Museu Guggenheim com a sua ic\u00f3nica estrutura de tit\u00e2nio, a Plaza Nueva com a sua arquitetura neocl\u00e1ssica e outros monumentos representativos que evocam a rica hist\u00f3ria local. Cada detalhe da base de copos \u00e9 pintado \u00e0 m\u00e3o, o que garante que cada pe\u00e7a seja \u00fanica e ofere\u00e7a um toque art\u00edstico que real\u00e7a a tradi\u00e7\u00e3o cer\u00e2mica da regi\u00e3o.<\/p>\n<p>Os tons brilhantes da ilustra\u00e7\u00e3o trazem vida e alegria, tornando esta base de copos um elemento decorativo ideal para qualquer casa. A mistura de cores vibrantes no design n\u00e3o s\u00f3 representa a beleza de Bilbau, mas tamb\u00e9m o seu dinamismo cultural e criativo. Esta lembran\u00e7a, al\u00e9m de ser \u00fatil, convida os visitantes a recordar o calor e a autenticidade de Bilbau a cada utiliza\u00e7\u00e3o.<\/p>\n<p>Na Ol\u00e9 Mosaic, somos especialistas na distribui\u00e7\u00e3o grossista de lembran\u00e7as como esta base de copos de cer\u00e2mica, oferecendo produtos que refletem a identidade cultural de cada regi\u00e3o. Esta pe\u00e7a \u00e9 uma excelente op\u00e7\u00e3o para lojas de presentes tur\u00edsticos que procuram oferecer aos seus clientes uma recorda\u00e7\u00e3o aut\u00eantica e representativa de Bilbau, aportando qualidade e originalidade ao seu cat\u00e1logo de lembran\u00e7as.<\/p>\n","protected":false},"excerpt":{"rendered":"<p>Base de copos de cer\u00e2mica decorada com uma ilustra\u00e7\u00e3o vibrante de Bilbau. Este artigo apresenta um design colorido que capta a ess\u00eancia da cidade, mostrando o emblem\u00e1tico Guggenheim, a Plaza Nueva e outros monumentos ic\u00f3nicos. A t\u00e9cnica utilizada \u00e9 o design artesanal, pintado \u00e0 m\u00e3o, o que lhe confere um toque art\u00edstico e \u00fanico. Os tons brilhantes e os detalhes em mosaico fazem desta base de copos uma lembran\u00e7a perfeita que evoca a riqueza cultural de Bilbau.<\/p>\n","protected":false},"featured_media":9905,"template":"","meta":{"_acf_changed":false},"product_brand":[],"product_cat":[818],"product_tag":[515],"class_list":{"0":"post-34377","1":"product","2":"type-product","3":"status-publish","4":"has-post-thumbnail","6":"product_cat-bases-de-copos","7":"product_tag-ceramica","8":"pa_ciudad-bilbao","9":"pa_pais-espana","11":"first","12":"instock","13":"shipping-taxable","14":"product-type-simple"},"acf":[],"_links":{"self":[{"href":"https:\/\/olemosaic.com\/pt-pt\/wp-json\/wp\/v2\/product\/34377","targetHints":{"allow":["GET"]}}],"collection":[{"href":"https:\/\/olemosaic.com\/pt-pt\/wp-json\/wp\/v2\/product"}],"about":[{"href":"https:\/\/olemosaic.com\/pt-pt\/wp-json\/wp\/v2\/types\/product"}],"wp:featuredmedia":[{"embeddable":true,"href":"https:\/\/olemosaic.com\/pt-pt\/wp-json\/wp\/v2\/media\/9905"}],"wp:attachment":[{"href":"https:\/\/olemosaic.com\/pt-pt\/wp-json\/wp\/v2\/media?parent=34377"}],"wp:term":[{"taxonomy":"product_brand","embeddable":true,"href":"https:\/\/olemosaic.com\/pt-pt\/wp-json\/wp\/v2\/product_brand?post=34377"},{"taxonomy":"product_cat","embeddable":true,"href":"https:\/\/olemosaic.com\/pt-pt\/wp-json\/wp\/v2\/product_cat?post=34377"},{"taxonomy":"product_tag","embeddable":true,"href":"https:\/\/olemosaic.com\/pt-pt\/wp-json\/wp\/v2\/product_tag?post=34377"}],"curies":[{"name":"wp","href":"https:\/\/api.w.org\/{rel}","templated":true}]}}