{"id":34376,"date":"2025-02-20T23:34:13","date_gmt":"2025-02-20T22:34:13","guid":{"rendered":"http:\/\/olemosaic.com\/producto\/posavasos-de-ceramica-patio-sevilla\/"},"modified":"2025-07-25T18:48:42","modified_gmt":"2025-07-25T16:48:42","slug":"base-de-copos-de-ceramica-patio-sevilha","status":"publish","type":"product","link":"https:\/\/olemosaic.com\/pt-pt\/produto\/base-de-copos-de-ceramica-patio-sevilha\/","title":{"rendered":"Base de copos de cer\u00e2mica. P\u00e1tio. Sevilha."},"content":{"rendered":"<p>Esta base de copos de cer\u00e2mica, decorada com uma cena vibrante de um p\u00e1tio sevilhano, \u00e9 uma pe\u00e7a excecional que encapsula a ess\u00eancia do flamenco e da cultura andaluza. O seu design pintado \u00e0 m\u00e3o mostra um par en\u00e9rgico de bailarinos, onde o homem com chap\u00e9u e a mulher, com um cativante vestido vermelho com folhos, deslizam com gra\u00e7a num ambiente cheio de vida. Em redor, os vasos de flores vermelhas adicionam um toque colorido e alegre ao ambiente, enquanto um candeeiro antigo e elementos t\u00edpicos do folclore, como uma guitarra e uma cadeira de madeira, completam esta representa\u00e7\u00e3o rom\u00e2ntica.<\/p>\n<p>A paleta de cores vibrantes e os detalhes cuidadosamente elaborados fazem desta base de copos uma recorda\u00e7\u00e3o aut\u00eantica de Sevilha, ideal para quem deseja levar um peda\u00e7o de Espanha para casa. Esta lembran\u00e7a n\u00e3o \u00e9 apenas funcional, protegendo as superf\u00edcies de forma elegante, mas tamb\u00e9m atua como um espl\u00eandido elemento decorativo que evoca o calor e a tradi\u00e7\u00e3o dos p\u00e1tios andaluzes.<\/p>\n<p>Na Ol\u00e9 Mosaic, somos especialistas na distribui\u00e7\u00e3o de lembran\u00e7as, oferecendo artigos aut\u00eanticos que celebram o patrim\u00f3nio espanhol. Esta base de copos de cer\u00e2mica \u00e9 uma excelente op\u00e7\u00e3o para lojas de presentes tur\u00edsticos que procuram produtos \u00fanicos e representativos. Como grossistas de lembran\u00e7as de Sevilha, garantimos qualidade e um design que levar\u00e1 a cultura andaluza a qualquer canto do planeta.<\/p>\n","protected":false},"excerpt":{"rendered":"<p>Base de copos de cer\u00e2mica decorada com uma cena vibrante de um p\u00e1tio sevilhano. Esta atraente base de copos apresenta um par de bailarinos num ambiente deslumbrante, cheio de vasos com flores vermelhas, um candeeiro e elementos t\u00edpicos como uma guitarra e uma cadeira de madeira. Com um design artesanal, pintado \u00e0 m\u00e3o, que capta a ess\u00eancia do flamenco e da cultura andaluza, esta base de copos \u00e9 uma representa\u00e7\u00e3o elegante de Sevilha, ideal para decorar a sua casa ou como recorda\u00e7\u00e3o.<\/p>\n","protected":false},"featured_media":8144,"template":"","meta":{"_acf_changed":false},"product_brand":[],"product_cat":[818],"product_tag":[515],"class_list":{"0":"post-34376","1":"product","2":"type-product","3":"status-publish","4":"has-post-thumbnail","6":"product_cat-bases-de-copos","7":"product_tag-ceramica","8":"pa_ciudad-sevilla","9":"pa_motivo-patios","10":"pa_pais-espana","12":"first","13":"instock","14":"shipping-taxable","15":"product-type-simple"},"acf":[],"_links":{"self":[{"href":"https:\/\/olemosaic.com\/pt-pt\/wp-json\/wp\/v2\/product\/34376","targetHints":{"allow":["GET"]}}],"collection":[{"href":"https:\/\/olemosaic.com\/pt-pt\/wp-json\/wp\/v2\/product"}],"about":[{"href":"https:\/\/olemosaic.com\/pt-pt\/wp-json\/wp\/v2\/types\/product"}],"wp:featuredmedia":[{"embeddable":true,"href":"https:\/\/olemosaic.com\/pt-pt\/wp-json\/wp\/v2\/media\/8144"}],"wp:attachment":[{"href":"https:\/\/olemosaic.com\/pt-pt\/wp-json\/wp\/v2\/media?parent=34376"}],"wp:term":[{"taxonomy":"product_brand","embeddable":true,"href":"https:\/\/olemosaic.com\/pt-pt\/wp-json\/wp\/v2\/product_brand?post=34376"},{"taxonomy":"product_cat","embeddable":true,"href":"https:\/\/olemosaic.com\/pt-pt\/wp-json\/wp\/v2\/product_cat?post=34376"},{"taxonomy":"product_tag","embeddable":true,"href":"https:\/\/olemosaic.com\/pt-pt\/wp-json\/wp\/v2\/product_tag?post=34376"}],"curies":[{"name":"wp","href":"https:\/\/api.w.org\/{rel}","templated":true}]}}