{"id":34375,"date":"2025-02-20T22:34:12","date_gmt":"2025-02-20T22:34:12","guid":{"rendered":"http:\/\/olemosaic.com\/producto\/posavasos-de-ceramica-salamandra-y-flores-mallorca\/"},"modified":"2025-07-25T19:18:49","modified_gmt":"2025-07-25T17:18:49","slug":"base-de-copos-de-ceramica-salamandra-e-flores-maiorca","status":"publish","type":"product","link":"https:\/\/olemosaic.com\/pt-pt\/produto\/base-de-copos-de-ceramica-salamandra-e-flores-maiorca\/","title":{"rendered":"Base de copos de cer\u00e2mica. Salamandra e flores. Maiorca."},"content":{"rendered":"<p>Esta base de copos de cer\u00e2mica, decorada com uma salamandra colorida e flores, \u00e9 uma recorda\u00e7\u00e3o emblem\u00e1tica da beleza natural de Maiorca, ideal para quem deseja levar um pedacinho desta ilha paradis\u00edaca para casa. O seu design vibrante destaca-se por um mosaico de cores brilhantes, onde a salamandra verde e azul contrasta maravilhosamente com a exuber\u00e2ncia das flores em tons de vermelho, amarelo e azul. Estes detalhes criam um efeito visual atraente, evocando a rica biodiversidade da regi\u00e3o.<\/p>\n<p>O fundo branco da base de copos acentua o esplendor das ilustra\u00e7\u00f5es, enquanto a palavra &#8220;MAIORCA&#8221;, elegantemente impressa, adiciona um toque distintivo que real\u00e7a a sua autenticidade como recorda\u00e7\u00e3o. Esta base de copos n\u00e3o s\u00f3 cumpre a fun\u00e7\u00e3o pr\u00e1tica de proteger as superf\u00edcies, como tamb\u00e9m atua como um elemento decorativo que embelezar\u00e1 qualquer espa\u00e7o.<\/p>\n<p>Com o seu design inspirado na flora e fauna locais, este artigo evoca a liga\u00e7\u00e3o cultural de Maiorca com a natureza e o artesanato, tornando-o um excelente presente para turistas que procuram lembran\u00e7as representativas. Na Ol\u00e9 Mosaic, especializamo-nos na distribui\u00e7\u00e3o de lembran\u00e7as de cer\u00e2mica por grosso, garantindo produtos aut\u00eanticos que enriquecem a oferta das lojas de presentes tur\u00edsticos. Esta base de copos de salamandra \u00e9 uma op\u00e7\u00e3o perfeita para quem valoriza a cultura e a beleza de Maiorca.<\/p>\n","protected":false},"excerpt":{"rendered":"<p>Base de copos de cer\u00e2mica decorada com uma salamandra colorida e flores, inspirada na beleza natural de Maiorca. Esta encantadora base de copos apresenta um design vibrante com um mosaico de cores brilhantes e detalhes florais em tons de vermelho, amarelo e azul, criando um efeito visual atraente. A palavra &#8220;MAIORCA&#8221; est\u00e1 impressa elegantemente, o que a torna ideal como recorda\u00e7\u00e3o ou elemento decorativo em qualquer casa.<\/p>\n","protected":false},"featured_media":8137,"template":"","meta":{"_acf_changed":false},"product_brand":[],"product_cat":[818],"product_tag":[516,515],"class_list":{"0":"post-34375","1":"product","2":"type-product","3":"status-publish","4":"has-post-thumbnail","6":"product_cat-bases-de-copos","7":"product_tag-animais","8":"product_tag-ceramica","9":"pa_ciudad-mallorca","10":"pa_motivo-salamandras","11":"pa_pais-espana","13":"first","14":"instock","15":"shipping-taxable","16":"product-type-simple"},"acf":[],"_links":{"self":[{"href":"https:\/\/olemosaic.com\/pt-pt\/wp-json\/wp\/v2\/product\/34375","targetHints":{"allow":["GET"]}}],"collection":[{"href":"https:\/\/olemosaic.com\/pt-pt\/wp-json\/wp\/v2\/product"}],"about":[{"href":"https:\/\/olemosaic.com\/pt-pt\/wp-json\/wp\/v2\/types\/product"}],"wp:featuredmedia":[{"embeddable":true,"href":"https:\/\/olemosaic.com\/pt-pt\/wp-json\/wp\/v2\/media\/8137"}],"wp:attachment":[{"href":"https:\/\/olemosaic.com\/pt-pt\/wp-json\/wp\/v2\/media?parent=34375"}],"wp:term":[{"taxonomy":"product_brand","embeddable":true,"href":"https:\/\/olemosaic.com\/pt-pt\/wp-json\/wp\/v2\/product_brand?post=34375"},{"taxonomy":"product_cat","embeddable":true,"href":"https:\/\/olemosaic.com\/pt-pt\/wp-json\/wp\/v2\/product_cat?post=34375"},{"taxonomy":"product_tag","embeddable":true,"href":"https:\/\/olemosaic.com\/pt-pt\/wp-json\/wp\/v2\/product_tag?post=34375"}],"curies":[{"name":"wp","href":"https:\/\/api.w.org\/{rel}","templated":true}]}}