{"id":34374,"date":"2025-02-20T22:34:12","date_gmt":"2025-02-20T22:34:12","guid":{"rendered":"http:\/\/olemosaic.com\/producto\/posavasos-de-ceramica-malaga\/"},"modified":"2025-07-25T18:46:56","modified_gmt":"2025-07-25T16:46:56","slug":"base-de-copos-de-ceramica-malaga","status":"publish","type":"product","link":"https:\/\/olemosaic.com\/pt-pt\/produto\/base-de-copos-de-ceramica-malaga\/","title":{"rendered":"Base de copos de cer\u00e2mica. M\u00e1laga."},"content":{"rendered":"<p>Esta base de copos de cer\u00e2mica, decorada com uma paisagem vibrante de M\u00e1laga, \u00e9 uma pe\u00e7a artesanal que capta a ess\u00eancia desta bela cidade andaluza. A ilustra\u00e7\u00e3o destaca a majestosa catedral e outros monumentos emblem\u00e1ticos, apresentados com uma paleta de cores brilhantes que real\u00e7a a sua impressionante arquitetura. A superf\u00edcie brilhante da base de copos faz com que cada matiz da pintura resplande\u00e7a, criando uma apresenta\u00e7\u00e3o atraente e festiva. Na parte superior, a palavra &#8220;M\u00e1laga&#8221; aparece em letras coloridas, adicionando um toque alegre e distintivo que evoca de imediato os passeios pelas suas ruas.<\/p>\n<p>Esta recorda\u00e7\u00e3o n\u00e3o \u00e9 apenas um objeto funcional para qualquer casa, mas tamb\u00e9m se torna uma lembran\u00e7a inestim\u00e1vel de uma experi\u00eancia \u00fanica na costa do Mediterr\u00e2neo. A liga\u00e7\u00e3o cultural desta base de copos com M\u00e1laga reside na sua representa\u00e7\u00e3o art\u00edstica, refletindo a riqueza hist\u00f3rica e art\u00edstica da cidade, al\u00e9m da sua popularidade como destino tur\u00edstico.<\/p>\n<p>Na Ol\u00e9 Mosaic, especializamo-nos na distribui\u00e7\u00e3o de lembran\u00e7as aut\u00eanticas por grosso, e esta base de copos de cer\u00e2mica \u00e9 uma excelente op\u00e7\u00e3o para lojas de presentes tur\u00edsticos que procurem produtos destacados e representativos. Ao escolher esta recorda\u00e7\u00e3o de M\u00e1laga, os turistas podem levar um peda\u00e7o do calor e da beleza andaluza para as suas casas. Como grossistas de cer\u00e2mica, oferecemos artigos que combinam qualidade, design e relev\u00e2ncia cultural, perfeitos para todos aqueles que desejam recordar a sua visita a esta encantadora cidade.<\/p>\n","protected":false},"excerpt":{"rendered":"<p>Base de copos de cer\u00e2mica decorada com uma paisagem vibrante de M\u00e1laga. Este artigo apresenta uma ilustra\u00e7\u00e3o detalhada da catedral e dos monumentos emblem\u00e1ticos da cidade, destacando a sua arquitetura com cores brilhantes e motivos t\u00edpicos de cer\u00e2mica. A superf\u00edcie brilhante real\u00e7a os matizes da pintura, enquanto a palavra &#8220;M\u00e1laga&#8221; aparece em letras coloridas na parte superior, adicionando um toque festivo e caracter\u00edstico. Perfeito para recordar a sua visita a esta encantadora cidade andaluza.<\/p>\n","protected":false},"featured_media":10559,"template":"","meta":{"_acf_changed":false},"product_brand":[],"product_cat":[818],"product_tag":[515],"class_list":{"0":"post-34374","1":"product","2":"type-product","3":"status-publish","4":"has-post-thumbnail","6":"product_cat-bases-de-copos","7":"product_tag-ceramica","8":"pa_ciudad-malaga","9":"pa_pais-espana","11":"first","12":"instock","13":"shipping-taxable","14":"product-type-simple"},"acf":[],"_links":{"self":[{"href":"https:\/\/olemosaic.com\/pt-pt\/wp-json\/wp\/v2\/product\/34374","targetHints":{"allow":["GET"]}}],"collection":[{"href":"https:\/\/olemosaic.com\/pt-pt\/wp-json\/wp\/v2\/product"}],"about":[{"href":"https:\/\/olemosaic.com\/pt-pt\/wp-json\/wp\/v2\/types\/product"}],"wp:featuredmedia":[{"embeddable":true,"href":"https:\/\/olemosaic.com\/pt-pt\/wp-json\/wp\/v2\/media\/10559"}],"wp:attachment":[{"href":"https:\/\/olemosaic.com\/pt-pt\/wp-json\/wp\/v2\/media?parent=34374"}],"wp:term":[{"taxonomy":"product_brand","embeddable":true,"href":"https:\/\/olemosaic.com\/pt-pt\/wp-json\/wp\/v2\/product_brand?post=34374"},{"taxonomy":"product_cat","embeddable":true,"href":"https:\/\/olemosaic.com\/pt-pt\/wp-json\/wp\/v2\/product_cat?post=34374"},{"taxonomy":"product_tag","embeddable":true,"href":"https:\/\/olemosaic.com\/pt-pt\/wp-json\/wp\/v2\/product_tag?post=34374"}],"curies":[{"name":"wp","href":"https:\/\/api.w.org\/{rel}","templated":true}]}}