{"id":34363,"date":"2025-02-20T23:34:12","date_gmt":"2025-02-20T22:34:12","guid":{"rendered":"http:\/\/olemosaic.com\/producto\/posavasos-de-ceramica-toros-sevilla\/"},"modified":"2025-07-25T18:58:25","modified_gmt":"2025-07-25T16:58:25","slug":"base-de-copos-de-ceramica-touros-sevilha","status":"publish","type":"product","link":"https:\/\/olemosaic.com\/pt-pt\/produto\/base-de-copos-de-ceramica-touros-sevilha\/","title":{"rendered":"Base de copos de cer\u00e2mica. Touros. Sevilha."},"content":{"rendered":"<p>Esta base de copos de cer\u00e2mica, decorada com um vibrante mosaico, \u00e9 uma homenagem \u00e0 rica cultura espanhola e reflete a ess\u00eancia de Sevilha atrav\u00e9s de um s\u00edmbolo ic\u00f3nico: o touro. Pintada \u00e0 m\u00e3o, cada detalhe destaca a mestria artesanal que caracteriza este produto. O touro, representado com cores brilhantes e chamativas, ergue-se numa paisagem adornada por um sol radiante e flores vermelhas, criando uma composi\u00e7\u00e3o visual alegre e din\u00e2mica. O fundo, desenhado com um estilo de mosaico, confere textura e profundidade, enfatizando a tradi\u00e7\u00e3o art\u00edstica da regi\u00e3o.<\/p>\n<p>O nome &#8220;Sevilla&#8221; est\u00e1 elegantemente impresso na parte superior, o que torna esta base de copos n\u00e3o apenas um objeto funcional, mas tamb\u00e9m uma recorda\u00e7\u00e3o significativa que captura a ess\u00eancia do folclore sevilhano. Usar esta base de copos na mesa \u00e9 como convidar um peda\u00e7o da Andaluzia para a sua casa, tornando-a uma excelente lembran\u00e7a para turistas que procuram algo aut\u00eantico e memor\u00e1vel.<\/p>\n<p>Na Ol\u00e9 Mosaic, especializamo-nos na distribui\u00e7\u00e3o de lembran\u00e7as por grosso, e esta base de copos \u00e9 uma op\u00e7\u00e3o ideal para lojas de presentes tur\u00edsticos que desejem oferecer produtos que reflitam a cultura local. A autenticidade e o apelo visual desta lembran\u00e7a de cer\u00e2mica tornam-na uma escolha perfeita para aqueles que procuram conservar uma parte da sua aventura em Espanha.<\/p>\n","protected":false},"excerpt":{"rendered":"<p>Base de copos de cer\u00e2mica decorada com um vibrante mosaico que representa um touro, s\u00edmbolo emblem\u00e1tico da cultura espanhola, especialmente em Sevilha. Esta base de copos, de design artesanal e pintada \u00e0 m\u00e3o, destaca-se pelas suas cores brilhantes e motivos art\u00edsticos, como um sol radiante e flores vermelhas, tudo sobre um fundo de design de mosaico. Com o nome &#8220;Sevilla&#8221; impresso na parte superior, \u00e9 ideal para quem deseja levar um peda\u00e7o da tradi\u00e7\u00e3o andaluza para casa.<\/p>\n","protected":false},"featured_media":8147,"template":"","meta":{"_acf_changed":false},"product_brand":[],"product_cat":[818],"product_tag":[516,515],"class_list":{"0":"post-34363","1":"product","2":"type-product","3":"status-publish","4":"has-post-thumbnail","6":"product_cat-bases-de-copos","7":"product_tag-animais","8":"product_tag-ceramica","9":"pa_ciudad-sevilla","10":"pa_motivo-touros","11":"pa_pais-espana","13":"first","14":"instock","15":"shipping-taxable","16":"product-type-simple"},"acf":[],"_links":{"self":[{"href":"https:\/\/olemosaic.com\/pt-pt\/wp-json\/wp\/v2\/product\/34363","targetHints":{"allow":["GET"]}}],"collection":[{"href":"https:\/\/olemosaic.com\/pt-pt\/wp-json\/wp\/v2\/product"}],"about":[{"href":"https:\/\/olemosaic.com\/pt-pt\/wp-json\/wp\/v2\/types\/product"}],"wp:featuredmedia":[{"embeddable":true,"href":"https:\/\/olemosaic.com\/pt-pt\/wp-json\/wp\/v2\/media\/8147"}],"wp:attachment":[{"href":"https:\/\/olemosaic.com\/pt-pt\/wp-json\/wp\/v2\/media?parent=34363"}],"wp:term":[{"taxonomy":"product_brand","embeddable":true,"href":"https:\/\/olemosaic.com\/pt-pt\/wp-json\/wp\/v2\/product_brand?post=34363"},{"taxonomy":"product_cat","embeddable":true,"href":"https:\/\/olemosaic.com\/pt-pt\/wp-json\/wp\/v2\/product_cat?post=34363"},{"taxonomy":"product_tag","embeddable":true,"href":"https:\/\/olemosaic.com\/pt-pt\/wp-json\/wp\/v2\/product_tag?post=34363"}],"curies":[{"name":"wp","href":"https:\/\/api.w.org\/{rel}","templated":true}]}}