{"id":34361,"date":"2025-02-20T22:34:12","date_gmt":"2025-02-20T22:34:12","guid":{"rendered":"http:\/\/olemosaic.com\/producto\/posavasos-de-ceramica-dragon-barcelona\/"},"modified":"2025-07-25T18:49:31","modified_gmt":"2025-07-25T16:49:31","slug":"base-de-copos-de-ceramica-dragao-barcelona","status":"publish","type":"product","link":"https:\/\/olemosaic.com\/pt-pt\/produto\/base-de-copos-de-ceramica-dragao-barcelona\/","title":{"rendered":"Base de copos de cer\u00e2mica. Drag\u00e3o. Barcelona."},"content":{"rendered":"<p>Esta base de copos de cer\u00e2mica, decorada com um vibrante design de drag\u00e3o, \u00e9 um reflexo aut\u00eantico da ess\u00eancia de Barcelona. Com a sua t\u00e9cnica de mosaico, que combina cores vivas como vermelho, azul e verde sobre um atraente fundo azul claro, esta base de copos evoca a famosa arquitetura de Gaud\u00ed, reconhecido pelas suas formas org\u00e2nicas e pela sua deslumbrante paleta crom\u00e1tica. A ilustra\u00e7\u00e3o central apresenta um drag\u00e3o estilizado que serpenteia por uma paisagem onde se entrela\u00e7am motivos da natureza, recordando os ic\u00f3nicos mosaicos presentes na obra do arquiteto modernista. A palavra &#8220;Barcelona&#8221; est\u00e1 elegantemente impressa na parte superior, acrescentando um toque de autenticidade a este artigo.<\/p>\n<p>Este produto n\u00e3o s\u00f3 \u00e9 funcional, como tamb\u00e9m atua como uma recorda\u00e7\u00e3o significativa da cultura catal\u00e3, ideal para quem deseja levar uma pe\u00e7a da hist\u00f3ria da cidade. Sendo uma lembran\u00e7a representativa de Barcelona, o seu design \u00fanico torna-o uma excelente op\u00e7\u00e3o para turistas em busca de recorda\u00e7\u00f5es de alta qualidade. Na Ol\u00e9 Mosaic, especializamo-nos na distribui\u00e7\u00e3o deste tipo de lembran\u00e7as por grosso, garantindo produtos aut\u00eanticos que celebram a rica heran\u00e7a cultural de Espanha. Com esta base de copos de cer\u00e2mica, n\u00e3o estar\u00e1 apenas a oferecer um artigo est\u00e9tico, mas tamb\u00e9m uma liga\u00e7\u00e3o tang\u00edvel com a vibrante vida de Barcelona.<\/p>\n","protected":false},"excerpt":{"rendered":"<p>Base de copos de cer\u00e2mica decorada com um vibrante design de drag\u00e3o, t\u00edpico de Barcelona. Este artigo apresenta uma t\u00e9cnica de mosaico que combina cores vivas, como o vermelho, o azul e o verde, sobre um fundo azul claro, evocando a famosa arquitetura de Gaud\u00ed. A palavra &#8220;Barcelona&#8221; est\u00e1 elegantemente impressa na parte superior, o que torna esta base de copos uma pe\u00e7a ideal para recordar a ess\u00eancia da cidade em cada gole.<\/p>\n","protected":false},"featured_media":8677,"template":"","meta":{"_acf_changed":false},"product_brand":[],"product_cat":[818],"product_tag":[515],"class_list":{"0":"post-34361","1":"product","2":"type-product","3":"status-publish","4":"has-post-thumbnail","6":"product_cat-bases-de-copos","7":"product_tag-ceramica","8":"pa_ciudad-barcelona","9":"pa_motivo-dragao","10":"pa_pais-espana","12":"first","13":"instock","14":"shipping-taxable","15":"product-type-simple"},"acf":[],"_links":{"self":[{"href":"https:\/\/olemosaic.com\/pt-pt\/wp-json\/wp\/v2\/product\/34361","targetHints":{"allow":["GET"]}}],"collection":[{"href":"https:\/\/olemosaic.com\/pt-pt\/wp-json\/wp\/v2\/product"}],"about":[{"href":"https:\/\/olemosaic.com\/pt-pt\/wp-json\/wp\/v2\/types\/product"}],"wp:featuredmedia":[{"embeddable":true,"href":"https:\/\/olemosaic.com\/pt-pt\/wp-json\/wp\/v2\/media\/8677"}],"wp:attachment":[{"href":"https:\/\/olemosaic.com\/pt-pt\/wp-json\/wp\/v2\/media?parent=34361"}],"wp:term":[{"taxonomy":"product_brand","embeddable":true,"href":"https:\/\/olemosaic.com\/pt-pt\/wp-json\/wp\/v2\/product_brand?post=34361"},{"taxonomy":"product_cat","embeddable":true,"href":"https:\/\/olemosaic.com\/pt-pt\/wp-json\/wp\/v2\/product_cat?post=34361"},{"taxonomy":"product_tag","embeddable":true,"href":"https:\/\/olemosaic.com\/pt-pt\/wp-json\/wp\/v2\/product_tag?post=34361"}],"curies":[{"name":"wp","href":"https:\/\/api.w.org\/{rel}","templated":true}]}}