{"id":34360,"date":"2025-02-20T23:34:12","date_gmt":"2025-02-20T22:34:12","guid":{"rendered":"http:\/\/olemosaic.com\/producto\/posavasos-de-ceramica-caballito-de-mar-mallorca\/"},"modified":"2025-07-25T18:48:39","modified_gmt":"2025-07-25T16:48:39","slug":"base-de-copos-de-ceramica-cavalo-marinho-maiorca","status":"publish","type":"product","link":"https:\/\/olemosaic.com\/pt-pt\/produto\/base-de-copos-de-ceramica-cavalo-marinho-maiorca\/","title":{"rendered":"Base de copos de cer\u00e2mica. Cavalo-marinho. Maiorca."},"content":{"rendered":"<p>Esta base de copos de cer\u00e2mica, decorada com um vibrante cavalo-marinho, \u00e9 uma aut\u00eantica representa\u00e7\u00e3o da ess\u00eancia de Maiorca. O seu design colorido destaca-se em tons azuis e verdes, evocando a frescura e beleza do mar Mediterr\u00e2neo, enquanto o fundo de mosaico branco confere eleg\u00e2ncia e estilo. O contorno vermelho emoldura na perfei\u00e7\u00e3o a ilustra\u00e7\u00e3o central, que mostra um cavalo-marinho estilizado, s\u00edmbolo da riqueza marinha da ilha. Al\u00e9m disso, inclui uma encantadora estrela-do-mar e outros detalhes aqu\u00e1ticos pintados \u00e0 m\u00e3o com esmero, garantindo um acabamento artesanal de alta qualidade.<\/p>\n<p>A palavra &#8220;MALLORCA&#8221; destaca-se na parte inferior, oferecendo um toque distintivo que recorda aos visitantes a beleza \u00fanica deste destino tur\u00edstico. Esta base de copos n\u00e3o \u00e9 apenas uma pe\u00e7a decorativa, mas tamb\u00e9m uma recorda\u00e7\u00e3o da liga\u00e7\u00e3o cultural da ilha com o mar, um elemento central na vida dos seus habitantes. Na Ol\u00e9 Mosaic, orgulhamo-nos de distribuir lembran\u00e7as aut\u00eanticas de Maiorca, perfeitas para turistas que procuram levar um peda\u00e7o do Mediterr\u00e2neo para casa. Oferecemos bases de copos de cer\u00e2mica e outros produtos representativos que refletem a tradi\u00e7\u00e3o e a arte local, ideais para lojas de presentes tur\u00edsticos em busca de artigos de qualidade e significado cultural.<\/p>\n","protected":false},"excerpt":{"rendered":"<p>Base de copos de cer\u00e2mica decorada com um vibrante cavalo-marinho, s\u00edmbolo de Maiorca. Esta atraente base de copos apresenta um design colorido em tons azuis e verdes, sobre um fundo em mosaico branco, real\u00e7ado por um contorno vermelho. Inclui, al\u00e9m disso, uma estrela-do-mar e detalhes aqu\u00e1ticos, tudo num design artesanal, pintado \u00e0 m\u00e3o, com mimo. Na parte inferior, a palavra &#8220;MALLORCA&#8221; acrescenta um toque distintivo que evoca a beleza do mar Mediterr\u00e2neo.<\/p>\n","protected":false},"featured_media":8961,"template":"","meta":{"_acf_changed":false},"product_brand":[],"product_cat":[818],"product_tag":[516,515],"class_list":{"0":"post-34360","1":"product","2":"type-product","3":"status-publish","4":"has-post-thumbnail","6":"product_cat-bases-de-copos","7":"product_tag-animais","8":"product_tag-ceramica","9":"pa_ciudad-mallorca","10":"pa_motivo-cavalos-marinhos","11":"pa_pais-espana","13":"first","14":"instock","15":"shipping-taxable","16":"product-type-simple"},"acf":[],"_links":{"self":[{"href":"https:\/\/olemosaic.com\/pt-pt\/wp-json\/wp\/v2\/product\/34360","targetHints":{"allow":["GET"]}}],"collection":[{"href":"https:\/\/olemosaic.com\/pt-pt\/wp-json\/wp\/v2\/product"}],"about":[{"href":"https:\/\/olemosaic.com\/pt-pt\/wp-json\/wp\/v2\/types\/product"}],"wp:featuredmedia":[{"embeddable":true,"href":"https:\/\/olemosaic.com\/pt-pt\/wp-json\/wp\/v2\/media\/8961"}],"wp:attachment":[{"href":"https:\/\/olemosaic.com\/pt-pt\/wp-json\/wp\/v2\/media?parent=34360"}],"wp:term":[{"taxonomy":"product_brand","embeddable":true,"href":"https:\/\/olemosaic.com\/pt-pt\/wp-json\/wp\/v2\/product_brand?post=34360"},{"taxonomy":"product_cat","embeddable":true,"href":"https:\/\/olemosaic.com\/pt-pt\/wp-json\/wp\/v2\/product_cat?post=34360"},{"taxonomy":"product_tag","embeddable":true,"href":"https:\/\/olemosaic.com\/pt-pt\/wp-json\/wp\/v2\/product_tag?post=34360"}],"curies":[{"name":"wp","href":"https:\/\/api.w.org\/{rel}","templated":true}]}}