{"id":34359,"date":"2025-02-20T23:34:12","date_gmt":"2025-02-20T22:34:12","guid":{"rendered":"http:\/\/olemosaic.com\/producto\/posavasos-de-ceramica-gallo\/"},"modified":"2025-07-25T19:33:36","modified_gmt":"2025-07-25T17:33:36","slug":"base-de-copos-de-ceramica-galo","status":"publish","type":"product","link":"https:\/\/olemosaic.com\/pt-pt\/produto\/base-de-copos-de-ceramica-galo\/","title":{"rendered":"Base de copos de cer\u00e2mica. Galo."},"content":{"rendered":"<p>Esta base de copos de cer\u00e2mica decorada com um galo \u00e9 uma aut\u00eantica representa\u00e7\u00e3o do folclore espanhol, ideal para quem procura uma recorda\u00e7\u00e3o que encapsule a ess\u00eancia da cultura ib\u00e9rica. Com um design pintado \u00e0 m\u00e3o, a base de copos apresenta um galo vibrante em tons pretos, vermelhos e amarelos, que se destaca pela sua ilustra\u00e7\u00e3o detalhada e pelo seu car\u00e1cter festivo. O galo, s\u00edmbolo de boa sorte e alegria na tradi\u00e7\u00e3o espanhola, est\u00e1 rodeado de delicados motivos florais e cora\u00e7\u00f5es sobre um fundo branco, que acrescentam um toque de cor e originalidade a qualquer mesa.<\/p>\n<p>Este artigo n\u00e3o s\u00f3 \u00e9 funcional, protegendo as superf\u00edcies das bebidas, como tamb\u00e9m atua como um chamativo elemento decorativo. O artesanato por tr\u00e1s da sua cria\u00e7\u00e3o real\u00e7a o valor da cer\u00e2mica artesanal espanhola, tornando esta base de copos uma recorda\u00e7\u00e3o aut\u00eantica e significativa da sua visita. Na Ol\u00e9 Mosaic, como grossista de artigos de cer\u00e2mica, oferecemos produtos \u00fanicos que refletem a riqueza cultural do pa\u00eds. Esta base de copos de galo \u00e9 uma excelente op\u00e7\u00e3o para lojas de presentes tur\u00edsticos que desejem oferecer aos seus clientes uma recorda\u00e7\u00e3o com car\u00e1cter e tradi\u00e7\u00e3o. Um presente perfeito para quem quer levar um pedacinho de Espanha para casa.<\/p>\n","protected":false},"excerpt":{"rendered":"<p>Base de copos de cer\u00e2mica decorada com um galo, s\u00edmbolo tradicional da cultura espanhola. Esta atraente e colorida base de copos apresenta um design artesanal, pintado \u00e0 m\u00e3o, onde se destaca o galo em tons pretos, vermelhos e amarelos, rodeado de motivos florais e cora\u00e7\u00f5es sobre um fundo branco. Ideal para conferir um toque art\u00edstico e festivo a qualquer mesa, este artigo \u00e9 perfeito para os amantes do folclore espanhol e da cer\u00e2mica artesanal.<\/p>\n","protected":false},"featured_media":8931,"template":"","meta":{"_acf_changed":false},"product_brand":[],"product_cat":[818],"product_tag":[516,515],"class_list":{"0":"post-34359","1":"product","2":"type-product","3":"status-publish","4":"has-post-thumbnail","6":"product_cat-bases-de-copos","7":"product_tag-animais","8":"product_tag-ceramica","9":"pa_motivo-galos","11":"first","12":"instock","13":"shipping-taxable","14":"product-type-simple"},"acf":[],"_links":{"self":[{"href":"https:\/\/olemosaic.com\/pt-pt\/wp-json\/wp\/v2\/product\/34359","targetHints":{"allow":["GET"]}}],"collection":[{"href":"https:\/\/olemosaic.com\/pt-pt\/wp-json\/wp\/v2\/product"}],"about":[{"href":"https:\/\/olemosaic.com\/pt-pt\/wp-json\/wp\/v2\/types\/product"}],"wp:featuredmedia":[{"embeddable":true,"href":"https:\/\/olemosaic.com\/pt-pt\/wp-json\/wp\/v2\/media\/8931"}],"wp:attachment":[{"href":"https:\/\/olemosaic.com\/pt-pt\/wp-json\/wp\/v2\/media?parent=34359"}],"wp:term":[{"taxonomy":"product_brand","embeddable":true,"href":"https:\/\/olemosaic.com\/pt-pt\/wp-json\/wp\/v2\/product_brand?post=34359"},{"taxonomy":"product_cat","embeddable":true,"href":"https:\/\/olemosaic.com\/pt-pt\/wp-json\/wp\/v2\/product_cat?post=34359"},{"taxonomy":"product_tag","embeddable":true,"href":"https:\/\/olemosaic.com\/pt-pt\/wp-json\/wp\/v2\/product_tag?post=34359"}],"curies":[{"name":"wp","href":"https:\/\/api.w.org\/{rel}","templated":true}]}}