{"id":34334,"date":"2025-02-20T23:34:09","date_gmt":"2025-02-20T22:34:09","guid":{"rendered":"http:\/\/olemosaic.com\/producto\/posavasos-de-ceramica-mosaico\/"},"modified":"2025-07-25T18:48:41","modified_gmt":"2025-07-25T16:48:41","slug":"base-de-copos-de-ceramica-mosaico","status":"publish","type":"product","link":"https:\/\/olemosaic.com\/pt-pt\/produto\/base-de-copos-de-ceramica-mosaico\/","title":{"rendered":"Base de copos de cer\u00e2mica. Mosaico."},"content":{"rendered":"<p>Esta base de copos de cer\u00e2mica com design de mosaico \u00e9 uma aut\u00eantica joia que evoca a rica tradi\u00e7\u00e3o decorativa da pen\u00ednsula ib\u00e9rica. Fabricada com cer\u00e2mica de alta qualidade, a sua superf\u00edcie brilhante e suave apresenta uma vibrante combina\u00e7\u00e3o de cores, incluindo azuis intensos, vermelhos ardentes, amarelos luminosos e verdes frescos, dispostos em intrincados padr\u00f5es geom\u00e9tricos que recordam a famosa arte da azulejaria. Cada padr\u00e3o conta com detalhes finamente elaborados que capturam a ess\u00eancia da cultura espanhola, transformando cada pe\u00e7a numa aut\u00eantica obra de arte.<\/p>\n<p>Ideal tanto para o uso di\u00e1rio como para ocasi\u00f5es especiais, esta base de copos n\u00e3o s\u00f3 protege as superf\u00edcies de queimaduras ou manchas, como tamb\u00e9m confere um toque de eleg\u00e2ncia e alegria a qualquer mesa. O seu design muito especial torna-a uma excelente recorda\u00e7\u00e3o da pen\u00ednsula, perfeita para turistas que desejam levar um pedacinho da rica heran\u00e7a cultural de Espanha.<\/p>\n<p>Na Ol\u00e9 Mosaic, especialistas na distribui\u00e7\u00e3o de souvenirs por grosso, oferecemos esta base de copos de cer\u00e2mica como parte da nossa exclusiva cole\u00e7\u00e3o de artigos representativos. \u00c9 uma op\u00e7\u00e3o ideal para lojas de presentes tur\u00edsticos que procuram produtos aut\u00eanticos e funcionais. Adicione esta base de copos ao seu estabelecimento e ofere\u00e7a aos seus clientes uma recorda\u00e7\u00e3o \u00fanica que celebra a tradi\u00e7\u00e3o espanhola.<\/p>\n","protected":false},"excerpt":{"rendered":"<p>Base de copos de cer\u00e2mica com um design de mosaico que evoca a rica tradi\u00e7\u00e3o decorativa da pen\u00ednsula ib\u00e9rica. Esta base de copos apresenta uma vibrante variedade de cores, como azuis, vermelhos, amarelos e verdes, dispostos em intrincados padr\u00f5es geom\u00e9tricos, t\u00edpicos da arte da azulejaria. Ideal para adicionar um toque cultural a qualquer mesa, a sua resist\u00eancia e beleza tornam-na um acess\u00f3rio funcional e est\u00e9tico para a casa.<\/p>\n","protected":false},"featured_media":8773,"template":"","meta":{"_acf_changed":false},"product_brand":[],"product_cat":[818],"product_tag":[515],"class_list":{"0":"post-34334","1":"product","2":"type-product","3":"status-publish","4":"has-post-thumbnail","6":"product_cat-bases-de-copos","7":"product_tag-ceramica","8":"pa_motivo-mosaico","10":"first","11":"instock","12":"shipping-taxable","13":"product-type-simple"},"acf":[],"_links":{"self":[{"href":"https:\/\/olemosaic.com\/pt-pt\/wp-json\/wp\/v2\/product\/34334","targetHints":{"allow":["GET"]}}],"collection":[{"href":"https:\/\/olemosaic.com\/pt-pt\/wp-json\/wp\/v2\/product"}],"about":[{"href":"https:\/\/olemosaic.com\/pt-pt\/wp-json\/wp\/v2\/types\/product"}],"wp:featuredmedia":[{"embeddable":true,"href":"https:\/\/olemosaic.com\/pt-pt\/wp-json\/wp\/v2\/media\/8773"}],"wp:attachment":[{"href":"https:\/\/olemosaic.com\/pt-pt\/wp-json\/wp\/v2\/media?parent=34334"}],"wp:term":[{"taxonomy":"product_brand","embeddable":true,"href":"https:\/\/olemosaic.com\/pt-pt\/wp-json\/wp\/v2\/product_brand?post=34334"},{"taxonomy":"product_cat","embeddable":true,"href":"https:\/\/olemosaic.com\/pt-pt\/wp-json\/wp\/v2\/product_cat?post=34334"},{"taxonomy":"product_tag","embeddable":true,"href":"https:\/\/olemosaic.com\/pt-pt\/wp-json\/wp\/v2\/product_tag?post=34334"}],"curies":[{"name":"wp","href":"https:\/\/api.w.org\/{rel}","templated":true}]}}