{"id":34333,"date":"2025-02-20T22:34:09","date_gmt":"2025-02-20T22:34:09","guid":{"rendered":"http:\/\/olemosaic.com\/producto\/portavelas-de-ceramica-flores-barcelona-blanco\/"},"modified":"2025-07-25T18:41:00","modified_gmt":"2025-07-25T16:41:00","slug":"porta-velas-de-ceramica-flores-barcelona-branco","status":"publish","type":"product","link":"https:\/\/olemosaic.com\/pt-pt\/produto\/porta-velas-de-ceramica-flores-barcelona-branco\/","title":{"rendered":"Porta-velas de cer\u00e2mica. Flores. Barcelona. Branco."},"content":{"rendered":"<p>Este porta-velas de cer\u00e2mica, decorado com motivos florais vibrantes, \u00e9 uma homenagem ao famoso mosaico barcelon\u00eas, que confere um toque art\u00edstico e moderno a qualquer espa\u00e7o. O seu design apresenta um fundo branco que real\u00e7a maravilhosamente as cores vermelho, amarelo, azul e preto, criando uma explos\u00e3o de cor que atrai o olhar. As flores, estilizadas num padr\u00e3o que recorda os ic\u00f3nicos mosaicos da cidade, evocam o esp\u00edrito criativo de Barcelona e a sua riqueza art\u00edstica. O porta-velas inclui um espa\u00e7o para uma vela pequena, o que o torna um elemento decorativo vers\u00e1til que pode ser utilizado em qualquer canto da casa, desde a mesa de jantar at\u00e9 \u00e0 prateleira.<\/p>\n<p>A liga\u00e7\u00e3o cultural deste porta-velas com Barcelona torna-o um souvenir ideal para aqueles que desejam levar um peda\u00e7o da cidade, famosa pela sua arquitetura \u00fanica e pela sua vibrante cena art\u00edstica. Como pe\u00e7a aut\u00eantica, este porta-velas n\u00e3o s\u00f3 cumpre uma fun\u00e7\u00e3o decorativa, como tamb\u00e9m serve como uma recorda\u00e7\u00e3o significativa de uma viagem inesquec\u00edvel. Na Ol\u00e9 Mosaic, especializamo-nos na distribui\u00e7\u00e3o de souvenirs de cer\u00e2mica de alta qualidade por grosso, oferecendo produtos que refletem a ess\u00eancia das cidades e regi\u00f5es espanholas. Este porta-velas \u00e9 uma excelente escolha para lojas de presentes tur\u00edsticos que procuram autenticidade e valor cultural na sua oferta de souvenirs.<\/p>\n","protected":false},"excerpt":{"rendered":"<p>Porta-velas de cer\u00e2mica decorado com vibrantes motivos florais, inspirado no famoso mosaico de Barcelona. Este elegante porta-velas apresenta um design moderno em vermelho, amarelo, azul e preto, com um acabamento branco que real\u00e7a o seu apelo visual. Perfeito para conferir calor e um toque art\u00edstico a qualquer espa\u00e7o, este artigo inclui um espa\u00e7o para uma vela pequena, tornando-o um elemento decorativo vers\u00e1til para a casa.<\/p>\n","protected":false},"featured_media":9076,"template":"","meta":{"_acf_changed":false},"product_brand":[],"product_cat":[811],"product_tag":[515],"class_list":{"0":"post-34333","1":"product","2":"type-product","3":"status-publish","4":"has-post-thumbnail","6":"product_cat-porta-velas","7":"product_tag-ceramica","8":"pa_ciudad-barcelona","9":"pa_motivo-flores","10":"pa_pais-espana","12":"first","13":"instock","14":"shipping-taxable","15":"product-type-simple"},"acf":[],"_links":{"self":[{"href":"https:\/\/olemosaic.com\/pt-pt\/wp-json\/wp\/v2\/product\/34333","targetHints":{"allow":["GET"]}}],"collection":[{"href":"https:\/\/olemosaic.com\/pt-pt\/wp-json\/wp\/v2\/product"}],"about":[{"href":"https:\/\/olemosaic.com\/pt-pt\/wp-json\/wp\/v2\/types\/product"}],"wp:featuredmedia":[{"embeddable":true,"href":"https:\/\/olemosaic.com\/pt-pt\/wp-json\/wp\/v2\/media\/9076"}],"wp:attachment":[{"href":"https:\/\/olemosaic.com\/pt-pt\/wp-json\/wp\/v2\/media?parent=34333"}],"wp:term":[{"taxonomy":"product_brand","embeddable":true,"href":"https:\/\/olemosaic.com\/pt-pt\/wp-json\/wp\/v2\/product_brand?post=34333"},{"taxonomy":"product_cat","embeddable":true,"href":"https:\/\/olemosaic.com\/pt-pt\/wp-json\/wp\/v2\/product_cat?post=34333"},{"taxonomy":"product_tag","embeddable":true,"href":"https:\/\/olemosaic.com\/pt-pt\/wp-json\/wp\/v2\/product_tag?post=34333"}],"curies":[{"name":"wp","href":"https:\/\/api.w.org\/{rel}","templated":true}]}}