{"id":34332,"date":"2025-02-20T22:34:08","date_gmt":"2025-02-20T22:34:08","guid":{"rendered":"http:\/\/olemosaic.com\/producto\/portavelas-de-ceramica-salamandra-y-flores-blanco\/"},"modified":"2025-07-25T18:38:23","modified_gmt":"2025-07-25T16:38:23","slug":"porta-velas-de-ceramica-salamandra-e-flores-branco","status":"publish","type":"product","link":"https:\/\/olemosaic.com\/pt-pt\/produto\/porta-velas-de-ceramica-salamandra-e-flores-branco\/","title":{"rendered":"Porta-velas de cer\u00e2mica. Salamandra e flores. Branco."},"content":{"rendered":"<p>Este porta-velas de cer\u00e2mica \u00e9 uma pe\u00e7a decorativa vibrante que encarna a ess\u00eancia do folclore mediterr\u00e2nico. O seu design colorido apresenta uma salamandra encantadora rodeada de flores, criando uma atmosfera alegre e acolhedora. O porta-velas, de um elegante cor branca, torna-se a tela perfeita para os detalhes em mosaico que adornam a sua superf\u00edcie, destacando tons brilhantes de amarelo, vermelho, azul e verde que conferem um toque de frescura e vitalidade a qualquer espa\u00e7o. Cada flor e cada detalhe do mosaico s\u00e3o meticulosamente elaborados, refletindo a rica tradi\u00e7\u00e3o cultural da regi\u00e3o mediterr\u00e2nica, onde a cer\u00e2mica \u00e9 uma arte apreciada e celebrada.<\/p>\n<p>Este porta-velas n\u00e3o s\u00f3 cumpre a fun\u00e7\u00e3o de segurar uma vela, como tamb\u00e9m atua como uma bela pe\u00e7a decorativa que pode iluminar e dar vida a mesas, prateleiras ou qualquer canto da casa. Ideal como recorda\u00e7\u00e3o, este porta-velas de cer\u00e2mica torna-se um souvenir aut\u00eantico que captura a ess\u00eancia de uma regi\u00e3o rica em cultura e tradi\u00e7\u00e3o. Na Ol\u00e9 Mosaic, orgulhamo-nos de oferecer recorda\u00e7\u00f5es de cer\u00e2mica de alta qualidade, perfeitas para turistas que procuram souvenirs que representem a autenticidade e a arte artesanal. Este porta-velas \u00e9 uma excelente op\u00e7\u00e3o para lojas de presentes que desejem ampliar a sua oferta com produtos aut\u00eanticos e representativos do patrim\u00f3nio mediterr\u00e2nico.<\/p>\n","protected":false},"excerpt":{"rendered":"<p>Porta-velas de cer\u00e2mica com um design colorido que apresenta uma salamandra e flores, ideal para dar um toque vibrante a qualquer espa\u00e7o. Este elegante porta-velas branco est\u00e1 adornado com detalhes de mosaico em tons de amarelo, vermelho, azul e verde, representando elementos t\u00edpicos do folclore mediterr\u00e2nico. Perfeito para criar um ambiente acolhedor, \u00e9 uma pe\u00e7a artesanal que reflete a rica cultura da regi\u00e3o.<\/p>\n","protected":false},"featured_media":8358,"template":"","meta":{"_acf_changed":false},"product_brand":[],"product_cat":[811],"product_tag":[516,515],"class_list":{"0":"post-34332","1":"product","2":"type-product","3":"status-publish","4":"has-post-thumbnail","6":"product_cat-porta-velas","7":"product_tag-animais","8":"product_tag-ceramica","9":"pa_motivo-salamandras","11":"first","12":"instock","13":"shipping-taxable","14":"product-type-simple"},"acf":[],"_links":{"self":[{"href":"https:\/\/olemosaic.com\/pt-pt\/wp-json\/wp\/v2\/product\/34332","targetHints":{"allow":["GET"]}}],"collection":[{"href":"https:\/\/olemosaic.com\/pt-pt\/wp-json\/wp\/v2\/product"}],"about":[{"href":"https:\/\/olemosaic.com\/pt-pt\/wp-json\/wp\/v2\/types\/product"}],"wp:featuredmedia":[{"embeddable":true,"href":"https:\/\/olemosaic.com\/pt-pt\/wp-json\/wp\/v2\/media\/8358"}],"wp:attachment":[{"href":"https:\/\/olemosaic.com\/pt-pt\/wp-json\/wp\/v2\/media?parent=34332"}],"wp:term":[{"taxonomy":"product_brand","embeddable":true,"href":"https:\/\/olemosaic.com\/pt-pt\/wp-json\/wp\/v2\/product_brand?post=34332"},{"taxonomy":"product_cat","embeddable":true,"href":"https:\/\/olemosaic.com\/pt-pt\/wp-json\/wp\/v2\/product_cat?post=34332"},{"taxonomy":"product_tag","embeddable":true,"href":"https:\/\/olemosaic.com\/pt-pt\/wp-json\/wp\/v2\/product_tag?post=34332"}],"curies":[{"name":"wp","href":"https:\/\/api.w.org\/{rel}","templated":true}]}}