{"id":34301,"date":"2025-02-20T23:34:08","date_gmt":"2025-02-20T22:34:08","guid":{"rendered":"http:\/\/olemosaic.com\/producto\/portavelas-de-ceramica-flores-blanco\/"},"modified":"2025-07-25T20:10:05","modified_gmt":"2025-07-25T18:10:05","slug":"suporte-velas-ceramica-flores-branco","status":"publish","type":"product","link":"https:\/\/olemosaic.com\/pt-pt\/produto\/suporte-velas-ceramica-flores-branco\/","title":{"rendered":"Suporte para velas de cer\u00e2mica. Flores. Branco."},"content":{"rendered":"<p>Este suporte para velas de cer\u00e2mica \u00e9 uma vibrante pe\u00e7a artesanal que transforma qualquer canto num espa\u00e7o cheio de alegria. Decorado com um mosaico de flores multicoloridas, este design destaca-se pela sua explos\u00e3o de cor, com p\u00e9talas em tons intensos de vermelho, amarelo e azul, sobre uma base branca que real\u00e7a a sua luminosidade e beleza. Cada elemento foi cuidadosamente elaborado de forma artesanal, o que garante que cada suporte para velas \u00e9 uma pe\u00e7a \u00fanica que combina arte e funcionalidade, perfeita para embelezar mesas e recantos de lares com inspira\u00e7\u00e3o mediterr\u00e2nica.<\/p>\n<p>O mosaico floral n\u00e3o s\u00f3 confere um toque alegre, como tamb\u00e9m presta homenagem \u00e0 rica tradi\u00e7\u00e3o cer\u00e2mica do sul da Europa, representando o amor pela natureza e a cor na cultura mediterr\u00e2nica. Este suporte para velas \u00e9 ideal para quem procura uma lembran\u00e7a aut\u00eantica que evoque o calor e a beleza de regi\u00f5es como a Andaluzia ou Portugal. Na Ol\u00e9 Mosaic, como distribuidores de produtos de cer\u00e2mica por grosso, oferecemos este suporte para velas como uma op\u00e7\u00e3o excecional para lojas de presentes tur\u00edsticos que desejem oferecer aos seus clientes uma recorda\u00e7\u00e3o \u00fanica e representativa da cultura local. Sem d\u00favida, \u00e9 uma escolha acertada para quem procura lembran\u00e7as de cer\u00e2mica que reflitam a alegria e a arte da tradi\u00e7\u00e3o mediterr\u00e2nea.<\/p>\n","protected":false},"excerpt":{"rendered":"<p>Suporte para velas de cer\u00e2mica decorado com um vibrante mosaico de flores multicoloridas, ideal para dar um toque alegre a qualquer espa\u00e7o. Este design apresenta p\u00e9talas em tons vermelhos, amarelos, azuis e pretos, sobre uma base branca que real\u00e7a a sua luminosidade. Fabricado \u00e0 m\u00e3o, este suporte para velas combina arte e funcionalidade, sendo perfeito para iluminar e embelezar mesas e recantos em lares inspirados na cultura mediterr\u00e2nica.<\/p>\n","protected":false},"featured_media":9019,"template":"","meta":{"_acf_changed":false},"product_brand":[],"product_cat":[811],"product_tag":[515],"class_list":{"0":"post-34301","1":"product","2":"type-product","3":"status-publish","4":"has-post-thumbnail","6":"product_cat-porta-velas","7":"product_tag-ceramica","8":"pa_motivo-flores","10":"first","11":"instock","12":"shipping-taxable","13":"product-type-simple"},"acf":[],"_links":{"self":[{"href":"https:\/\/olemosaic.com\/pt-pt\/wp-json\/wp\/v2\/product\/34301","targetHints":{"allow":["GET"]}}],"collection":[{"href":"https:\/\/olemosaic.com\/pt-pt\/wp-json\/wp\/v2\/product"}],"about":[{"href":"https:\/\/olemosaic.com\/pt-pt\/wp-json\/wp\/v2\/types\/product"}],"wp:featuredmedia":[{"embeddable":true,"href":"https:\/\/olemosaic.com\/pt-pt\/wp-json\/wp\/v2\/media\/9019"}],"wp:attachment":[{"href":"https:\/\/olemosaic.com\/pt-pt\/wp-json\/wp\/v2\/media?parent=34301"}],"wp:term":[{"taxonomy":"product_brand","embeddable":true,"href":"https:\/\/olemosaic.com\/pt-pt\/wp-json\/wp\/v2\/product_brand?post=34301"},{"taxonomy":"product_cat","embeddable":true,"href":"https:\/\/olemosaic.com\/pt-pt\/wp-json\/wp\/v2\/product_cat?post=34301"},{"taxonomy":"product_tag","embeddable":true,"href":"https:\/\/olemosaic.com\/pt-pt\/wp-json\/wp\/v2\/product_tag?post=34301"}],"curies":[{"name":"wp","href":"https:\/\/api.w.org\/{rel}","templated":true}]}}