{"id":34300,"date":"2025-02-20T22:34:08","date_gmt":"2025-02-20T22:34:08","guid":{"rendered":"http:\/\/olemosaic.com\/producto\/portavelas-de-ceramica-salamandra-y-flores-barcelona-blanco\/"},"modified":"2025-07-25T19:15:43","modified_gmt":"2025-07-25T17:15:43","slug":"suporte-velas-ceramica-salamandra-flores-barcelona-branco","status":"publish","type":"product","link":"https:\/\/olemosaic.com\/pt-pt\/produto\/suporte-velas-ceramica-salamandra-flores-barcelona-branco\/","title":{"rendered":"Suporte para velas de cer\u00e2mica. Salamandra e flores. Barcelona. Branco."},"content":{"rendered":"<p>Este suporte para velas de cer\u00e2mica \u00e9 uma preciosa pe\u00e7a decorativa inspirada na obra do ic\u00f3nico arquiteto Antoni Gaud\u00ed, que representa a vibrante ess\u00eancia de Barcelona. Com um acabamento branco brilhante, destaca-se pelo seu design intrincado, que incorpora uma salamandra, s\u00edmbolo emblem\u00e1tico da cidade, rodeada de flores coloridas t\u00edpicas da regi\u00e3o. Os detalhes em mosaico, com tons chamativos como amarelo, vermelho e azul, evocam a criatividade e o estilo \u00fanico de Gaud\u00ed, conferindo um toque de cor e alegria a qualquer espa\u00e7o.<\/p>\n<p>O suporte para velas foi desenhado para iluminar de forma harm\u00f3nica, criando um ambiente quente e acolhedor, ideal tanto para interiores como para exteriores. A palavra &#8220;Barcelona&#8221; est\u00e1 elegantemente inscrita, tornando esta pe\u00e7a uma recorda\u00e7\u00e3o memor\u00e1vel e representativa da cidade condal. Os elementos floral e a salamandra n\u00e3o s\u00e3o apenas esteticamente atraentes, mas tamb\u00e9m refletem a rica biodiversidade e o patrim\u00f3nio cultural de Barcelona.<\/p>\n<p>Na Ol\u00e9 Mosaic, somos especialistas na distribui\u00e7\u00e3o de lembran\u00e7as por grosso, oferecendo produtos aut\u00eanticos que captam a ess\u00eancia de cada regi\u00e3o. Este suporte para velas de cer\u00e2mica \u00e9 uma excelente op\u00e7\u00e3o para lojas de presentes tur\u00edsticos que procuram lembran\u00e7as de Barcelona \u00fanicas e de qualidade. Sem d\u00favida, um artigo que se destaca pela sua autenticidade e relev\u00e2ncia cultural.<\/p>\n","protected":false},"excerpt":{"rendered":"<p>Suporte para velas de cer\u00e2mica com um design colorido, inspirado na obra de Gaud\u00ed. Representa uma salamandra e flores t\u00edpicas de Barcelona. Este suporte para velas, de acabamento branco, conta com detalhes em mosaico em tons brilhantes como amarelo, vermelho e azul, o que confere um toque vibrante a qualquer espa\u00e7o. A palavra &#8220;Barcelona&#8221; est\u00e1 inscrita de forma elegante, tornando-o uma lembran\u00e7a perfeita da cidade condal. Ideal para iluminar e decorar com estilo.<\/p>\n","protected":false},"featured_media":8083,"template":"","meta":{"_acf_changed":false},"product_brand":[],"product_cat":[811],"product_tag":[516,515],"class_list":{"0":"post-34300","1":"product","2":"type-product","3":"status-publish","4":"has-post-thumbnail","6":"product_cat-porta-velas","7":"product_tag-animais","8":"product_tag-ceramica","9":"pa_ciudad-barcelona","10":"pa_motivo-salamandras","11":"pa_pais-espana","13":"first","14":"instock","15":"shipping-taxable","16":"product-type-simple"},"acf":[],"_links":{"self":[{"href":"https:\/\/olemosaic.com\/pt-pt\/wp-json\/wp\/v2\/product\/34300","targetHints":{"allow":["GET"]}}],"collection":[{"href":"https:\/\/olemosaic.com\/pt-pt\/wp-json\/wp\/v2\/product"}],"about":[{"href":"https:\/\/olemosaic.com\/pt-pt\/wp-json\/wp\/v2\/types\/product"}],"wp:featuredmedia":[{"embeddable":true,"href":"https:\/\/olemosaic.com\/pt-pt\/wp-json\/wp\/v2\/media\/8083"}],"wp:attachment":[{"href":"https:\/\/olemosaic.com\/pt-pt\/wp-json\/wp\/v2\/media?parent=34300"}],"wp:term":[{"taxonomy":"product_brand","embeddable":true,"href":"https:\/\/olemosaic.com\/pt-pt\/wp-json\/wp\/v2\/product_brand?post=34300"},{"taxonomy":"product_cat","embeddable":true,"href":"https:\/\/olemosaic.com\/pt-pt\/wp-json\/wp\/v2\/product_cat?post=34300"},{"taxonomy":"product_tag","embeddable":true,"href":"https:\/\/olemosaic.com\/pt-pt\/wp-json\/wp\/v2\/product_tag?post=34300"}],"curies":[{"name":"wp","href":"https:\/\/api.w.org\/{rel}","templated":true}]}}