{"id":34298,"date":"2025-02-20T23:34:08","date_gmt":"2025-02-20T22:34:08","guid":{"rendered":"http:\/\/olemosaic.com\/producto\/portavelas-de-ceramica-patio-blanco-2\/"},"modified":"2025-07-25T20:01:49","modified_gmt":"2025-07-25T18:01:49","slug":"suporte-velas-ceramica-patio-branco-2","status":"publish","type":"product","link":"https:\/\/olemosaic.com\/pt-pt\/produto\/suporte-velas-ceramica-patio-branco-2\/","title":{"rendered":"Suporte para velas de cer\u00e2mica. P\u00e1tio andaluz. Branco."},"content":{"rendered":"<p>Este suporte para velas de cer\u00e2mica decorada evoca a magia de um p\u00e1tio andaluz, tornando-o uma pe\u00e7a ideal para qualquer lar que deseje adicionar um toque cultural e festivo. O seu design quadrado destaca-se por uma ilustra\u00e7\u00e3o vibrante que capta um momento de festa, onde uma bailarina de flamenco, vestida com um deslumbrante vestido vermelho, se move ao ritmo de um guitarrista apaixonado. O ambiente completa-se com vasos que exibem flores vermelhas exuberantes, proporcionando um ar de vida e cor que convida a desfrutar do calor da cultura espanhola.<\/p>\n<p>Com a sua base branca brilhante, este suporte para velas real\u00e7a os delicados detalhes pintados \u00e0 m\u00e3o, incluindo um lampi\u00e3o que complementa a cena, evocando as noites m\u00e1gicas das festas andaluzas. Cada elemento foi cuidadosamente desenhado para transmitir a ess\u00eancia da tradi\u00e7\u00e3o visual do sul de Espanha, tornando-o uma recorda\u00e7\u00e3o aut\u00eantica que capta a experi\u00eancia cultural da regi\u00e3o.<\/p>\n<p>Este suporte para velas n\u00e3o \u00e9 apenas uma op\u00e7\u00e3o decorativa para iluminar momentos especiais, mas tamb\u00e9m uma recorda\u00e7\u00e3o representativa da rica heran\u00e7a cultural da Andaluzia. Na Ol\u00e9 Mosaic, dedicamo-nos a oferecer lembran\u00e7as por grosso que celebrem a autenticidade e a arte da tradi\u00e7\u00e3o espanhola, tornando este suporte para velas uma excelente escolha para lojas de presentes tur\u00edsticos que procuram produtos com significado e qualidade.<\/p>\n","protected":false},"excerpt":{"rendered":"<p>Suporte para velas de cer\u00e2mica decorado, que evoca o encanto de um p\u00e1tio andaluz. O seu design quadrado apresenta uma ilustra\u00e7\u00e3o colorida de um ambiente festivo, com uma bailarina de flamenco vestida de vermelho e um guitarrista. Rodeado de vasos com flores vermelhas e um lampi\u00e3o, este suporte para velas destaca-se pelas suas cores vivas e detalhes pintados \u00e0 m\u00e3o, perfeito para adicionar um toque tradicional a qualquer espa\u00e7o. Ideal para iluminar os seus momentos com estilo.<\/p>\n","protected":false},"featured_media":8421,"template":"","meta":{"_acf_changed":false},"product_brand":[],"product_cat":[811],"product_tag":[515],"class_list":{"0":"post-34298","1":"product","2":"type-product","3":"status-publish","4":"has-post-thumbnail","6":"product_cat-porta-velas","7":"product_tag-ceramica","8":"pa_motivo-patios","10":"first","11":"instock","12":"shipping-taxable","13":"product-type-simple"},"acf":[],"_links":{"self":[{"href":"https:\/\/olemosaic.com\/pt-pt\/wp-json\/wp\/v2\/product\/34298","targetHints":{"allow":["GET"]}}],"collection":[{"href":"https:\/\/olemosaic.com\/pt-pt\/wp-json\/wp\/v2\/product"}],"about":[{"href":"https:\/\/olemosaic.com\/pt-pt\/wp-json\/wp\/v2\/types\/product"}],"wp:featuredmedia":[{"embeddable":true,"href":"https:\/\/olemosaic.com\/pt-pt\/wp-json\/wp\/v2\/media\/8421"}],"wp:attachment":[{"href":"https:\/\/olemosaic.com\/pt-pt\/wp-json\/wp\/v2\/media?parent=34298"}],"wp:term":[{"taxonomy":"product_brand","embeddable":true,"href":"https:\/\/olemosaic.com\/pt-pt\/wp-json\/wp\/v2\/product_brand?post=34298"},{"taxonomy":"product_cat","embeddable":true,"href":"https:\/\/olemosaic.com\/pt-pt\/wp-json\/wp\/v2\/product_cat?post=34298"},{"taxonomy":"product_tag","embeddable":true,"href":"https:\/\/olemosaic.com\/pt-pt\/wp-json\/wp\/v2\/product_tag?post=34298"}],"curies":[{"name":"wp","href":"https:\/\/api.w.org\/{rel}","templated":true}]}}